{"id":9991,"date":"2025-10-28T10:51:41","date_gmt":"2025-10-28T10:51:41","guid":{"rendered":""},"modified":"2026-02-24T07:43:46","modified_gmt":"2026-02-24T06:43:46","slug":"nez-noir-ros-bio-rouvinez-75cl","status":"publish","type":"product","link":"https:\/\/petitecave.ch\/de\/product\/nez-noir-ros-bio-rouvinez-75cl\/","title":{"rendered":"Nez Noir Ros\u00e9 BIO &#8211; Rouvinez 75cl"},"content":{"rendered":"<p><strong>C\u00e9pages :\u00a0<\/strong>Merlot, Syrah et Gamaret<\/p>\n<p><strong>Nez :\u00a0<\/strong>Les parfums de\u00a0baies des bois sauvages comme la framboise et la fraise, d\u00e9licatement enrob\u00e9es de notes exotiques tels que la mangue ou le fruit de la passion<\/p>\n<p><strong>Bouche :\u00a0<\/strong>Remarquable fra\u00eecheur, la texture est d&rsquo;une finesse inou\u00efe et l&rsquo;on retrouve avec bonheur les ar\u00f4mes fruit\u00e9s d\u00e9cel\u00e9s au nez. Un vin d&rsquo;une grande amplitude, suave, sapide et dot\u00e9 d&rsquo;une savoureuse persistance\u00a0<\/p>\n<p><strong>Accompagnement :\u00a0<\/strong>Avec des paupiettes de veau aux \u00e9pices, un magret de canard, un filet mignon de porc en cro\u00fbte,&#8230;\u00a0<\/p>\n<p><strong>Temps de garde :\u00a0<\/strong>2 \u00e0 3 ans<\/p>","protected":false},"excerpt":{"rendered":"<p><strong>Nez Noir Ros\u00e9 &#8211; Famille Rouvinez<\/strong><\/p>\n<p><i>AOC Valais <\/i><strong>&#8211;\u00a0<\/strong><i>BIO en reconversion<\/i><\/p>\n<p>\u00a0<\/p>\n<p><i>Le nom NEZ NOIR est inspir\u00e9 du troupeau de moutons du m\u00eame nom. Entre mi-mars et mi-avril,\u00a0ils les laissent pa\u00eetre dans les vignes. L\u2019entretien du sol se fait ainsi en parfaite harmonie avec la nature. Lorsque la vigne commence \u00e0 pousser, nos moutons se reposent sur une prairie pr\u00e8s de Sierre en attendant de regagner leur terre d\u2019origine dans le Haut-Valais \u00e0 2&rsquo;700 m. d\u2019altitude. C\u2019est face au Cervin qu\u2019ils seront tondus donnant quelques kilos d\u2019une laine de grande qualit\u00e9.\u00a0<\/i><\/p>\n<p><i>Il\u00a0est issu d\u2019une saign\u00e9e du mo\u00fbt utilis\u00e9 pour son pendant rouge. Cette op\u00e9ration consiste \u00e0 soutirer une partie du mo\u00fbt pour concentrer le vin rouge. Le volume soutir\u00e9 est vinifi\u00e9 s\u00e9par\u00e9ment et donne naissance \u00e0 un vin ros\u00e9, frais et fruit\u00e9.<\/i><\/p>\n<p>\u00a0<\/p>\n<p><i><span style=\"text-decoration:underline;\">UNIQUEMENT DISPONIBLE AU MAGASIN DE COLLOMBEY<\/span><\/i><\/p>","protected":false},"featured_media":13446,"comment_status":"open","ping_status":"open","template":"","meta":[],"product_cat":[286,253],"product_tag":[],"class_list":{"0":"post-9991","1":"product","2":"type-product","3":"status-publish","4":"has-post-thumbnail","6":"product_cat-vins-rose","7":"product_cat-vins","8":"pa_color-rose","9":"pa_country-suisse","10":"pa_volume-75-cl","11":"_wholesalex wsx-wholesalex-product","13":"first","14":"instock","15":"taxable","16":"shipping-taxable","17":"purchasable","18":"product-type-simple"},"yoast_head":"<!-- This site is optimized with the Yoast SEO plugin v27.4 - https:\/\/yoast.com\/product\/yoast-seo-wordpress\/ -->\n<title>Nez Noir Ros\u00e9 BIO - Rouvinez 75cl | La Petite Cave du Chablais<\/title>\n<meta name=\"robots\" content=\"index, follow, max-snippet:-1, max-image-preview:large, max-video-preview:-1\" \/>\n<link rel=\"canonical\" href=\"https:\/\/petitecave.ch\/de\/product\/nez-noir-ros-bio-rouvinez-75cl\/\" \/>\n<meta property=\"og:locale\" content=\"de_DE\" \/>\n<meta property=\"og:type\" content=\"article\" \/>\n<meta property=\"og:title\" content=\"Nez Noir Ros\u00e9 BIO - Rouvinez 75cl | La Petite Cave du Chablais\" \/>\n<meta property=\"og:description\" content=\"Nez Noir Ros\u00e9 - Famille RouvinezAOC Valais -\u00a0BIO en reconversion\u00a0Le nom NEZ NOIR est inspir\u00e9 du troupeau de moutons du m\u00eame nom. Entre mi-mars et mi-avril,\u00a0ils les laissent pa\u00eetre dans les vignes. L\u2019entretien du sol se fait ainsi en parfaite harmonie avec la nature. Lorsque la vigne commence \u00e0 pousser, nos moutons se reposent sur une prairie pr\u00e8s de Sierre en attendant de regagner leur terre d\u2019origine dans le Haut-Valais \u00e0 2&#039;700 m. d\u2019altitude. C\u2019est face au Cervin qu\u2019ils seront tondus donnant quelques kilos d\u2019une laine de grande qualit\u00e9.\u00a0Il\u00a0est issu d\u2019une saign\u00e9e du mo\u00fbt utilis\u00e9 pour son pendant rouge. Cette op\u00e9ration consiste \u00e0 soutirer une partie du mo\u00fbt pour concentrer le vin rouge. Le volume soutir\u00e9 est vinifi\u00e9 s\u00e9par\u00e9ment et donne naissance \u00e0 un vin ros\u00e9, frais et fruit\u00e9.\u00a0UNIQUEMENT DISPONIBLE AU MAGASIN DE COLLOMBEY\" \/>\n<meta property=\"og:url\" content=\"https:\/\/petitecave.ch\/de\/product\/nez-noir-ros-bio-rouvinez-75cl\/\" \/>\n<meta property=\"og:site_name\" content=\"La Petite Cave du Chablais\" \/>\n<meta property=\"article:publisher\" content=\"https:\/\/www.facebook.com\/LaPetiteCaveDuChablais\" \/>\n<meta property=\"article:modified_time\" content=\"2026-02-24T06:43:46+00:00\" \/>\n<meta property=\"og:image\" content=\"https:\/\/petitecave.ch\/wp-content\/uploads\/2025\/10\/9991_4969_cover.jpg\" \/>\n\t<meta property=\"og:image:width\" content=\"1000\" \/>\n\t<meta property=\"og:image:height\" content=\"1700\" \/>\n\t<meta property=\"og:image:type\" content=\"image\/jpeg\" \/>\n<meta name=\"twitter:card\" content=\"summary_large_image\" \/>\n<script type=\"application\/ld+json\" class=\"yoast-schema-graph\">{\"@context\":\"https:\\\/\\\/schema.org\",\"@graph\":[{\"@type\":\"WebPage\",\"@id\":\"https:\\\/\\\/petitecave.ch\\\/product\\\/nez-noir-ros-bio-rouvinez-75cl\\\/\",\"url\":\"https:\\\/\\\/petitecave.ch\\\/product\\\/nez-noir-ros-bio-rouvinez-75cl\\\/\",\"name\":\"Nez Noir Ros\u00e9 BIO - Rouvinez 75cl | La Petite Cave du Chablais\",\"isPartOf\":{\"@id\":\"https:\\\/\\\/petitecave.ch\\\/de\\\/#website\"},\"primaryImageOfPage\":{\"@id\":\"https:\\\/\\\/petitecave.ch\\\/product\\\/nez-noir-ros-bio-rouvinez-75cl\\\/#primaryimage\"},\"image\":{\"@id\":\"https:\\\/\\\/petitecave.ch\\\/product\\\/nez-noir-ros-bio-rouvinez-75cl\\\/#primaryimage\"},\"thumbnailUrl\":\"https:\\\/\\\/petitecave.ch\\\/wp-content\\\/uploads\\\/2025\\\/10\\\/9991_4969_cover.jpg\",\"datePublished\":\"2025-10-28T10:51:41+00:00\",\"dateModified\":\"2026-02-24T06:43:46+00:00\",\"breadcrumb\":{\"@id\":\"https:\\\/\\\/petitecave.ch\\\/product\\\/nez-noir-ros-bio-rouvinez-75cl\\\/#breadcrumb\"},\"inLanguage\":\"de-CH\",\"potentialAction\":[{\"@type\":\"ReadAction\",\"target\":[\"https:\\\/\\\/petitecave.ch\\\/product\\\/nez-noir-ros-bio-rouvinez-75cl\\\/\"]}]},{\"@type\":\"ImageObject\",\"inLanguage\":\"de-CH\",\"@id\":\"https:\\\/\\\/petitecave.ch\\\/product\\\/nez-noir-ros-bio-rouvinez-75cl\\\/#primaryimage\",\"url\":\"https:\\\/\\\/petitecave.ch\\\/wp-content\\\/uploads\\\/2025\\\/10\\\/9991_4969_cover.jpg\",\"contentUrl\":\"https:\\\/\\\/petitecave.ch\\\/wp-content\\\/uploads\\\/2025\\\/10\\\/9991_4969_cover.jpg\",\"width\":1000,\"height\":1700},{\"@type\":\"BreadcrumbList\",\"@id\":\"https:\\\/\\\/petitecave.ch\\\/product\\\/nez-noir-ros-bio-rouvinez-75cl\\\/#breadcrumb\",\"itemListElement\":[{\"@type\":\"ListItem\",\"position\":1,\"name\":\"Accueil\",\"item\":\"https:\\\/\\\/petitecave.ch\\\/de\\\/\"},{\"@type\":\"ListItem\",\"position\":2,\"name\":\"Produkte\",\"item\":\"https:\\\/\\\/petitecave.ch\\\/de\\\/shop\\\/\"},{\"@type\":\"ListItem\",\"position\":3,\"name\":\"Nez Noir Ros\u00e9 BIO &#8211; Rouvinez 75cl\"}]},{\"@type\":\"WebSite\",\"@id\":\"https:\\\/\\\/petitecave.ch\\\/de\\\/#website\",\"url\":\"https:\\\/\\\/petitecave.ch\\\/de\\\/\",\"name\":\"La Petite Cave du Chablais\",\"description\":\"Vins, bi\u00e8res et spiritueux en ligne !\",\"publisher\":{\"@id\":\"https:\\\/\\\/petitecave.ch\\\/de\\\/#organization\"},\"alternateName\":\"La Petite Cave\",\"potentialAction\":[{\"@type\":\"SearchAction\",\"target\":{\"@type\":\"EntryPoint\",\"urlTemplate\":\"https:\\\/\\\/petitecave.ch\\\/de\\\/?s={search_term_string}\"},\"query-input\":{\"@type\":\"PropertyValueSpecification\",\"valueRequired\":true,\"valueName\":\"search_term_string\"}}],\"inLanguage\":\"de-CH\"},{\"@type\":\"Organization\",\"@id\":\"https:\\\/\\\/petitecave.ch\\\/de\\\/#organization\",\"name\":\"La Petite Cave du Chablais S\u00e0rl\",\"url\":\"https:\\\/\\\/petitecave.ch\\\/de\\\/\",\"logo\":{\"@type\":\"ImageObject\",\"inLanguage\":\"de-CH\",\"@id\":\"https:\\\/\\\/petitecave.ch\\\/de\\\/#\\\/schema\\\/logo\\\/image\\\/\",\"url\":\"https:\\\/\\\/petitecave.ch\\\/wp-content\\\/uploads\\\/2025\\\/10\\\/petitecavelogo-removebg-preview.png\",\"contentUrl\":\"https:\\\/\\\/petitecave.ch\\\/wp-content\\\/uploads\\\/2025\\\/10\\\/petitecavelogo-removebg-preview.png\",\"width\":800,\"height\":200,\"caption\":\"La Petite Cave du Chablais S\u00e0rl\"},\"image\":{\"@id\":\"https:\\\/\\\/petitecave.ch\\\/de\\\/#\\\/schema\\\/logo\\\/image\\\/\"},\"sameAs\":[\"https:\\\/\\\/www.facebook.com\\\/LaPetiteCaveDuChablais\",\"https:\\\/\\\/www.instagram.com\\\/lapetitecaveduchablais\",\"https:\\\/\\\/www.linkedin.com\\\/company\\\/la-petite-cave-du-chablais\"]}]}<\/script>\n<!-- \/ Yoast SEO plugin. -->","yoast_head_json":{"title":"Nez Noir Ros\u00e9 BIO - Rouvinez 75cl | La Petite Cave du Chablais","robots":{"index":"index","follow":"follow","max-snippet":"max-snippet:-1","max-image-preview":"max-image-preview:large","max-video-preview":"max-video-preview:-1"},"canonical":"https:\/\/petitecave.ch\/de\/product\/nez-noir-ros-bio-rouvinez-75cl\/","og_locale":"de_DE","og_type":"article","og_title":"Nez Noir Ros\u00e9 BIO - Rouvinez 75cl | La Petite Cave du Chablais","og_description":"Nez Noir Ros\u00e9 - Famille RouvinezAOC Valais -\u00a0BIO en reconversion\u00a0Le nom NEZ NOIR est inspir\u00e9 du troupeau de moutons du m\u00eame nom. Entre mi-mars et mi-avril,\u00a0ils les laissent pa\u00eetre dans les vignes. L\u2019entretien du sol se fait ainsi en parfaite harmonie avec la nature. Lorsque la vigne commence \u00e0 pousser, nos moutons se reposent sur une prairie pr\u00e8s de Sierre en attendant de regagner leur terre d\u2019origine dans le Haut-Valais \u00e0 2'700 m. d\u2019altitude. C\u2019est face au Cervin qu\u2019ils seront tondus donnant quelques kilos d\u2019une laine de grande qualit\u00e9.\u00a0Il\u00a0est issu d\u2019une saign\u00e9e du mo\u00fbt utilis\u00e9 pour son pendant rouge. Cette op\u00e9ration consiste \u00e0 soutirer une partie du mo\u00fbt pour concentrer le vin rouge. Le volume soutir\u00e9 est vinifi\u00e9 s\u00e9par\u00e9ment et donne naissance \u00e0 un vin ros\u00e9, frais et fruit\u00e9.\u00a0UNIQUEMENT DISPONIBLE AU MAGASIN DE COLLOMBEY","og_url":"https:\/\/petitecave.ch\/de\/product\/nez-noir-ros-bio-rouvinez-75cl\/","og_site_name":"La Petite Cave du Chablais","article_publisher":"https:\/\/www.facebook.com\/LaPetiteCaveDuChablais","article_modified_time":"2026-02-24T06:43:46+00:00","og_image":[{"width":1000,"height":1700,"url":"https:\/\/petitecave.ch\/wp-content\/uploads\/2025\/10\/9991_4969_cover.jpg","type":"image\/jpeg"}],"twitter_card":"summary_large_image","schema":{"@context":"https:\/\/schema.org","@graph":[{"@type":"WebPage","@id":"https:\/\/petitecave.ch\/product\/nez-noir-ros-bio-rouvinez-75cl\/","url":"https:\/\/petitecave.ch\/product\/nez-noir-ros-bio-rouvinez-75cl\/","name":"Nez Noir Ros\u00e9 BIO - Rouvinez 75cl | La Petite Cave du Chablais","isPartOf":{"@id":"https:\/\/petitecave.ch\/de\/#website"},"primaryImageOfPage":{"@id":"https:\/\/petitecave.ch\/product\/nez-noir-ros-bio-rouvinez-75cl\/#primaryimage"},"image":{"@id":"https:\/\/petitecave.ch\/product\/nez-noir-ros-bio-rouvinez-75cl\/#primaryimage"},"thumbnailUrl":"https:\/\/petitecave.ch\/wp-content\/uploads\/2025\/10\/9991_4969_cover.jpg","datePublished":"2025-10-28T10:51:41+00:00","dateModified":"2026-02-24T06:43:46+00:00","breadcrumb":{"@id":"https:\/\/petitecave.ch\/product\/nez-noir-ros-bio-rouvinez-75cl\/#breadcrumb"},"inLanguage":"de-CH","potentialAction":[{"@type":"ReadAction","target":["https:\/\/petitecave.ch\/product\/nez-noir-ros-bio-rouvinez-75cl\/"]}]},{"@type":"ImageObject","inLanguage":"de-CH","@id":"https:\/\/petitecave.ch\/product\/nez-noir-ros-bio-rouvinez-75cl\/#primaryimage","url":"https:\/\/petitecave.ch\/wp-content\/uploads\/2025\/10\/9991_4969_cover.jpg","contentUrl":"https:\/\/petitecave.ch\/wp-content\/uploads\/2025\/10\/9991_4969_cover.jpg","width":1000,"height":1700},{"@type":"BreadcrumbList","@id":"https:\/\/petitecave.ch\/product\/nez-noir-ros-bio-rouvinez-75cl\/#breadcrumb","itemListElement":[{"@type":"ListItem","position":1,"name":"Accueil","item":"https:\/\/petitecave.ch\/de\/"},{"@type":"ListItem","position":2,"name":"Produkte","item":"https:\/\/petitecave.ch\/de\/shop\/"},{"@type":"ListItem","position":3,"name":"Nez Noir Ros\u00e9 BIO &#8211; Rouvinez 75cl"}]},{"@type":"WebSite","@id":"https:\/\/petitecave.ch\/de\/#website","url":"https:\/\/petitecave.ch\/de\/","name":"Die kleine Keller des Chablais","description":"Vins, bi\u00e8res et spiritueux en ligne !","publisher":{"@id":"https:\/\/petitecave.ch\/de\/#organization"},"alternateName":"La Petite Cave","potentialAction":[{"@type":"SearchAction","target":{"@type":"EntryPoint","urlTemplate":"https:\/\/petitecave.ch\/de\/?s={search_term_string}"},"query-input":{"@type":"PropertyValueSpecification","valueRequired":true,"valueName":"search_term_string"}}],"inLanguage":"de-CH"},{"@type":"Organization","@id":"https:\/\/petitecave.ch\/de\/#organization","name":"La Petite Cave du Chablais S\u00e0rl","url":"https:\/\/petitecave.ch\/de\/","logo":{"@type":"ImageObject","inLanguage":"de-CH","@id":"https:\/\/petitecave.ch\/de\/#\/schema\/logo\/image\/","url":"https:\/\/petitecave.ch\/wp-content\/uploads\/2025\/10\/petitecavelogo-removebg-preview.png","contentUrl":"https:\/\/petitecave.ch\/wp-content\/uploads\/2025\/10\/petitecavelogo-removebg-preview.png","width":800,"height":200,"caption":"La Petite Cave du Chablais S\u00e0rl"},"image":{"@id":"https:\/\/petitecave.ch\/de\/#\/schema\/logo\/image\/"},"sameAs":["https:\/\/www.facebook.com\/LaPetiteCaveDuChablais","https:\/\/www.instagram.com\/lapetitecaveduchablais","https:\/\/www.linkedin.com\/company\/la-petite-cave-du-chablais"]}]}},"_links":{"self":[{"href":"https:\/\/petitecave.ch\/de\/wp-json\/wp\/v2\/product\/9991","targetHints":{"allow":["GET"]}}],"collection":[{"href":"https:\/\/petitecave.ch\/de\/wp-json\/wp\/v2\/product"}],"about":[{"href":"https:\/\/petitecave.ch\/de\/wp-json\/wp\/v2\/types\/product"}],"replies":[{"embeddable":true,"href":"https:\/\/petitecave.ch\/de\/wp-json\/wp\/v2\/comments?post=9991"}],"wp:featuredmedia":[{"embeddable":true,"href":"https:\/\/petitecave.ch\/de\/wp-json\/wp\/v2\/media\/13446"}],"wp:attachment":[{"href":"https:\/\/petitecave.ch\/de\/wp-json\/wp\/v2\/media?parent=9991"}],"wp:term":[{"taxonomy":"product_cat","embeddable":true,"href":"https:\/\/petitecave.ch\/de\/wp-json\/wp\/v2\/product_cat?post=9991"},{"taxonomy":"product_tag","embeddable":true,"href":"https:\/\/petitecave.ch\/de\/wp-json\/wp\/v2\/product_tag?post=9991"}],"curies":[{"name":"wp","href":"https:\/\/api.w.org\/{rel}","templated":true}]}}