{"id":9987,"date":"2026-04-08T08:51:38","date_gmt":"2026-04-08T06:51:38","guid":{"rendered":""},"modified":"2026-04-08T09:39:12","modified_gmt":"2026-04-08T07:39:12","slug":"amaro-ramazzotti-70cl","status":"publish","type":"product","link":"https:\/\/petitecave.ch\/de\/product\/amaro-ramazzotti-70cl\/","title":{"rendered":"Amaro Ramazzotti 70cl"},"content":{"rendered":"<p data-start=\"148\" data-end=\"446\"><span style=\"color: #000000;\">D\u00e9couvre <strong data-start=\"157\" data-end=\"179\">l\u2019Amaro Ramazzotti<\/strong>, une liqueur italienne iconique \u00e9labor\u00e9e \u00e0 partir d\u2019un <strong data-start=\"235\" data-end=\"280\">assemblage unique de 33 herbes et racines<\/strong> venues du monde entier. Parmi elles : gentiane, quinine, rhubarbe, cannelle, origan, ainsi que des <strong data-start=\"380\" data-end=\"408\">oranges douces de Sicile<\/strong> et des <strong data-start=\"416\" data-end=\"445\">oranges am\u00e8res de Cura\u00e7ao<\/strong>.<\/span><\/p>\n<p data-start=\"448\" data-end=\"690\"><span style=\"color: #000000;\">Au nez, il d\u00e9voile une palette aromatique complexe, m\u00ealant agrumes, \u00e9pices et notes v\u00e9g\u00e9tales. En bouche, l\u2019\u00e9quilibre est remarquable : une <strong data-start=\"588\" data-end=\"626\">attaque douce et l\u00e9g\u00e8rement sucr\u00e9e<\/strong>, suivie d\u2019une <strong data-start=\"641\" data-end=\"663\">amertume ma\u00eetris\u00e9e<\/strong> et d\u2019une belle profondeur.<\/span><\/p>\n<p data-start=\"448\" data-end=\"690\"><span style=\"color: #000000;\"><strong data-start=\"894\" data-end=\"925\">Suggestion de d\u00e9gustation :<\/strong><\/span><br data-start=\"925\" data-end=\"928\" \/><span style=\"color: #000000;\">\u00c0 d\u00e9guster pur, sur glace ou en cocktail pour apporter une touche italienne \u00e9l\u00e9gante et aromatique.<\/span><\/p>","protected":false},"excerpt":{"rendered":"<p>D\u00e9couvre l\u2019Amaro Ramazzotti, une liqueur italienne iconique \u00e9labor\u00e9e \u00e0 partir d\u2019un assemblage unique de 33 herbes et racines venues du monde entier. Parmi elles : gentiane, quinine, rhubarbe, cannelle, origan, ainsi que des oranges douces de Sicile et des oranges am\u00e8res de Cura\u00e7ao. Au nez, il d\u00e9voile une palette aromatique complexe, m\u00ealant agrumes, \u00e9pices et [&hellip;]<\/p>\n","protected":false},"featured_media":19264,"comment_status":"open","ping_status":"closed","template":"","meta":[],"product_cat":[269],"product_tag":[],"class_list":{"0":"post-9987","1":"product","2":"type-product","3":"status-publish","4":"has-post-thumbnail","6":"product_cat-liqueurs","7":"pa_categorie-608-liqueurs","8":"pa_country-italie","9":"pa_type-base-cocktail","10":"pa_type-digestif","11":"pa_volume-70-cl","12":"_wholesalex wsx-wholesalex-product","14":"first","15":"instock","16":"taxable","17":"shipping-taxable","18":"purchasable","19":"product-type-simple"},"_links":{"self":[{"href":"https:\/\/petitecave.ch\/de\/wp-json\/wp\/v2\/product\/9987","targetHints":{"allow":["GET"]}}],"collection":[{"href":"https:\/\/petitecave.ch\/de\/wp-json\/wp\/v2\/product"}],"about":[{"href":"https:\/\/petitecave.ch\/de\/wp-json\/wp\/v2\/types\/product"}],"replies":[{"embeddable":true,"href":"https:\/\/petitecave.ch\/de\/wp-json\/wp\/v2\/comments?post=9987"}],"wp:featuredmedia":[{"embeddable":true,"href":"https:\/\/petitecave.ch\/de\/wp-json\/wp\/v2\/media\/19264"}],"wp:attachment":[{"href":"https:\/\/petitecave.ch\/de\/wp-json\/wp\/v2\/media?parent=9987"}],"wp:term":[{"taxonomy":"product_cat","embeddable":true,"href":"https:\/\/petitecave.ch\/de\/wp-json\/wp\/v2\/product_cat?post=9987"},{"taxonomy":"product_tag","embeddable":true,"href":"https:\/\/petitecave.ch\/de\/wp-json\/wp\/v2\/product_tag?post=9987"}],"curies":[{"name":"wp","href":"https:\/\/api.w.org\/{rel}","templated":true}]}}