{"id":9986,"date":"2025-10-28T10:51:37","date_gmt":"2025-10-28T10:51:37","guid":{"rendered":""},"modified":"2026-02-20T14:07:09","modified_gmt":"2026-02-20T13:07:09","slug":"amaro-averna-70cl","status":"publish","type":"product","link":"https:\/\/petitecave.ch\/de\/product\/amaro-averna-70cl\/","title":{"rendered":"Amaro Averna 70cl"},"content":{"rendered":"<p>C&rsquo;est une liqueur douce am\u00e8re, au parfum fruit\u00e9 compos\u00e9 de 33 ingr\u00e9dients dont l&rsquo;amande, la gentiane et la cannelle.<\/p>\n<p>Elle se d\u00e9guste s\u00e8che ou accompagn\u00e9e de gla\u00e7ons.\u00a0<\/p>","protected":false},"excerpt":{"rendered":"<p><strong>Averna &#8211; Amaro Siciliano<\/strong><\/p>","protected":false},"featured_media":13441,"comment_status":"open","ping_status":"open","template":"","meta":[],"product_cat":[269],"product_tag":[],"class_list":{"0":"post-9986","1":"product","2":"type-product","3":"status-publish","4":"has-post-thumbnail","6":"product_cat-liqueurs","7":"pa_color-ambree","8":"pa_country-italie","9":"pa_volume-70-cl","10":"_wholesalex wsx-wholesalex-product","12":"first","13":"instock","14":"taxable","15":"shipping-taxable","16":"purchasable","17":"product-type-simple"},"_links":{"self":[{"href":"https:\/\/petitecave.ch\/de\/wp-json\/wp\/v2\/product\/9986","targetHints":{"allow":["GET"]}}],"collection":[{"href":"https:\/\/petitecave.ch\/de\/wp-json\/wp\/v2\/product"}],"about":[{"href":"https:\/\/petitecave.ch\/de\/wp-json\/wp\/v2\/types\/product"}],"replies":[{"embeddable":true,"href":"https:\/\/petitecave.ch\/de\/wp-json\/wp\/v2\/comments?post=9986"}],"wp:featuredmedia":[{"embeddable":true,"href":"https:\/\/petitecave.ch\/de\/wp-json\/wp\/v2\/media\/13441"}],"wp:attachment":[{"href":"https:\/\/petitecave.ch\/de\/wp-json\/wp\/v2\/media?parent=9986"}],"wp:term":[{"taxonomy":"product_cat","embeddable":true,"href":"https:\/\/petitecave.ch\/de\/wp-json\/wp\/v2\/product_cat?post=9986"},{"taxonomy":"product_tag","embeddable":true,"href":"https:\/\/petitecave.ch\/de\/wp-json\/wp\/v2\/product_tag?post=9986"}],"curies":[{"name":"wp","href":"https:\/\/api.w.org\/{rel}","templated":true}]}}