{"id":9985,"date":"2025-10-28T10:51:36","date_gmt":"2025-10-28T10:51:36","guid":{"rendered":""},"modified":"2026-02-20T16:12:02","modified_gmt":"2026-02-20T15:12:02","slug":"disaronno-velvet-70cl","status":"publish","type":"product","link":"https:\/\/petitecave.ch\/de\/product\/disaronno-velvet-70cl\/","title":{"rendered":"Disaronno Velvet 70cl"},"content":{"rendered":"<p>C&rsquo;est une liqueur de cr\u00e8me \u00e0 laquelle est ajout\u00e9 de l&rsquo;Amaretto. Elle r\u00e9v\u00e8le des notes de vanille, de cr\u00e8me, de caramel, d&rsquo;amandes et d&rsquo;abricots. A boire sur glace, en accompagnement de lait ou de caf\u00e9 ou comme ingr\u00e9dient de cocktails \u00e0 base de cr\u00e8me.\u00a0<\/p>","protected":false},"excerpt":{"rendered":"<p><strong>Amaretto Disaronno Velvet<\/strong><\/p>\n<p><strong><\/strong><\/p>\n<p><em>C&rsquo;est une liqueur de cr\u00e8me \u00e0 laquelle est ajout\u00e9 de l&rsquo;Amaretto. Elle r\u00e9v\u00e8le des notes de vanille, de cr\u00e8me, de caramel, d&rsquo;amandes et d&rsquo;abricots. A boire sur glace, en accompagnement de lait ou de caf\u00e9 ou comme ingr\u00e9dient de cocktails \u00e0 base de cr\u00e8me.\u00a0<\/em><\/p>","protected":false},"featured_media":13440,"comment_status":"open","ping_status":"open","template":"","meta":[],"product_cat":[269],"product_tag":[],"class_list":{"0":"post-9985","1":"product","2":"type-product","3":"status-publish","4":"has-post-thumbnail","6":"product_cat-liqueurs","7":"pa_color-blanc","8":"pa_country-italie","9":"pa_volume-70-cl","10":"_wholesalex wsx-wholesalex-product","12":"first","13":"instock","14":"taxable","15":"shipping-taxable","16":"purchasable","17":"product-type-simple"},"_links":{"self":[{"href":"https:\/\/petitecave.ch\/de\/wp-json\/wp\/v2\/product\/9985","targetHints":{"allow":["GET"]}}],"collection":[{"href":"https:\/\/petitecave.ch\/de\/wp-json\/wp\/v2\/product"}],"about":[{"href":"https:\/\/petitecave.ch\/de\/wp-json\/wp\/v2\/types\/product"}],"replies":[{"embeddable":true,"href":"https:\/\/petitecave.ch\/de\/wp-json\/wp\/v2\/comments?post=9985"}],"wp:featuredmedia":[{"embeddable":true,"href":"https:\/\/petitecave.ch\/de\/wp-json\/wp\/v2\/media\/13440"}],"wp:attachment":[{"href":"https:\/\/petitecave.ch\/de\/wp-json\/wp\/v2\/media?parent=9985"}],"wp:term":[{"taxonomy":"product_cat","embeddable":true,"href":"https:\/\/petitecave.ch\/de\/wp-json\/wp\/v2\/product_cat?post=9985"},{"taxonomy":"product_tag","embeddable":true,"href":"https:\/\/petitecave.ch\/de\/wp-json\/wp\/v2\/product_tag?post=9985"}],"curies":[{"name":"wp","href":"https:\/\/api.w.org\/{rel}","templated":true}]}}