{"id":9977,"date":"2026-04-07T15:51:29","date_gmt":"2026-04-07T13:51:29","guid":{"rendered":""},"modified":"2026-04-07T16:19:43","modified_gmt":"2026-04-07T14:19:43","slug":"absinthe-la-clandestine-70cl","status":"publish","type":"product","link":"https:\/\/petitecave.ch\/de\/product\/absinthe-la-clandestine-70cl\/","title":{"rendered":"Absinthe La Clandestine Blanche 70cl"},"content":{"rendered":"<p data-start=\"85\" data-end=\"166\"><span style=\"color: #000000;\"><strong data-start=\"85\" data-end=\"166\">Absinthe Clandestine | L\u2019ic\u00f4ne du Val-de-Travers, entre tradition et \u00e9l\u00e9gance<\/strong><\/span><\/p>\n<p data-start=\"168\" data-end=\"451\"><span style=\"color: #000000;\">Plonge dans l\u2019histoire avec <strong data-start=\"196\" data-end=\"222\">l\u2019Absinthe Clandestine<\/strong>, l\u2019une des premi\u00e8res \u00e0 \u00eatre distill\u00e9e au Val-de-Travers apr\u00e8s la l\u00e9galisation de la \u00ab bleue \u00bb en 2005. \u00c9labor\u00e9e selon une <strong data-start=\"345\" data-end=\"376\">recette authentique de 1935<\/strong>, elle incarne \u00e0 la perfection le renouveau d\u2019un savoir-faire embl\u00e9matique.<\/span><\/p>\n<p data-start=\"453\" data-end=\"799\"><span style=\"color: #000000;\">Compos\u00e9e de plus de dix plantes, dont l\u2019absinthe cultiv\u00e9e au c\u0153ur du Val-de-Travers, elle d\u00e9voile un profil aromatique d\u2019une grande finesse. Au nez, les notes v\u00e9g\u00e9tales et anis\u00e9es s\u2019entrem\u00ealent avec \u00e9l\u00e9gance. En bouche, l\u2019\u00e9quilibre est remarquable : une attaque douce et harmonieuse, suivie d\u2019une <strong data-start=\"750\" data-end=\"774\">amertume persistante<\/strong> qui signe son caract\u00e8re.<\/span><\/p>\n<p><span style=\"color: #000000;\"><strong data-start=\"1045\" data-end=\"1076\">Suggestion de d\u00e9gustation :<\/strong><\/span><br data-start=\"1076\" data-end=\"1079\" \/><span style=\"color: #000000;\">\u00c0 savourer selon le rituel traditionnel, avec de l\u2019eau fra\u00eeche pour r\u00e9v\u00e9ler toute sa complexit\u00e9 et ses ar\u00f4mes subtils.<\/span><\/p>\n<p><span style=\"color: #000000;\"><strong>Distinctions:<\/strong><\/span><br \/>\n<span style=\"color: #000000;\">Elle a \u00e9t\u00e9 plusieurs fois prim\u00e9es dans les concours nationaux et internationaux.<\/span><\/p>","protected":false},"excerpt":{"rendered":"<p><span style=\"color: #000000;\"><strong>Distillerie Artisanale Artemisia &#8211; Val de Travers<\/strong><\/span><\/p>","protected":false},"featured_media":19229,"comment_status":"open","ping_status":"closed","template":"","meta":[],"product_cat":[270],"product_tag":[],"class_list":{"0":"post-9977","1":"product","2":"type-product","3":"status-publish","4":"has-post-thumbnail","6":"product_cat-eau-de-vie","7":"pa_categorie-609-eau-de-vie","8":"pa_country-suisse","9":"pa_type-digestif","10":"pa_volume-70-cl","11":"_wholesalex wsx-wholesalex-product","13":"first","14":"instock","15":"taxable","16":"shipping-taxable","17":"purchasable","18":"product-type-simple"},"_links":{"self":[{"href":"https:\/\/petitecave.ch\/de\/wp-json\/wp\/v2\/product\/9977","targetHints":{"allow":["GET"]}}],"collection":[{"href":"https:\/\/petitecave.ch\/de\/wp-json\/wp\/v2\/product"}],"about":[{"href":"https:\/\/petitecave.ch\/de\/wp-json\/wp\/v2\/types\/product"}],"replies":[{"embeddable":true,"href":"https:\/\/petitecave.ch\/de\/wp-json\/wp\/v2\/comments?post=9977"}],"wp:featuredmedia":[{"embeddable":true,"href":"https:\/\/petitecave.ch\/de\/wp-json\/wp\/v2\/media\/19229"}],"wp:attachment":[{"href":"https:\/\/petitecave.ch\/de\/wp-json\/wp\/v2\/media?parent=9977"}],"wp:term":[{"taxonomy":"product_cat","embeddable":true,"href":"https:\/\/petitecave.ch\/de\/wp-json\/wp\/v2\/product_cat?post=9977"},{"taxonomy":"product_tag","embeddable":true,"href":"https:\/\/petitecave.ch\/de\/wp-json\/wp\/v2\/product_tag?post=9977"}],"curies":[{"name":"wp","href":"https:\/\/api.w.org\/{rel}","templated":true}]}}