{"id":9967,"date":"2025-10-28T10:51:19","date_gmt":"2025-10-28T10:51:19","guid":{"rendered":""},"modified":"2026-02-20T14:51:32","modified_gmt":"2026-02-20T13:51:32","slug":"eau-de-vie-d-abricot-la-valadi-re-70cl","status":"publish","type":"product","link":"https:\/\/petitecave.ch\/de\/product\/eau-de-vie-d-abricot-la-valadi-re-70cl\/","title":{"rendered":"Eau-de-vie d&rsquo;Abricot &#8211; La Valadi\u00e8re 70cl"},"content":{"rendered":"<p>Une puissante note d&rsquo;abricot se d\u00e9gage de cette eau-de-vie charnue et harmonieuse. c&rsquo;est un spiritueux cors\u00e9, intens\u00e9ment \u00e9pic\u00e9, avec une \u00e9vocation de vanille, au go\u00fbt sucr\u00e9, charnu, harmonieux d\u00e9bouchant sur une finale longue.<\/p>","protected":false},"excerpt":{"rendered":"<p><strong>Eau-de-vie d&rsquo;Abricot La Valadi\u00e8re<\/strong><\/p>\n<p><strong><\/strong><\/p>\n<p><em>Une puissante note d&rsquo;abricot se d\u00e9gage de cette eau-de-vie charnue et harmonieuse. c&rsquo;est un spiritueux cors\u00e9, intens\u00e9ment \u00e9pic\u00e9, avec une \u00e9vocation de vanille, au go\u00fbt sucr\u00e9, charnu, harmonieux d\u00e9bouchant sur une finale longue.<\/em><\/p>","protected":false},"featured_media":13420,"comment_status":"open","ping_status":"open","template":"","meta":[],"product_cat":[270],"product_tag":[],"class_list":{"0":"post-9967","1":"product","2":"type-product","3":"status-publish","4":"has-post-thumbnail","6":"product_cat-eau-de-vie","7":"pa_country-suisse","8":"pa_volume-70-cl","9":"_wholesalex wsx-wholesalex-product","11":"first","12":"instock","13":"taxable","14":"shipping-taxable","15":"purchasable","16":"product-type-simple"},"_links":{"self":[{"href":"https:\/\/petitecave.ch\/de\/wp-json\/wp\/v2\/product\/9967","targetHints":{"allow":["GET"]}}],"collection":[{"href":"https:\/\/petitecave.ch\/de\/wp-json\/wp\/v2\/product"}],"about":[{"href":"https:\/\/petitecave.ch\/de\/wp-json\/wp\/v2\/types\/product"}],"replies":[{"embeddable":true,"href":"https:\/\/petitecave.ch\/de\/wp-json\/wp\/v2\/comments?post=9967"}],"wp:featuredmedia":[{"embeddable":true,"href":"https:\/\/petitecave.ch\/de\/wp-json\/wp\/v2\/media\/13420"}],"wp:attachment":[{"href":"https:\/\/petitecave.ch\/de\/wp-json\/wp\/v2\/media?parent=9967"}],"wp:term":[{"taxonomy":"product_cat","embeddable":true,"href":"https:\/\/petitecave.ch\/de\/wp-json\/wp\/v2\/product_cat?post=9967"},{"taxonomy":"product_tag","embeddable":true,"href":"https:\/\/petitecave.ch\/de\/wp-json\/wp\/v2\/product_tag?post=9967"}],"curies":[{"name":"wp","href":"https:\/\/api.w.org\/{rel}","templated":true}]}}