{"id":9966,"date":"2026-03-27T15:51:18","date_gmt":"2026-03-27T14:51:18","guid":{"rendered":""},"modified":"2026-04-08T12:32:28","modified_gmt":"2026-04-08T10:32:28","slug":"abbaye-de-saint-bon-chien-magnum","status":"publish","type":"product","link":"https:\/\/petitecave.ch\/de\/product\/abbaye-de-saint-bon-chien-magnum\/","title":{"rendered":"Abbaye de Saint Bon-Chien 150cl"},"content":{"rendered":"<p><em><span style=\"color: #000000;\">La l\u00e9gende veut que la famille Rebetez avait une chatte qui r\u00e9pondait au nom de Bon-Chien. A sa mort, la famille a d\u00e9cid\u00e9 de lui d\u00e9dier cette bi\u00e8re ! Celle-ci \u00e0 \u00e9t\u00e9 \u00e9lue <strong>meilleure bi\u00e8re du Monde \u00e9lev\u00e9e en f\u00fbts de ch\u00eane<\/strong> par le New York Times en 2009.<\/span><\/em><\/p>\n<p><em><span style=\"color: #000000;\">Bi\u00e8re de fermentation mixte <strong>m\u00fbrie durant 1 an<\/strong> <strong>dans des barriques ayant contenu du vin<\/strong>. Apr\u00e8s cette longue p\u00e9riode d&rsquo;\u00e9levage, tous les f\u00fbts sont d\u00e9gust\u00e9s en vue de l&rsquo;assemblage.<\/span><\/em><\/p>","protected":false},"excerpt":{"rendered":"<p data-start=\"146\" data-end=\"305\"><span style=\"color: #000000;\">D\u00e9couvre <strong data-start=\"155\" data-end=\"186\">l\u2019Abbaye de Saint Bon-Chien<\/strong>, un vin d\u2019exception \u00e0 la <strong data-start=\"212\" data-end=\"246\">robe aux reflets rouges ambr\u00e9s<\/strong>, qui annonce imm\u00e9diatement sa richesse et sa complexit\u00e9.<\/span><\/p>\n<p data-start=\"307\" data-end=\"593\"><span style=\"color: #000000;\">Au nez, il s\u00e9duit par des <strong data-start=\"333\" data-end=\"358\">ar\u00f4mes tr\u00e8s complexes<\/strong>, r\u00e9v\u00e9lant toute la profondeur et l\u2019\u00e9l\u00e9gance de ce vin unique. En bouche, il rappelle la trame d\u2019un <strong data-start=\"458\" data-end=\"478\">vin rouge fruit\u00e9<\/strong>, avec une <strong data-start=\"489\" data-end=\"508\">acidit\u00e9 marqu\u00e9e<\/strong> qui lui conf\u00e8re tension et structure, pour une d\u00e9gustation intense et harmonieuse.<\/span><\/p>\n<p data-start=\"307\" data-end=\"593\"><span style=\"color: #000000;\"><strong data-start=\"803\" data-end=\"835\">Accords mets &amp; d\u00e9gustation :<\/strong><\/span><br data-start=\"835\" data-end=\"838\" \/><span style=\"color: #000000;\">\u00c0 savourer avec des <strong data-start=\"858\" data-end=\"916\">plats de caract\u00e8re, viandes rouges ou fromages affin\u00e9s<\/strong>, ou \u00e0 d\u00e9guster seul pour appr\u00e9cier toute sa richesse.<\/span><\/p>","protected":false},"featured_media":19018,"comment_status":"open","ping_status":"closed","template":"","meta":[],"product_cat":[250],"product_tag":[],"class_list":{"0":"post-9966","1":"product","2":"type-product","3":"status-publish","4":"has-post-thumbnail","6":"product_cat-bieres","7":"pa_categorie-bieres-ambrees","8":"pa_color-ambree","9":"pa_country-suisse","10":"pa_style-sour","11":"pa_type-biere-artisanale","12":"pa_volume-150-cl-vp","13":"_wholesalex wsx-wholesalex-product","15":"first","16":"instock","17":"taxable","18":"shipping-taxable","19":"purchasable","20":"product-type-simple"},"_links":{"self":[{"href":"https:\/\/petitecave.ch\/de\/wp-json\/wp\/v2\/product\/9966","targetHints":{"allow":["GET"]}}],"collection":[{"href":"https:\/\/petitecave.ch\/de\/wp-json\/wp\/v2\/product"}],"about":[{"href":"https:\/\/petitecave.ch\/de\/wp-json\/wp\/v2\/types\/product"}],"replies":[{"embeddable":true,"href":"https:\/\/petitecave.ch\/de\/wp-json\/wp\/v2\/comments?post=9966"}],"wp:featuredmedia":[{"embeddable":true,"href":"https:\/\/petitecave.ch\/de\/wp-json\/wp\/v2\/media\/19018"}],"wp:attachment":[{"href":"https:\/\/petitecave.ch\/de\/wp-json\/wp\/v2\/media?parent=9966"}],"wp:term":[{"taxonomy":"product_cat","embeddable":true,"href":"https:\/\/petitecave.ch\/de\/wp-json\/wp\/v2\/product_cat?post=9966"},{"taxonomy":"product_tag","embeddable":true,"href":"https:\/\/petitecave.ch\/de\/wp-json\/wp\/v2\/product_tag?post=9966"}],"curies":[{"name":"wp","href":"https:\/\/api.w.org\/{rel}","templated":true}]}}