{"id":9964,"date":"2026-03-27T15:51:16","date_gmt":"2026-03-27T14:51:16","guid":{"rendered":""},"modified":"2026-03-27T16:53:40","modified_gmt":"2026-03-27T15:53:40","slug":"abbaye-de-saint-bon-chien-37-5cl","status":"publish","type":"product","link":"https:\/\/petitecave.ch\/de\/product\/abbaye-de-saint-bon-chien-37-5cl\/","title":{"rendered":"Abbaye de Saint Bon-Chien 37.5cl"},"content":{"rendered":"<p><span style=\"color: #000000;\"><strong>Visuel :\u00a0<\/strong>Reflets rouges ambr\u00e9s.<\/span><\/p>\n<p><span style=\"color: #000000;\"><strong>Nez :\u00a0<\/strong>Ar\u00f4mes tr\u00e8s complexes.<\/span><\/p>\n<p><span style=\"color: #000000;\"><strong>Go\u00fbt :\u00a0<\/strong>Elle rappelle la trame d&rsquo;un vin rouge fruit\u00e9 avec une acidit\u00e9 tr\u00e8s marqu\u00e9e.<\/span><\/p>\n<p><span style=\"color: #000000;\"><strong>Potentiel de garde :<\/strong> 10 ans\u00a0<\/span><\/p>","protected":false},"excerpt":{"rendered":"<p><span style=\"color: #000000;\"><strong>Brasserie des Franches-Montagnes &#8211; Jura<\/strong><\/span><\/p>\n<p><span style=\"color: #000000;\"><em>La l\u00e9gende veut que la famille Rebetez avait une chatte qui r\u00e9pondait au nom de Bon-Chien. A sa mort, la famille a d\u00e9cid\u00e9 de lui d\u00e9dier cette bi\u00e8re ! Celle-ci \u00e0 \u00e9t\u00e9 \u00e9lue meilleure bi\u00e8re du Monde \u00e9lev\u00e9e en f\u00fbts de ch\u00eane par le New York Times en 2009.<\/em><\/span><\/p>\n<p><span style=\"color: #000000;\"><em>Bi\u00e8re de fermentation mixte m\u00fbrie durant 1 an dans des barriques ayant contenu du vin. Apr\u00e8s cette longue p\u00e9riode d&rsquo;\u00e9levage, tous les f\u00fbts sont d\u00e9gust\u00e9s en vue de l&rsquo;assemblage.<\/em><\/span><\/p>","protected":false},"featured_media":19021,"comment_status":"open","ping_status":"closed","template":"","meta":[],"product_cat":[250],"product_tag":[],"class_list":{"0":"post-9964","1":"product","2":"type-product","3":"status-publish","4":"has-post-thumbnail","6":"product_cat-bieres","7":"pa_categorie-bieres-ambrees","8":"pa_color-ambree","9":"pa_country-suisse","10":"pa_style-sour","11":"pa_type-biere-d-abbaye","12":"_wholesalex wsx-wholesalex-product","14":"first","15":"instock","16":"taxable","17":"shipping-taxable","18":"purchasable","19":"product-type-simple"},"_links":{"self":[{"href":"https:\/\/petitecave.ch\/de\/wp-json\/wp\/v2\/product\/9964","targetHints":{"allow":["GET"]}}],"collection":[{"href":"https:\/\/petitecave.ch\/de\/wp-json\/wp\/v2\/product"}],"about":[{"href":"https:\/\/petitecave.ch\/de\/wp-json\/wp\/v2\/types\/product"}],"replies":[{"embeddable":true,"href":"https:\/\/petitecave.ch\/de\/wp-json\/wp\/v2\/comments?post=9964"}],"wp:featuredmedia":[{"embeddable":true,"href":"https:\/\/petitecave.ch\/de\/wp-json\/wp\/v2\/media\/19021"}],"wp:attachment":[{"href":"https:\/\/petitecave.ch\/de\/wp-json\/wp\/v2\/media?parent=9964"}],"wp:term":[{"taxonomy":"product_cat","embeddable":true,"href":"https:\/\/petitecave.ch\/de\/wp-json\/wp\/v2\/product_cat?post=9964"},{"taxonomy":"product_tag","embeddable":true,"href":"https:\/\/petitecave.ch\/de\/wp-json\/wp\/v2\/product_tag?post=9964"}],"curies":[{"name":"wp","href":"https:\/\/api.w.org\/{rel}","templated":true}]}}