{"id":9951,"date":"2025-10-28T10:51:05","date_gmt":"2025-10-28T10:51:05","guid":{"rendered":""},"modified":"2026-02-20T15:56:41","modified_gmt":"2026-02-20T14:56:41","slug":"roku-the-japanese-craft-gin-70cl","status":"publish","type":"product","link":"https:\/\/petitecave.ch\/de\/product\/roku-the-japanese-craft-gin-70cl\/","title":{"rendered":"Roku The Japanese Craft Gin 70cl"},"content":{"rendered":"<p><strong>Nez :<\/strong> Ar\u00f4me de fleurs de cerisier et de th\u00e9 vert avec des notes florales-sucr\u00e9es<\/p>\n<p><strong>Go\u00fbt :<\/strong> Notes de gin classiques et des nuances d&rsquo;Extr\u00eame-Orient, avec le fruit du yuzu qui ressort comme note principale. Finale: avec une l\u00e9g\u00e8re pointe de poivre<\/p>","protected":false},"excerpt":{"rendered":"<p><strong>Roku The Japanese Craft Gin\u00a0&#8211; Distillerie Suntory<\/strong><\/p>\n<\/p>\n<p><em>Six ingr\u00e9dients japonais permettent aux consommateurs de ce gin artisanal de parcourir les quatre saisons de l\u2019\u00e9tat insulaire lointain. Il s&rsquo;agit notamment de cerises r\u00e9colt\u00e9es au printemps, de fleurs de cerisier, de th\u00e9 vert estival et de th\u00e9 vert raffin\u00e9, de poivre de Sichuan r\u00e9colt\u00e9 \u00e0 l&rsquo;automne et de zestes de yuzu en hiver. Par cons\u00e9quent, le gen\u00e9vrier, la coriandre, la racine d&rsquo;ang\u00e9lique, les graines d&rsquo;ang\u00e9lique, la cardamome, la cannelle, l&rsquo;orange am\u00e8re et le citron sont \u00e9galement ajout\u00e9s. En 2017, le brandy Juniper a \u00e9t\u00e9 embouteill\u00e9 dans une bouteille esth\u00e9tique \u00e0 six faces. Pour la petite histoire, \u00ab\u00a0Roku\u00a0\u00bb repr\u00e9sente le nombre \u00ab\u00a06\u00a0\u00bb et fait allusion aux six plantes japonaises qui rendent ce gin si unique.<\/em><\/p>","protected":false},"featured_media":13404,"comment_status":"open","ping_status":"open","template":"","meta":[],"product_cat":[279],"product_tag":[],"class_list":{"0":"post-9951","1":"product","2":"type-product","3":"status-publish","4":"has-post-thumbnail","6":"product_cat-gin","7":"pa_country-japon","8":"pa_volume-70-cl","9":"_wholesalex wsx-wholesalex-product","11":"first","12":"instock","13":"taxable","14":"shipping-taxable","15":"purchasable","16":"product-type-simple"},"_links":{"self":[{"href":"https:\/\/petitecave.ch\/de\/wp-json\/wp\/v2\/product\/9951","targetHints":{"allow":["GET"]}}],"collection":[{"href":"https:\/\/petitecave.ch\/de\/wp-json\/wp\/v2\/product"}],"about":[{"href":"https:\/\/petitecave.ch\/de\/wp-json\/wp\/v2\/types\/product"}],"replies":[{"embeddable":true,"href":"https:\/\/petitecave.ch\/de\/wp-json\/wp\/v2\/comments?post=9951"}],"wp:featuredmedia":[{"embeddable":true,"href":"https:\/\/petitecave.ch\/de\/wp-json\/wp\/v2\/media\/13404"}],"wp:attachment":[{"href":"https:\/\/petitecave.ch\/de\/wp-json\/wp\/v2\/media?parent=9951"}],"wp:term":[{"taxonomy":"product_cat","embeddable":true,"href":"https:\/\/petitecave.ch\/de\/wp-json\/wp\/v2\/product_cat?post=9951"},{"taxonomy":"product_tag","embeddable":true,"href":"https:\/\/petitecave.ch\/de\/wp-json\/wp\/v2\/product_tag?post=9951"}],"curies":[{"name":"wp","href":"https:\/\/api.w.org\/{rel}","templated":true}]}}