{"id":9950,"date":"2025-10-28T10:51:04","date_gmt":"2025-10-28T10:51:04","guid":{"rendered":""},"modified":"2026-02-20T15:55:14","modified_gmt":"2026-02-20T14:55:14","slug":"premium-gin-the-hakuto-70cl","status":"publish","type":"product","link":"https:\/\/petitecave.ch\/de\/product\/premium-gin-the-hakuto-70cl\/","title":{"rendered":"Premium Gin The Hakuto 70cl"},"content":{"rendered":"<p>Il a un go\u00fbt agr\u00e9able et tr\u00e8s savoureux avec une note poivr\u00e9e rafra\u00eechissante.<\/p>","protected":false},"excerpt":{"rendered":"<p><strong>\u00a0The Hakuto Premium Gin &#8211; Distillerie Matsui<\/strong><\/p>\n<\/p>\n<p><em>Hakuto signifie un \u00ab\u00a0lapin blanc\u00a0\u00bb et est \u00e9galement nomm\u00e9 d\u2019apr\u00e8s un mythe de la pr\u00e9fecture de Tottori o\u00f9 r\u00e9side cette distillerie. Le gin Matsui The Hakuto Premium est un joyau fi\u00e8rement produit par la distillerie Kurayoshi.<\/em><\/p>\n<p><em>Fini avec de l\u2019eau de source obtenue \u00e0 partir du mont Daisen, le m\u00e9lange de plantes a cr\u00e9\u00e9 un gin complexe, \u00e9pic\u00e9 mais sucr\u00e9 et rafraichissant.<\/em><\/p>\n<p><em>A base de plantes japonaises telles que Sakura (fleur de cerisier), Yuzu, Poivre Sansho, Th\u00e9 vert et Poire Nashi qui est une sp\u00e9cialit\u00e9 de la pr\u00e9fecture de Tottori ou se situe la distillerie.\u00a0<\/em><\/p>","protected":false},"featured_media":13403,"comment_status":"open","ping_status":"open","template":"","meta":[],"product_cat":[279],"product_tag":[],"class_list":{"0":"post-9950","1":"product","2":"type-product","3":"status-publish","4":"has-post-thumbnail","6":"product_cat-gin","7":"pa_country-japon","8":"pa_volume-70-cl","9":"_wholesalex wsx-wholesalex-product","11":"first","12":"instock","13":"taxable","14":"shipping-taxable","15":"purchasable","16":"product-type-simple"},"_links":{"self":[{"href":"https:\/\/petitecave.ch\/de\/wp-json\/wp\/v2\/product\/9950","targetHints":{"allow":["GET"]}}],"collection":[{"href":"https:\/\/petitecave.ch\/de\/wp-json\/wp\/v2\/product"}],"about":[{"href":"https:\/\/petitecave.ch\/de\/wp-json\/wp\/v2\/types\/product"}],"replies":[{"embeddable":true,"href":"https:\/\/petitecave.ch\/de\/wp-json\/wp\/v2\/comments?post=9950"}],"wp:featuredmedia":[{"embeddable":true,"href":"https:\/\/petitecave.ch\/de\/wp-json\/wp\/v2\/media\/13403"}],"wp:attachment":[{"href":"https:\/\/petitecave.ch\/de\/wp-json\/wp\/v2\/media?parent=9950"}],"wp:term":[{"taxonomy":"product_cat","embeddable":true,"href":"https:\/\/petitecave.ch\/de\/wp-json\/wp\/v2\/product_cat?post=9950"},{"taxonomy":"product_tag","embeddable":true,"href":"https:\/\/petitecave.ch\/de\/wp-json\/wp\/v2\/product_tag?post=9950"}],"curies":[{"name":"wp","href":"https:\/\/api.w.org\/{rel}","templated":true}]}}