{"id":9941,"date":"2025-10-28T10:50:55","date_gmt":"2025-10-28T10:50:55","guid":{"rendered":""},"modified":"2026-02-20T12:33:12","modified_gmt":"2026-02-20T11:33:12","slug":"fever-tree-raspberry-rhubarb-tonic-water","status":"publish","type":"product","link":"https:\/\/petitecave.ch\/de\/product\/fever-tree-raspberry-rhubarb-tonic-water\/","title":{"rendered":"Fever-Tree Raspberry &#038; Rhubarb Tonic Water 4x20cl"},"content":{"rendered":"<p>Les saveurs de la rhubarbe anglaise et des framboises \u00e9cossaises se combinent pour cr\u00e9er une eau tonique et sucr\u00e9e au go\u00fbt aussi fruit\u00e9 que rafra\u00eechissant. Parfait \u00e0 m\u00e9lang\u00e9 au gin, \u00e0 la vodka ou en ap\u00e9ritif pour des boissons pleins de joie de vivre !<\/p>","protected":false},"excerpt":{"rendered":"<p><b>Fever-Tree Raspberry &amp; Rhubarb Tonic W<\/b><b>ater<\/b><\/p>","protected":false},"featured_media":13393,"comment_status":"open","ping_status":"closed","template":"","meta":[],"product_cat":[251],"product_tag":[],"class_list":{"0":"post-9941","1":"product","2":"type-product","3":"status-publish","4":"has-post-thumbnail","6":"product_cat-boissons-sans-alcool","7":"pa_country-angleterre","8":"_wholesalex wsx-wholesalex-product","10":"first","11":"instock","12":"taxable","13":"shipping-taxable","14":"purchasable","15":"product-type-simple"},"_links":{"self":[{"href":"https:\/\/petitecave.ch\/de\/wp-json\/wp\/v2\/product\/9941","targetHints":{"allow":["GET"]}}],"collection":[{"href":"https:\/\/petitecave.ch\/de\/wp-json\/wp\/v2\/product"}],"about":[{"href":"https:\/\/petitecave.ch\/de\/wp-json\/wp\/v2\/types\/product"}],"replies":[{"embeddable":true,"href":"https:\/\/petitecave.ch\/de\/wp-json\/wp\/v2\/comments?post=9941"}],"wp:featuredmedia":[{"embeddable":true,"href":"https:\/\/petitecave.ch\/de\/wp-json\/wp\/v2\/media\/13393"}],"wp:attachment":[{"href":"https:\/\/petitecave.ch\/de\/wp-json\/wp\/v2\/media?parent=9941"}],"wp:term":[{"taxonomy":"product_cat","embeddable":true,"href":"https:\/\/petitecave.ch\/de\/wp-json\/wp\/v2\/product_cat?post=9941"},{"taxonomy":"product_tag","embeddable":true,"href":"https:\/\/petitecave.ch\/de\/wp-json\/wp\/v2\/product_tag?post=9941"}],"curies":[{"name":"wp","href":"https:\/\/api.w.org\/{rel}","templated":true}]}}