{"id":9900,"date":"2025-10-28T10:50:19","date_gmt":"2025-10-28T10:50:19","guid":{"rendered":""},"modified":"2026-04-07T14:04:25","modified_gmt":"2026-04-07T12:04:25","slug":"la-mineuse-brasserie-la-mine-33cl","status":"publish","type":"product","link":"https:\/\/petitecave.ch\/de\/product\/la-mineuse-brasserie-la-mine-33cl\/","title":{"rendered":"La Mineuse &#8211; Brasserie La Mine 33cl"},"content":{"rendered":"<p><b>Amertume :<\/b> 1\/5<\/p>\n<p><b>Houblonnage :<\/b> 2\/5<\/p>\n<p><b>Corps :<\/b> 3\/5<\/p>\n<p><b>Acidit\u00e9 :<\/b> 3\/5<\/p>","protected":false},"excerpt":{"rendered":"<p><b>La Mineuse Gose &#8211; Brasserie La Mine &#8211; Bex<\/b><\/p>\n<p>\u00a0<\/p>\n<p><i>Une bi\u00e8re l\u00e9g\u00e8rement sal\u00e9e et acidul\u00e9e. Produite en collaboration avec les Mines de Sel de Bex.<\/i><\/p>","protected":false},"featured_media":18833,"comment_status":"open","ping_status":"closed","template":"","meta":[],"product_cat":[250],"product_tag":[],"class_list":{"0":"post-9900","1":"product","2":"type-product","3":"status-publish","4":"has-post-thumbnail","6":"product_cat-bieres","7":"pa_categorie-bieres-blondes","8":"pa_color-blonde","9":"pa_country-suisse","10":"pa_style-gose","11":"pa_type-biere-artisanale","12":"_wholesalex wsx-wholesalex-product","14":"first","15":"instock","16":"taxable","17":"shipping-taxable","18":"purchasable","19":"product-type-simple"},"_links":{"self":[{"href":"https:\/\/petitecave.ch\/de\/wp-json\/wp\/v2\/product\/9900","targetHints":{"allow":["GET"]}}],"collection":[{"href":"https:\/\/petitecave.ch\/de\/wp-json\/wp\/v2\/product"}],"about":[{"href":"https:\/\/petitecave.ch\/de\/wp-json\/wp\/v2\/types\/product"}],"replies":[{"embeddable":true,"href":"https:\/\/petitecave.ch\/de\/wp-json\/wp\/v2\/comments?post=9900"}],"wp:featuredmedia":[{"embeddable":true,"href":"https:\/\/petitecave.ch\/de\/wp-json\/wp\/v2\/media\/18833"}],"wp:attachment":[{"href":"https:\/\/petitecave.ch\/de\/wp-json\/wp\/v2\/media?parent=9900"}],"wp:term":[{"taxonomy":"product_cat","embeddable":true,"href":"https:\/\/petitecave.ch\/de\/wp-json\/wp\/v2\/product_cat?post=9900"},{"taxonomy":"product_tag","embeddable":true,"href":"https:\/\/petitecave.ch\/de\/wp-json\/wp\/v2\/product_tag?post=9900"}],"curies":[{"name":"wp","href":"https:\/\/api.w.org\/{rel}","templated":true}]}}