{"id":9899,"date":"2025-10-28T10:50:18","date_gmt":"2025-10-28T10:50:18","guid":{"rendered":""},"modified":"2026-02-13T11:20:37","modified_gmt":"2026-02-13T10:20:37","slug":"jupiler-0-25cl","status":"publish","type":"product","link":"https:\/\/petitecave.ch\/de\/product\/jupiler-0-25cl\/","title":{"rendered":"Jupiler 0% 25cl"},"content":{"rendered":"<p><strong>Visuel :<\/strong> Blonde p\u00e2le, limpide avec une mousse bien blanche<\/p>\n<p><strong>Nez :<\/strong> Ar\u00f4mes de houblon, de c\u00e9r\u00e9ales et de malt<\/p>\n<p><strong>Go\u00fbt :<\/strong> Saveurs malt\u00e9es, fruit\u00e9es, houblonn\u00e9es avec une fine amertume<\/p>","protected":false},"excerpt":{"rendered":"<p><strong>Jupiler 0%\u00a0&#8211; Brasserie Jupiler\u00a0<\/strong><\/p>\n<\/p>\n<p>La Jupiler 0% est enti\u00e8rement ferment\u00e9e avant d&rsquo;\u00eatre d\u00e9salcoolis\u00e9e.\u00a0Gr\u00e2ce \u00e0 ce proc\u00e9d\u00e9 elle a un go\u00fbt unique et est rafra\u00eechissante telle une vraie bi\u00e8re.\u00a0<\/p>\n<p><em>La Jupiler est une bi\u00e8re blonde de fermentation basse et de type Pils brass\u00e9e depuis 1966 en Belgique. En pr\u00e8s de 50 ans, elle a su s&rsquo;imposer comme la r\u00e9f\u00e9rence en termes de pils belge. Ainsi, elle est devenue la bi\u00e8re la plus vendue en Belgique !\u00a0<\/em><i>Sa popularit\u00e9 lui a d&rsquo;ailleurs valu d&rsquo;avoir son nom associ\u00e9 \u00e0 un championnat de football belge. Issue d&rsquo;une s\u00e9lection des meilleurs ingr\u00e9dients, elle offre un go\u00fbt l\u00e9ger et rafra\u00eechissant qui s&rsquo;appr\u00e9cie en toutes circonstances.<\/i><\/p>","protected":false},"featured_media":13350,"comment_status":"open","ping_status":"closed","template":"","meta":[],"product_cat":[250,251],"product_tag":[],"class_list":{"0":"post-9899","1":"product","2":"type-product","3":"status-publish","4":"has-post-thumbnail","6":"product_cat-bieres","7":"product_cat-boissons-sans-alcool","8":"pa_color-blonde","9":"pa_country-belgique","10":"pa_style-pils","11":"product_deptype-0-30","12":"_wholesalex wsx-wholesalex-product","14":"first","15":"instock","16":"taxable","17":"shipping-taxable","18":"purchasable","19":"product-type-simple"},"_links":{"self":[{"href":"https:\/\/petitecave.ch\/de\/wp-json\/wp\/v2\/product\/9899","targetHints":{"allow":["GET"]}}],"collection":[{"href":"https:\/\/petitecave.ch\/de\/wp-json\/wp\/v2\/product"}],"about":[{"href":"https:\/\/petitecave.ch\/de\/wp-json\/wp\/v2\/types\/product"}],"replies":[{"embeddable":true,"href":"https:\/\/petitecave.ch\/de\/wp-json\/wp\/v2\/comments?post=9899"}],"wp:featuredmedia":[{"embeddable":true,"href":"https:\/\/petitecave.ch\/de\/wp-json\/wp\/v2\/media\/13350"}],"wp:attachment":[{"href":"https:\/\/petitecave.ch\/de\/wp-json\/wp\/v2\/media?parent=9899"}],"wp:term":[{"taxonomy":"product_cat","embeddable":true,"href":"https:\/\/petitecave.ch\/de\/wp-json\/wp\/v2\/product_cat?post=9899"},{"taxonomy":"product_tag","embeddable":true,"href":"https:\/\/petitecave.ch\/de\/wp-json\/wp\/v2\/product_tag?post=9899"}],"curies":[{"name":"wp","href":"https:\/\/api.w.org\/{rel}","templated":true}]}}