{"id":9889,"date":"2025-10-28T10:50:09","date_gmt":"2025-10-28T10:50:09","guid":{"rendered":""},"modified":"2026-02-20T15:55:57","modified_gmt":"2026-02-20T14:55:57","slug":"gin-liqueur-prune-vanille-edinburgh-50cl","status":"publish","type":"product","link":"https:\/\/petitecave.ch\/de\/product\/gin-liqueur-prune-vanille-edinburgh-50cl\/","title":{"rendered":"Gin Liqueur Prune &#038; Vanille Edinburgh 50cl"},"content":{"rendered":"<p><strong>Nez :<\/strong> Ar\u00f4mes riches, sucr\u00e9s, de fruits \u00e0 noyau avec une pointe d\u2019amandes<\/p>\n<p><strong>Go\u00fbt :<\/strong> Saveurs de prune juteuses et brillantes, enroul\u00e9es autour d\u2019une sensation en bouche succulente, la finale se fait sur des notes chaudes de vanille et fruits persistants<\/p>","protected":false},"excerpt":{"rendered":"<p>Prune &amp; Vanille Gin Liqueur Edinburgh &#8211; Edinburgh Gin Distillery\u00a0<\/p>\n<\/p>\n<p>Des ar\u00f4mes riches, sucr\u00e9s et de fruits \u00e0 noyau avec une pointe d\u2019amandes au nez, des saveurs de prune juteuses et brillantes, enroul\u00e9es autour d\u2019une sensation en bouche succulente en bouche. Notes chaudes de vanille et notes de fruits persistantes en finale.<\/p>\n<p>D\u00e9licieux servi sur de la glace, garni de vin mousseux ou m\u00e9lang\u00e9 avec du soda. Il fait \u00e9galement un bel ajout \u00e0 un acide classique, la riche douceur compl\u00e9t\u00e9e parfaitement par le citron piquant.<\/p>","protected":false},"featured_media":13339,"comment_status":"open","ping_status":"open","template":"","meta":[],"product_cat":[279,269],"product_tag":[],"class_list":{"0":"post-9889","1":"product","2":"type-product","3":"status-publish","4":"has-post-thumbnail","6":"product_cat-gin","7":"product_cat-liqueurs","8":"pa_country-ecosse","9":"pa_volume-50cl","10":"_wholesalex wsx-wholesalex-product","12":"first","13":"instock","14":"taxable","15":"shipping-taxable","16":"purchasable","17":"product-type-simple"},"_links":{"self":[{"href":"https:\/\/petitecave.ch\/de\/wp-json\/wp\/v2\/product\/9889","targetHints":{"allow":["GET"]}}],"collection":[{"href":"https:\/\/petitecave.ch\/de\/wp-json\/wp\/v2\/product"}],"about":[{"href":"https:\/\/petitecave.ch\/de\/wp-json\/wp\/v2\/types\/product"}],"replies":[{"embeddable":true,"href":"https:\/\/petitecave.ch\/de\/wp-json\/wp\/v2\/comments?post=9889"}],"wp:featuredmedia":[{"embeddable":true,"href":"https:\/\/petitecave.ch\/de\/wp-json\/wp\/v2\/media\/13339"}],"wp:attachment":[{"href":"https:\/\/petitecave.ch\/de\/wp-json\/wp\/v2\/media?parent=9889"}],"wp:term":[{"taxonomy":"product_cat","embeddable":true,"href":"https:\/\/petitecave.ch\/de\/wp-json\/wp\/v2\/product_cat?post=9889"},{"taxonomy":"product_tag","embeddable":true,"href":"https:\/\/petitecave.ch\/de\/wp-json\/wp\/v2\/product_tag?post=9889"}],"curies":[{"name":"wp","href":"https:\/\/api.w.org\/{rel}","templated":true}]}}