{"id":9887,"date":"2025-10-28T10:50:07","date_gmt":"2025-10-28T10:50:07","guid":{"rendered":""},"modified":"2026-02-20T17:50:37","modified_gmt":"2026-02-20T16:50:37","slug":"whisky-penderyn-celt-70cl","status":"publish","type":"product","link":"https:\/\/petitecave.ch\/de\/product\/whisky-penderyn-celt-70cl\/","title":{"rendered":"Whisky Penderyn Celt 70cl"},"content":{"rendered":"<p><strong>Nez :\u00a0<\/strong>Il \u00e9voque la vanille et le zeste d&rsquo;orange, suivi de notes de tourbe<\/p>\n<p><strong>Bouche :\u00a0<\/strong>Fruit\u00e9e, la tourbe est plus prononc\u00e9e qu&rsquo;au nez tout en restant l\u00e9g\u00e8re<\/p>\n<p><strong>Finale :\u00a0<\/strong>S\u00e8che et de bonne persistance<\/p>","protected":false},"excerpt":{"rendered":"<p><strong>Whisky Penderyn Celt &#8211; Single Malt<\/strong><\/p>\n<\/p>\n<p><em><\/em><\/p>\n<p><i>Penderyn Celt affiche fi\u00e8rement ses origines avec le dragon rouge embl\u00e8me du Pays de Galles. Ce single malt non filtr\u00e9 \u00e0 froid est distill\u00e9 dans un alambic unique au monde con\u00e7u par l\u2019ing\u00e9nieur chimiste David Faraday. Le distillat (non-tourb\u00e9) qui en d\u00e9coule est extr\u00eamement doux et fruit\u00e9. Il est ensuite vieilli dans des ex-f\u00fbts de bourbon avant de finir sa maturation dans des f\u00fbts ayant contenu du whisky \u00e9cossais tourb\u00e9 lui conf\u00e9rant ainsi un profil l\u00e9g\u00e8rement fum\u00e9.<\/i><\/p>","protected":false},"featured_media":13337,"comment_status":"open","ping_status":"open","template":"","meta":[],"product_cat":[277],"product_tag":[],"class_list":{"0":"post-9887","1":"product","2":"type-product","3":"status-publish","4":"has-post-thumbnail","6":"product_cat-whisky","7":"pa_country-angleterre","8":"pa_style-single-malt","9":"pa_volume-70-cl","10":"_wholesalex wsx-wholesalex-product","12":"first","13":"instock","14":"taxable","15":"shipping-taxable","16":"purchasable","17":"product-type-simple"},"_links":{"self":[{"href":"https:\/\/petitecave.ch\/de\/wp-json\/wp\/v2\/product\/9887","targetHints":{"allow":["GET"]}}],"collection":[{"href":"https:\/\/petitecave.ch\/de\/wp-json\/wp\/v2\/product"}],"about":[{"href":"https:\/\/petitecave.ch\/de\/wp-json\/wp\/v2\/types\/product"}],"replies":[{"embeddable":true,"href":"https:\/\/petitecave.ch\/de\/wp-json\/wp\/v2\/comments?post=9887"}],"wp:featuredmedia":[{"embeddable":true,"href":"https:\/\/petitecave.ch\/de\/wp-json\/wp\/v2\/media\/13337"}],"wp:attachment":[{"href":"https:\/\/petitecave.ch\/de\/wp-json\/wp\/v2\/media?parent=9887"}],"wp:term":[{"taxonomy":"product_cat","embeddable":true,"href":"https:\/\/petitecave.ch\/de\/wp-json\/wp\/v2\/product_cat?post=9887"},{"taxonomy":"product_tag","embeddable":true,"href":"https:\/\/petitecave.ch\/de\/wp-json\/wp\/v2\/product_tag?post=9887"}],"curies":[{"name":"wp","href":"https:\/\/api.w.org\/{rel}","templated":true}]}}