{"id":9882,"date":"2025-10-28T10:50:03","date_gmt":"2025-10-28T10:50:03","guid":{"rendered":""},"modified":"2026-02-20T17:42:38","modified_gmt":"2026-02-20T16:42:38","slug":"whisky-armorik-triagoz-single-malt-70cl","status":"publish","type":"product","link":"https:\/\/petitecave.ch\/de\/product\/whisky-armorik-triagoz-single-malt-70cl\/","title":{"rendered":"Whisky Armorik Triagoz Single Malt 70cl"},"content":{"rendered":"<p><b>Nez : <\/b>Premier nez sur le fruit (p\u00eache blanche et poire), imm\u00e9diatement suivi de la tourbe (notes m\u00e9dicinales, clou de girofle) avec une pointe de vanille<\/p>\n<p><b>Bouche :<\/b> Attaque sur le feu de bois, chaleureux et \u00e9pic\u00e9. Rondeur avec des notes de fra\u00eecheur (citron). Le tout est accompagn\u00e9 d\u2019une note de fum\u00e9e persistante<\/p>\n<p><b>Finale : <\/b>Tr\u00e8s persistante sur la cendre, la poire et des notes de poivre<\/p>","protected":false},"excerpt":{"rendered":"<p><strong>Whisky Armorik Triagoz &#8211; Distillerie Warenghem &#8211;\u00a0 Lannion (Bretagne)\u00a0<\/strong><\/p>\n<p><i>Maturation : \u00c9levage en f\u00fbt de Bourbon<\/i><\/p>\n<p><i>Disponibilit\u00e9 : \u00c9dition limit\u00e9e \u00e0 2&rsquo;000 bouteilles<\/i><\/p>\n<\/p>\n<p><em>Armorik Triagoz est un hommage au petit archipel sauvage des Triagoz, au large de la c\u00f4te de granit rose. Il s\u2019agit du premier single malt fum\u00e9 de la distillerie : une rencontre entre le caract\u00e8re riche et fruit\u00e9 d\u2019Armorik et de d\u00e9licates notes de tourbe.<\/em><\/p>","protected":false},"featured_media":13332,"comment_status":"open","ping_status":"open","template":"","meta":[],"product_cat":[277],"product_tag":[],"class_list":{"0":"post-9882","1":"product","2":"type-product","3":"status-publish","4":"has-post-thumbnail","6":"product_cat-whisky","7":"pa_country-france","8":"pa_type-single-malt","9":"pa_volume-70-cl","10":"_wholesalex wsx-wholesalex-product","12":"first","13":"instock","14":"taxable","15":"shipping-taxable","16":"purchasable","17":"product-type-simple"},"_links":{"self":[{"href":"https:\/\/petitecave.ch\/de\/wp-json\/wp\/v2\/product\/9882","targetHints":{"allow":["GET"]}}],"collection":[{"href":"https:\/\/petitecave.ch\/de\/wp-json\/wp\/v2\/product"}],"about":[{"href":"https:\/\/petitecave.ch\/de\/wp-json\/wp\/v2\/types\/product"}],"replies":[{"embeddable":true,"href":"https:\/\/petitecave.ch\/de\/wp-json\/wp\/v2\/comments?post=9882"}],"wp:featuredmedia":[{"embeddable":true,"href":"https:\/\/petitecave.ch\/de\/wp-json\/wp\/v2\/media\/13332"}],"wp:attachment":[{"href":"https:\/\/petitecave.ch\/de\/wp-json\/wp\/v2\/media?parent=9882"}],"wp:term":[{"taxonomy":"product_cat","embeddable":true,"href":"https:\/\/petitecave.ch\/de\/wp-json\/wp\/v2\/product_cat?post=9882"},{"taxonomy":"product_tag","embeddable":true,"href":"https:\/\/petitecave.ch\/de\/wp-json\/wp\/v2\/product_tag?post=9882"}],"curies":[{"name":"wp","href":"https:\/\/api.w.org\/{rel}","templated":true}]}}