{"id":9880,"date":"2025-10-28T10:50:02","date_gmt":"2025-10-28T10:50:02","guid":{"rendered":""},"modified":"2026-02-20T17:30:15","modified_gmt":"2026-02-20T16:30:15","slug":"vodka-ciroc-pineapple-70cl","status":"publish","type":"product","link":"https:\/\/petitecave.ch\/de\/product\/vodka-ciroc-pineapple-70cl\/","title":{"rendered":"Vodka Ciroc Pineapple 70cl"},"content":{"rendered":"<p>Cette vodka est \u00e9labor\u00e9e \u00e0 partir de raisins de Mauzac Blanc et d&rsquo;Ugni Blanc , quintuplement distill\u00e9e et aromatis\u00e9e \u00e0 l&rsquo;ananas.<\/p>","protected":false},"excerpt":{"rendered":"<p><b>Ciroc\u00a0Pineapple\u00a0Vodka <\/b><\/p>","protected":false},"featured_media":13330,"comment_status":"open","ping_status":"open","template":"","meta":[],"product_cat":[275],"product_tag":[],"class_list":{"0":"post-9880","1":"product","2":"type-product","3":"status-publish","4":"has-post-thumbnail","6":"product_cat-vodka","7":"pa_country-france","8":"pa_volume-70-cl","9":"_wholesalex wsx-wholesalex-product","11":"first","12":"instock","13":"taxable","14":"shipping-taxable","15":"purchasable","16":"product-type-simple"},"_links":{"self":[{"href":"https:\/\/petitecave.ch\/de\/wp-json\/wp\/v2\/product\/9880","targetHints":{"allow":["GET"]}}],"collection":[{"href":"https:\/\/petitecave.ch\/de\/wp-json\/wp\/v2\/product"}],"about":[{"href":"https:\/\/petitecave.ch\/de\/wp-json\/wp\/v2\/types\/product"}],"replies":[{"embeddable":true,"href":"https:\/\/petitecave.ch\/de\/wp-json\/wp\/v2\/comments?post=9880"}],"wp:featuredmedia":[{"embeddable":true,"href":"https:\/\/petitecave.ch\/de\/wp-json\/wp\/v2\/media\/13330"}],"wp:attachment":[{"href":"https:\/\/petitecave.ch\/de\/wp-json\/wp\/v2\/media?parent=9880"}],"wp:term":[{"taxonomy":"product_cat","embeddable":true,"href":"https:\/\/petitecave.ch\/de\/wp-json\/wp\/v2\/product_cat?post=9880"},{"taxonomy":"product_tag","embeddable":true,"href":"https:\/\/petitecave.ch\/de\/wp-json\/wp\/v2\/product_tag?post=9880"}],"curies":[{"name":"wp","href":"https:\/\/api.w.org\/{rel}","templated":true}]}}