{"id":9877,"date":"2025-10-28T10:49:59","date_gmt":"2025-10-28T10:49:59","guid":{"rendered":""},"modified":"2026-02-20T17:28:42","modified_gmt":"2026-02-20T16:28:42","slug":"vodka-ciroc-coconut-70cl","status":"publish","type":"product","link":"https:\/\/petitecave.ch\/de\/product\/vodka-ciroc-coconut-70cl\/","title":{"rendered":"Vodka Ciroc Coconut 70cl"},"content":{"rendered":"<p>Cette vodka est \u00e9labor\u00e9e \u00e0 partir de raisins de Mauzac Blanc et d&rsquo;Ugni Blanc , quintuplement distill\u00e9e et aromatis\u00e9e \u00e0 la noix de coco.<\/p>","protected":false},"excerpt":{"rendered":"<p><b>Ciroc Coconut Vodka<\/b><\/p>","protected":false},"featured_media":13327,"comment_status":"open","ping_status":"open","template":"","meta":[],"product_cat":[275],"product_tag":[],"class_list":{"0":"post-9877","1":"product","2":"type-product","3":"status-publish","4":"has-post-thumbnail","6":"product_cat-vodka","7":"pa_country-france","8":"pa_volume-70-cl","9":"_wholesalex wsx-wholesalex-product","11":"first","12":"instock","13":"taxable","14":"shipping-taxable","15":"purchasable","16":"product-type-simple"},"_links":{"self":[{"href":"https:\/\/petitecave.ch\/de\/wp-json\/wp\/v2\/product\/9877","targetHints":{"allow":["GET"]}}],"collection":[{"href":"https:\/\/petitecave.ch\/de\/wp-json\/wp\/v2\/product"}],"about":[{"href":"https:\/\/petitecave.ch\/de\/wp-json\/wp\/v2\/types\/product"}],"replies":[{"embeddable":true,"href":"https:\/\/petitecave.ch\/de\/wp-json\/wp\/v2\/comments?post=9877"}],"wp:featuredmedia":[{"embeddable":true,"href":"https:\/\/petitecave.ch\/de\/wp-json\/wp\/v2\/media\/13327"}],"wp:attachment":[{"href":"https:\/\/petitecave.ch\/de\/wp-json\/wp\/v2\/media?parent=9877"}],"wp:term":[{"taxonomy":"product_cat","embeddable":true,"href":"https:\/\/petitecave.ch\/de\/wp-json\/wp\/v2\/product_cat?post=9877"},{"taxonomy":"product_tag","embeddable":true,"href":"https:\/\/petitecave.ch\/de\/wp-json\/wp\/v2\/product_tag?post=9877"}],"curies":[{"name":"wp","href":"https:\/\/api.w.org\/{rel}","templated":true}]}}