{"id":9863,"date":"2025-10-28T10:49:47","date_gmt":"2025-10-28T10:49:47","guid":{"rendered":""},"modified":"2026-02-20T15:47:59","modified_gmt":"2026-02-20T14:47:59","slug":"gin-engine-pure-organic-50cl","status":"publish","type":"product","link":"https:\/\/petitecave.ch\/de\/product\/gin-engine-pure-organic-50cl\/","title":{"rendered":"Gin Engine Pure Organic 50cl"},"content":{"rendered":"<p>Issu de l&rsquo;agriculture biologique.<\/p>\n<p><strong>Nez :\u00a0<\/strong>Notes balsamiques de geni\u00e8vre, suivies de parfums de fleurs de rose de Damas, bien \u00e9quilibr\u00e9s par des notes de fra\u00eeches de citron et un soup\u00e7on de sauge<\/p>\n<p><strong>Bouche :\u00a0<\/strong>Les ar\u00f4mes du nez se confirment, l\u00e9g\u00e8re amertume due \u00e0 la pr\u00e9sence de la sauge plus prononc\u00e9e\u00a0<\/p>\n<p><strong>Finale :<\/strong> Longue, bien \u00e9quilibr\u00e9e et adoucie par des notes de r\u00e9glisse<\/p>","protected":false},"excerpt":{"rendered":"<p>Gin Engine Pure Organic<\/p>\n<\/p>\n<p>Le gin biologique provient de la r\u00e9gion des Langhe dans le Pi\u00e9mont, en Italie. Pour la production du gin Engine, on utilise un proc\u00e9d\u00e9 sp\u00e9cial avec un cuiseur \u00e0 vapeur rotatif, qui distille le gin sous vide \u00e0 tr\u00e8s basse temp\u00e9rature. Gr\u00e2ce \u00e0 ce proc\u00e9d\u00e9, le gin acquiert son caract\u00e8re intense avec une note citronn\u00e9e et sal\u00e9e. Les principaux ingr\u00e9dients sont des zestes de citron, des feuilles de sauge et des baies de geni\u00e8vre. Les plantes sont compl\u00e9t\u00e9es par des p\u00e9tales de rose et des racines de r\u00e9glisse. Tous les ingr\u00e9dients sont issus \u00e0 100% de l&rsquo;agriculture biologique.<\/p>\n<p>\u00a0Le gin Engine poss\u00e8de un emballage sp\u00e9cial brevet\u00e9, qui rappelle le monde des moteurs: un bidon.<\/p>","protected":false},"featured_media":13313,"comment_status":"open","ping_status":"open","template":"","meta":[],"product_cat":[279],"product_tag":[],"class_list":{"0":"post-9863","1":"product","2":"type-product","3":"status-publish","4":"has-post-thumbnail","6":"product_cat-gin","7":"pa_country-italie","8":"pa_volume-50cl","9":"_wholesalex wsx-wholesalex-product","11":"first","12":"instock","13":"taxable","14":"shipping-taxable","15":"purchasable","16":"product-type-simple"},"yoast_head":"<!-- This site is optimized with the Yoast SEO plugin v27.4 - https:\/\/yoast.com\/product\/yoast-seo-wordpress\/ -->\n<title>Gin Engine Pure Organic 50cl | La Petite Cave du Chablais<\/title>\n<meta name=\"robots\" content=\"index, follow, max-snippet:-1, max-image-preview:large, max-video-preview:-1\" \/>\n<link rel=\"canonical\" href=\"https:\/\/petitecave.ch\/de\/product\/gin-engine-pure-organic-50cl\/\" \/>\n<meta property=\"og:locale\" content=\"de_DE\" \/>\n<meta property=\"og:type\" content=\"article\" \/>\n<meta property=\"og:title\" content=\"Gin Engine Pure Organic 50cl | La Petite Cave du Chablais\" \/>\n<meta property=\"og:description\" content=\"Gin Engine Pure Organic Le gin biologique provient de la r\u00e9gion des Langhe dans le Pi\u00e9mont, en Italie. Pour la production du gin Engine, on utilise un proc\u00e9d\u00e9 sp\u00e9cial avec un cuiseur \u00e0 vapeur rotatif, qui distille le gin sous vide \u00e0 tr\u00e8s basse temp\u00e9rature. Gr\u00e2ce \u00e0 ce proc\u00e9d\u00e9, le gin acquiert son caract\u00e8re intense avec une note citronn\u00e9e et sal\u00e9e. Les principaux ingr\u00e9dients sont des zestes de citron, des feuilles de sauge et des baies de geni\u00e8vre. Les plantes sont compl\u00e9t\u00e9es par des p\u00e9tales de rose et des racines de r\u00e9glisse. Tous les ingr\u00e9dients sont issus \u00e0 100% de l&#039;agriculture biologique. \u00a0Le gin Engine poss\u00e8de un emballage sp\u00e9cial brevet\u00e9, qui rappelle le monde des moteurs: un bidon.\" \/>\n<meta property=\"og:url\" content=\"https:\/\/petitecave.ch\/de\/product\/gin-engine-pure-organic-50cl\/\" \/>\n<meta property=\"og:site_name\" content=\"La Petite Cave du Chablais\" \/>\n<meta property=\"article:publisher\" content=\"https:\/\/www.facebook.com\/LaPetiteCaveDuChablais\" \/>\n<meta property=\"article:modified_time\" content=\"2026-02-20T14:47:59+00:00\" \/>\n<meta property=\"og:image\" content=\"https:\/\/petitecave.ch\/wp-content\/uploads\/2025\/10\/9863_5367_cover.jpg\" \/>\n\t<meta property=\"og:image:width\" content=\"1000\" \/>\n\t<meta property=\"og:image:height\" content=\"1700\" \/>\n\t<meta property=\"og:image:type\" content=\"image\/jpeg\" \/>\n<meta name=\"twitter:card\" content=\"summary_large_image\" \/>\n<script type=\"application\/ld+json\" class=\"yoast-schema-graph\">{\"@context\":\"https:\\\/\\\/schema.org\",\"@graph\":[{\"@type\":\"WebPage\",\"@id\":\"https:\\\/\\\/petitecave.ch\\\/product\\\/gin-engine-pure-organic-50cl\\\/\",\"url\":\"https:\\\/\\\/petitecave.ch\\\/product\\\/gin-engine-pure-organic-50cl\\\/\",\"name\":\"Gin Engine Pure Organic 50cl | La Petite Cave du Chablais\",\"isPartOf\":{\"@id\":\"https:\\\/\\\/petitecave.ch\\\/de\\\/#website\"},\"primaryImageOfPage\":{\"@id\":\"https:\\\/\\\/petitecave.ch\\\/product\\\/gin-engine-pure-organic-50cl\\\/#primaryimage\"},\"image\":{\"@id\":\"https:\\\/\\\/petitecave.ch\\\/product\\\/gin-engine-pure-organic-50cl\\\/#primaryimage\"},\"thumbnailUrl\":\"https:\\\/\\\/petitecave.ch\\\/wp-content\\\/uploads\\\/2025\\\/10\\\/9863_5367_cover.jpg\",\"datePublished\":\"2025-10-28T10:49:47+00:00\",\"dateModified\":\"2026-02-20T14:47:59+00:00\",\"breadcrumb\":{\"@id\":\"https:\\\/\\\/petitecave.ch\\\/product\\\/gin-engine-pure-organic-50cl\\\/#breadcrumb\"},\"inLanguage\":\"de-CH\",\"potentialAction\":[{\"@type\":\"ReadAction\",\"target\":[\"https:\\\/\\\/petitecave.ch\\\/product\\\/gin-engine-pure-organic-50cl\\\/\"]}]},{\"@type\":\"ImageObject\",\"inLanguage\":\"de-CH\",\"@id\":\"https:\\\/\\\/petitecave.ch\\\/product\\\/gin-engine-pure-organic-50cl\\\/#primaryimage\",\"url\":\"https:\\\/\\\/petitecave.ch\\\/wp-content\\\/uploads\\\/2025\\\/10\\\/9863_5367_cover.jpg\",\"contentUrl\":\"https:\\\/\\\/petitecave.ch\\\/wp-content\\\/uploads\\\/2025\\\/10\\\/9863_5367_cover.jpg\",\"width\":1000,\"height\":1700},{\"@type\":\"BreadcrumbList\",\"@id\":\"https:\\\/\\\/petitecave.ch\\\/product\\\/gin-engine-pure-organic-50cl\\\/#breadcrumb\",\"itemListElement\":[{\"@type\":\"ListItem\",\"position\":1,\"name\":\"Accueil\",\"item\":\"https:\\\/\\\/petitecave.ch\\\/de\\\/\"},{\"@type\":\"ListItem\",\"position\":2,\"name\":\"Produkte\",\"item\":\"https:\\\/\\\/petitecave.ch\\\/de\\\/shop\\\/\"},{\"@type\":\"ListItem\",\"position\":3,\"name\":\"Gin Engine Pure Organic 50cl\"}]},{\"@type\":\"WebSite\",\"@id\":\"https:\\\/\\\/petitecave.ch\\\/de\\\/#website\",\"url\":\"https:\\\/\\\/petitecave.ch\\\/de\\\/\",\"name\":\"La Petite Cave du Chablais\",\"description\":\"Vins, bi\u00e8res et spiritueux en ligne !\",\"publisher\":{\"@id\":\"https:\\\/\\\/petitecave.ch\\\/de\\\/#organization\"},\"alternateName\":\"La Petite Cave\",\"potentialAction\":[{\"@type\":\"SearchAction\",\"target\":{\"@type\":\"EntryPoint\",\"urlTemplate\":\"https:\\\/\\\/petitecave.ch\\\/de\\\/?s={search_term_string}\"},\"query-input\":{\"@type\":\"PropertyValueSpecification\",\"valueRequired\":true,\"valueName\":\"search_term_string\"}}],\"inLanguage\":\"de-CH\"},{\"@type\":\"Organization\",\"@id\":\"https:\\\/\\\/petitecave.ch\\\/de\\\/#organization\",\"name\":\"La Petite Cave du Chablais S\u00e0rl\",\"url\":\"https:\\\/\\\/petitecave.ch\\\/de\\\/\",\"logo\":{\"@type\":\"ImageObject\",\"inLanguage\":\"de-CH\",\"@id\":\"https:\\\/\\\/petitecave.ch\\\/de\\\/#\\\/schema\\\/logo\\\/image\\\/\",\"url\":\"https:\\\/\\\/petitecave.ch\\\/wp-content\\\/uploads\\\/2025\\\/10\\\/petitecavelogo-removebg-preview.png\",\"contentUrl\":\"https:\\\/\\\/petitecave.ch\\\/wp-content\\\/uploads\\\/2025\\\/10\\\/petitecavelogo-removebg-preview.png\",\"width\":800,\"height\":200,\"caption\":\"La Petite Cave du Chablais S\u00e0rl\"},\"image\":{\"@id\":\"https:\\\/\\\/petitecave.ch\\\/de\\\/#\\\/schema\\\/logo\\\/image\\\/\"},\"sameAs\":[\"https:\\\/\\\/www.facebook.com\\\/LaPetiteCaveDuChablais\",\"https:\\\/\\\/www.instagram.com\\\/lapetitecaveduchablais\",\"https:\\\/\\\/www.linkedin.com\\\/company\\\/la-petite-cave-du-chablais\"]}]}<\/script>\n<!-- \/ Yoast SEO plugin. -->","yoast_head_json":{"title":"Gin Engine Pure Organic 50cl | La Petite Cave du Chablais","robots":{"index":"index","follow":"follow","max-snippet":"max-snippet:-1","max-image-preview":"max-image-preview:large","max-video-preview":"max-video-preview:-1"},"canonical":"https:\/\/petitecave.ch\/de\/product\/gin-engine-pure-organic-50cl\/","og_locale":"de_DE","og_type":"article","og_title":"Gin Engine Pure Organic 50cl | La Petite Cave du Chablais","og_description":"Gin Engine Pure Organic Le gin biologique provient de la r\u00e9gion des Langhe dans le Pi\u00e9mont, en Italie. Pour la production du gin Engine, on utilise un proc\u00e9d\u00e9 sp\u00e9cial avec un cuiseur \u00e0 vapeur rotatif, qui distille le gin sous vide \u00e0 tr\u00e8s basse temp\u00e9rature. Gr\u00e2ce \u00e0 ce proc\u00e9d\u00e9, le gin acquiert son caract\u00e8re intense avec une note citronn\u00e9e et sal\u00e9e. Les principaux ingr\u00e9dients sont des zestes de citron, des feuilles de sauge et des baies de geni\u00e8vre. Les plantes sont compl\u00e9t\u00e9es par des p\u00e9tales de rose et des racines de r\u00e9glisse. Tous les ingr\u00e9dients sont issus \u00e0 100% de l'agriculture biologique. \u00a0Le gin Engine poss\u00e8de un emballage sp\u00e9cial brevet\u00e9, qui rappelle le monde des moteurs: un bidon.","og_url":"https:\/\/petitecave.ch\/de\/product\/gin-engine-pure-organic-50cl\/","og_site_name":"La Petite Cave du Chablais","article_publisher":"https:\/\/www.facebook.com\/LaPetiteCaveDuChablais","article_modified_time":"2026-02-20T14:47:59+00:00","og_image":[{"width":1000,"height":1700,"url":"https:\/\/petitecave.ch\/wp-content\/uploads\/2025\/10\/9863_5367_cover.jpg","type":"image\/jpeg"}],"twitter_card":"summary_large_image","schema":{"@context":"https:\/\/schema.org","@graph":[{"@type":"WebPage","@id":"https:\/\/petitecave.ch\/product\/gin-engine-pure-organic-50cl\/","url":"https:\/\/petitecave.ch\/product\/gin-engine-pure-organic-50cl\/","name":"Gin Engine Pure Organic 50cl | La Petite Cave du Chablais","isPartOf":{"@id":"https:\/\/petitecave.ch\/de\/#website"},"primaryImageOfPage":{"@id":"https:\/\/petitecave.ch\/product\/gin-engine-pure-organic-50cl\/#primaryimage"},"image":{"@id":"https:\/\/petitecave.ch\/product\/gin-engine-pure-organic-50cl\/#primaryimage"},"thumbnailUrl":"https:\/\/petitecave.ch\/wp-content\/uploads\/2025\/10\/9863_5367_cover.jpg","datePublished":"2025-10-28T10:49:47+00:00","dateModified":"2026-02-20T14:47:59+00:00","breadcrumb":{"@id":"https:\/\/petitecave.ch\/product\/gin-engine-pure-organic-50cl\/#breadcrumb"},"inLanguage":"de-CH","potentialAction":[{"@type":"ReadAction","target":["https:\/\/petitecave.ch\/product\/gin-engine-pure-organic-50cl\/"]}]},{"@type":"ImageObject","inLanguage":"de-CH","@id":"https:\/\/petitecave.ch\/product\/gin-engine-pure-organic-50cl\/#primaryimage","url":"https:\/\/petitecave.ch\/wp-content\/uploads\/2025\/10\/9863_5367_cover.jpg","contentUrl":"https:\/\/petitecave.ch\/wp-content\/uploads\/2025\/10\/9863_5367_cover.jpg","width":1000,"height":1700},{"@type":"BreadcrumbList","@id":"https:\/\/petitecave.ch\/product\/gin-engine-pure-organic-50cl\/#breadcrumb","itemListElement":[{"@type":"ListItem","position":1,"name":"Accueil","item":"https:\/\/petitecave.ch\/de\/"},{"@type":"ListItem","position":2,"name":"Produkte","item":"https:\/\/petitecave.ch\/de\/shop\/"},{"@type":"ListItem","position":3,"name":"Gin Engine Pure Organic 50cl"}]},{"@type":"WebSite","@id":"https:\/\/petitecave.ch\/de\/#website","url":"https:\/\/petitecave.ch\/de\/","name":"Die kleine Keller des Chablais","description":"Vins, bi\u00e8res et spiritueux en ligne !","publisher":{"@id":"https:\/\/petitecave.ch\/de\/#organization"},"alternateName":"La Petite Cave","potentialAction":[{"@type":"SearchAction","target":{"@type":"EntryPoint","urlTemplate":"https:\/\/petitecave.ch\/de\/?s={search_term_string}"},"query-input":{"@type":"PropertyValueSpecification","valueRequired":true,"valueName":"search_term_string"}}],"inLanguage":"de-CH"},{"@type":"Organization","@id":"https:\/\/petitecave.ch\/de\/#organization","name":"La Petite Cave du Chablais S\u00e0rl","url":"https:\/\/petitecave.ch\/de\/","logo":{"@type":"ImageObject","inLanguage":"de-CH","@id":"https:\/\/petitecave.ch\/de\/#\/schema\/logo\/image\/","url":"https:\/\/petitecave.ch\/wp-content\/uploads\/2025\/10\/petitecavelogo-removebg-preview.png","contentUrl":"https:\/\/petitecave.ch\/wp-content\/uploads\/2025\/10\/petitecavelogo-removebg-preview.png","width":800,"height":200,"caption":"La Petite Cave du Chablais S\u00e0rl"},"image":{"@id":"https:\/\/petitecave.ch\/de\/#\/schema\/logo\/image\/"},"sameAs":["https:\/\/www.facebook.com\/LaPetiteCaveDuChablais","https:\/\/www.instagram.com\/lapetitecaveduchablais","https:\/\/www.linkedin.com\/company\/la-petite-cave-du-chablais"]}]}},"_links":{"self":[{"href":"https:\/\/petitecave.ch\/de\/wp-json\/wp\/v2\/product\/9863","targetHints":{"allow":["GET"]}}],"collection":[{"href":"https:\/\/petitecave.ch\/de\/wp-json\/wp\/v2\/product"}],"about":[{"href":"https:\/\/petitecave.ch\/de\/wp-json\/wp\/v2\/types\/product"}],"replies":[{"embeddable":true,"href":"https:\/\/petitecave.ch\/de\/wp-json\/wp\/v2\/comments?post=9863"}],"wp:featuredmedia":[{"embeddable":true,"href":"https:\/\/petitecave.ch\/de\/wp-json\/wp\/v2\/media\/13313"}],"wp:attachment":[{"href":"https:\/\/petitecave.ch\/de\/wp-json\/wp\/v2\/media?parent=9863"}],"wp:term":[{"taxonomy":"product_cat","embeddable":true,"href":"https:\/\/petitecave.ch\/de\/wp-json\/wp\/v2\/product_cat?post=9863"},{"taxonomy":"product_tag","embeddable":true,"href":"https:\/\/petitecave.ch\/de\/wp-json\/wp\/v2\/product_tag?post=9863"}],"curies":[{"name":"wp","href":"https:\/\/api.w.org\/{rel}","templated":true}]}}