{"id":9848,"date":"2026-04-09T15:49:34","date_gmt":"2026-04-09T13:49:34","guid":{"rendered":""},"modified":"2026-04-09T16:45:43","modified_gmt":"2026-04-09T14:45:43","slug":"baiocco-merlot-brivio-75cl","status":"publish","type":"product","link":"https:\/\/petitecave.ch\/de\/product\/baiocco-merlot-brivio-75cl\/","title":{"rendered":"Baiocco Merlot &#8211; Guido Brivio 75cl"},"content":{"rendered":"","protected":false},"excerpt":{"rendered":"<p data-start=\"164\" data-end=\"401\"><span style=\"color: #000000;\">D\u00e9couvre le <strong data-start=\"176\" data-end=\"210\">Baiocco Merlot de Guido Brivio<\/strong>, un vin rouge issu du c\u00e9page roi du Tessin, \u00e9lev\u00e9 avec pr\u00e9cision en <strong data-start=\"279\" data-end=\"341\">barriques (2\u00e8me et 3\u00e8me passage) et en cuve durant 10 mois<\/strong>. Une cuv\u00e9e qui allie fra\u00eecheur, structure et gourmandise.<\/span><\/p>\n<p data-start=\"403\" data-end=\"724\"><span style=\"color: #000000;\">Au nez, il d\u00e9voile de <strong data-start=\"425\" data-end=\"463\">belles notes de fruits rouges m\u00fbrs<\/strong>, accompagn\u00e9es de <strong data-start=\"481\" data-end=\"529\">subtiles touches de torr\u00e9faction et d\u2019\u00e9pices<\/strong>, apportant complexit\u00e9 et \u00e9l\u00e9gance. En bouche, l\u2019attaque est <strong data-start=\"590\" data-end=\"612\">fra\u00eeche et fruit\u00e9e<\/strong>, avec une <strong data-start=\"623\" data-end=\"648\">structure harmonieuse<\/strong> et des <strong data-start=\"656\" data-end=\"681\">tanins m\u00fbrs et soyeux<\/strong>, pour une d\u00e9gustation tout en \u00e9quilibre.<\/span><\/p>\n<p data-start=\"403\" data-end=\"724\"><span style=\"color: #000000;\"><strong data-start=\"917\" data-end=\"942\">Accords mets &amp; vins :<\/strong><\/span><br data-start=\"942\" data-end=\"945\" \/><span style=\"color: #000000;\">Id\u00e9al avec des <strong data-start=\"960\" data-end=\"1002\">viandes rouges et des fromages affin\u00e9s<\/strong>, pour sublimer ses ar\u00f4mes et sa structure.<\/span><\/p>","protected":false},"featured_media":19373,"comment_status":"open","ping_status":"closed","template":"","meta":[],"product_cat":[253],"product_tag":[],"class_list":{"0":"post-9848","1":"product","2":"type-product","3":"status-publish","4":"has-post-thumbnail","6":"product_cat-vins","7":"pa_categorie-vins-rouges","8":"pa_color-rouge","9":"pa_country-suisse","10":"pa_volume-75-cl","11":"_wholesalex wsx-wholesalex-product","13":"first","14":"instock","15":"taxable","16":"shipping-taxable","17":"purchasable","18":"product-type-simple"},"yoast_head":"<!-- This site is optimized with the Yoast SEO plugin v27.4 - https:\/\/yoast.com\/product\/yoast-seo-wordpress\/ -->\n<title>Baiocco Merlot - Guido Brivio 75cl | La Petite Cave du Chablais<\/title>\n<meta name=\"robots\" content=\"index, follow, max-snippet:-1, max-image-preview:large, max-video-preview:-1\" \/>\n<link rel=\"canonical\" href=\"https:\/\/petitecave.ch\/de\/product\/baiocco-merlot-brivio-75cl\/\" \/>\n<meta property=\"og:locale\" content=\"de_DE\" \/>\n<meta property=\"og:type\" content=\"article\" \/>\n<meta property=\"og:title\" content=\"Baiocco Merlot - Guido Brivio 75cl | La Petite Cave du Chablais\" \/>\n<meta property=\"og:description\" content=\"D\u00e9couvre le Baiocco Merlot de Guido Brivio, un vin rouge issu du c\u00e9page roi du Tessin, \u00e9lev\u00e9 avec pr\u00e9cision en barriques (2\u00e8me et 3\u00e8me passage) et en cuve durant 10 mois. Une cuv\u00e9e qui allie fra\u00eecheur, structure et gourmandise. Au nez, il d\u00e9voile de belles notes de fruits rouges m\u00fbrs, accompagn\u00e9es de subtiles touches de torr\u00e9faction et d\u2019\u00e9pices, apportant complexit\u00e9 et \u00e9l\u00e9gance. En bouche, l\u2019attaque est fra\u00eeche et fruit\u00e9e, avec une structure harmonieuse et des tanins m\u00fbrs et soyeux, pour une d\u00e9gustation tout en \u00e9quilibre. Accords mets &amp; vins :Id\u00e9al avec des viandes rouges et des fromages affin\u00e9s, pour sublimer ses ar\u00f4mes et sa structure.\" \/>\n<meta property=\"og:url\" content=\"https:\/\/petitecave.ch\/de\/product\/baiocco-merlot-brivio-75cl\/\" \/>\n<meta property=\"og:site_name\" content=\"La Petite Cave du Chablais\" \/>\n<meta property=\"article:publisher\" content=\"https:\/\/www.facebook.com\/LaPetiteCaveDuChablais\" \/>\n<meta property=\"article:modified_time\" content=\"2026-04-09T14:45:43+00:00\" \/>\n<meta property=\"og:image\" content=\"https:\/\/petitecave.ch\/wp-content\/uploads\/2025\/10\/Baiocco-Merlot-Guido-Brivio-75cl.png\" \/>\n\t<meta property=\"og:image:width\" content=\"1000\" \/>\n\t<meta property=\"og:image:height\" content=\"1000\" \/>\n\t<meta property=\"og:image:type\" content=\"image\/png\" \/>\n<meta name=\"twitter:card\" content=\"summary_large_image\" \/>\n<script type=\"application\/ld+json\" class=\"yoast-schema-graph\">{\"@context\":\"https:\\\/\\\/schema.org\",\"@graph\":[{\"@type\":\"WebPage\",\"@id\":\"https:\\\/\\\/petitecave.ch\\\/product\\\/baiocco-merlot-brivio-75cl\\\/\",\"url\":\"https:\\\/\\\/petitecave.ch\\\/product\\\/baiocco-merlot-brivio-75cl\\\/\",\"name\":\"Baiocco Merlot - Guido Brivio 75cl | La Petite Cave du Chablais\",\"isPartOf\":{\"@id\":\"https:\\\/\\\/petitecave.ch\\\/de\\\/#website\"},\"primaryImageOfPage\":{\"@id\":\"https:\\\/\\\/petitecave.ch\\\/product\\\/baiocco-merlot-brivio-75cl\\\/#primaryimage\"},\"image\":{\"@id\":\"https:\\\/\\\/petitecave.ch\\\/product\\\/baiocco-merlot-brivio-75cl\\\/#primaryimage\"},\"thumbnailUrl\":\"https:\\\/\\\/petitecave.ch\\\/wp-content\\\/uploads\\\/2025\\\/10\\\/Baiocco-Merlot-Guido-Brivio-75cl.png\",\"datePublished\":\"2026-04-09T13:49:34+00:00\",\"dateModified\":\"2026-04-09T14:45:43+00:00\",\"breadcrumb\":{\"@id\":\"https:\\\/\\\/petitecave.ch\\\/product\\\/baiocco-merlot-brivio-75cl\\\/#breadcrumb\"},\"inLanguage\":\"de-CH\",\"potentialAction\":[{\"@type\":\"ReadAction\",\"target\":[\"https:\\\/\\\/petitecave.ch\\\/product\\\/baiocco-merlot-brivio-75cl\\\/\"]}]},{\"@type\":\"ImageObject\",\"inLanguage\":\"de-CH\",\"@id\":\"https:\\\/\\\/petitecave.ch\\\/product\\\/baiocco-merlot-brivio-75cl\\\/#primaryimage\",\"url\":\"https:\\\/\\\/petitecave.ch\\\/wp-content\\\/uploads\\\/2025\\\/10\\\/Baiocco-Merlot-Guido-Brivio-75cl.png\",\"contentUrl\":\"https:\\\/\\\/petitecave.ch\\\/wp-content\\\/uploads\\\/2025\\\/10\\\/Baiocco-Merlot-Guido-Brivio-75cl.png\",\"width\":1000,\"height\":1000},{\"@type\":\"BreadcrumbList\",\"@id\":\"https:\\\/\\\/petitecave.ch\\\/product\\\/baiocco-merlot-brivio-75cl\\\/#breadcrumb\",\"itemListElement\":[{\"@type\":\"ListItem\",\"position\":1,\"name\":\"Accueil\",\"item\":\"https:\\\/\\\/petitecave.ch\\\/de\\\/\"},{\"@type\":\"ListItem\",\"position\":2,\"name\":\"Produkte\",\"item\":\"https:\\\/\\\/petitecave.ch\\\/de\\\/shop\\\/\"},{\"@type\":\"ListItem\",\"position\":3,\"name\":\"Baiocco Merlot &#8211; Guido Brivio 75cl\"}]},{\"@type\":\"WebSite\",\"@id\":\"https:\\\/\\\/petitecave.ch\\\/de\\\/#website\",\"url\":\"https:\\\/\\\/petitecave.ch\\\/de\\\/\",\"name\":\"La Petite Cave du Chablais\",\"description\":\"Vins, bi\u00e8res et spiritueux en ligne !\",\"publisher\":{\"@id\":\"https:\\\/\\\/petitecave.ch\\\/de\\\/#organization\"},\"alternateName\":\"La Petite Cave\",\"potentialAction\":[{\"@type\":\"SearchAction\",\"target\":{\"@type\":\"EntryPoint\",\"urlTemplate\":\"https:\\\/\\\/petitecave.ch\\\/de\\\/?s={search_term_string}\"},\"query-input\":{\"@type\":\"PropertyValueSpecification\",\"valueRequired\":true,\"valueName\":\"search_term_string\"}}],\"inLanguage\":\"de-CH\"},{\"@type\":\"Organization\",\"@id\":\"https:\\\/\\\/petitecave.ch\\\/de\\\/#organization\",\"name\":\"La Petite Cave du Chablais S\u00e0rl\",\"url\":\"https:\\\/\\\/petitecave.ch\\\/de\\\/\",\"logo\":{\"@type\":\"ImageObject\",\"inLanguage\":\"de-CH\",\"@id\":\"https:\\\/\\\/petitecave.ch\\\/de\\\/#\\\/schema\\\/logo\\\/image\\\/\",\"url\":\"https:\\\/\\\/petitecave.ch\\\/wp-content\\\/uploads\\\/2025\\\/10\\\/petitecavelogo-removebg-preview.png\",\"contentUrl\":\"https:\\\/\\\/petitecave.ch\\\/wp-content\\\/uploads\\\/2025\\\/10\\\/petitecavelogo-removebg-preview.png\",\"width\":800,\"height\":200,\"caption\":\"La Petite Cave du Chablais S\u00e0rl\"},\"image\":{\"@id\":\"https:\\\/\\\/petitecave.ch\\\/de\\\/#\\\/schema\\\/logo\\\/image\\\/\"},\"sameAs\":[\"https:\\\/\\\/www.facebook.com\\\/LaPetiteCaveDuChablais\",\"https:\\\/\\\/www.instagram.com\\\/lapetitecaveduchablais\",\"https:\\\/\\\/www.linkedin.com\\\/company\\\/la-petite-cave-du-chablais\"]}]}<\/script>\n<!-- \/ Yoast SEO plugin. -->","yoast_head_json":{"title":"Baiocco Merlot - Guido Brivio 75cl | La Petite Cave du Chablais","robots":{"index":"index","follow":"follow","max-snippet":"max-snippet:-1","max-image-preview":"max-image-preview:large","max-video-preview":"max-video-preview:-1"},"canonical":"https:\/\/petitecave.ch\/de\/product\/baiocco-merlot-brivio-75cl\/","og_locale":"de_DE","og_type":"article","og_title":"Baiocco Merlot - Guido Brivio 75cl | La Petite Cave du Chablais","og_description":"D\u00e9couvre le Baiocco Merlot de Guido Brivio, un vin rouge issu du c\u00e9page roi du Tessin, \u00e9lev\u00e9 avec pr\u00e9cision en barriques (2\u00e8me et 3\u00e8me passage) et en cuve durant 10 mois. Une cuv\u00e9e qui allie fra\u00eecheur, structure et gourmandise. Au nez, il d\u00e9voile de belles notes de fruits rouges m\u00fbrs, accompagn\u00e9es de subtiles touches de torr\u00e9faction et d\u2019\u00e9pices, apportant complexit\u00e9 et \u00e9l\u00e9gance. En bouche, l\u2019attaque est fra\u00eeche et fruit\u00e9e, avec une structure harmonieuse et des tanins m\u00fbrs et soyeux, pour une d\u00e9gustation tout en \u00e9quilibre. Accords mets &amp; vins :Id\u00e9al avec des viandes rouges et des fromages affin\u00e9s, pour sublimer ses ar\u00f4mes et sa structure.","og_url":"https:\/\/petitecave.ch\/de\/product\/baiocco-merlot-brivio-75cl\/","og_site_name":"La Petite Cave du Chablais","article_publisher":"https:\/\/www.facebook.com\/LaPetiteCaveDuChablais","article_modified_time":"2026-04-09T14:45:43+00:00","og_image":[{"width":1000,"height":1000,"url":"https:\/\/petitecave.ch\/wp-content\/uploads\/2025\/10\/Baiocco-Merlot-Guido-Brivio-75cl.png","type":"image\/png"}],"twitter_card":"summary_large_image","schema":{"@context":"https:\/\/schema.org","@graph":[{"@type":"WebPage","@id":"https:\/\/petitecave.ch\/product\/baiocco-merlot-brivio-75cl\/","url":"https:\/\/petitecave.ch\/product\/baiocco-merlot-brivio-75cl\/","name":"Baiocco Merlot - Guido Brivio 75cl | La Petite Cave du Chablais","isPartOf":{"@id":"https:\/\/petitecave.ch\/de\/#website"},"primaryImageOfPage":{"@id":"https:\/\/petitecave.ch\/product\/baiocco-merlot-brivio-75cl\/#primaryimage"},"image":{"@id":"https:\/\/petitecave.ch\/product\/baiocco-merlot-brivio-75cl\/#primaryimage"},"thumbnailUrl":"https:\/\/petitecave.ch\/wp-content\/uploads\/2025\/10\/Baiocco-Merlot-Guido-Brivio-75cl.png","datePublished":"2026-04-09T13:49:34+00:00","dateModified":"2026-04-09T14:45:43+00:00","breadcrumb":{"@id":"https:\/\/petitecave.ch\/product\/baiocco-merlot-brivio-75cl\/#breadcrumb"},"inLanguage":"de-CH","potentialAction":[{"@type":"ReadAction","target":["https:\/\/petitecave.ch\/product\/baiocco-merlot-brivio-75cl\/"]}]},{"@type":"ImageObject","inLanguage":"de-CH","@id":"https:\/\/petitecave.ch\/product\/baiocco-merlot-brivio-75cl\/#primaryimage","url":"https:\/\/petitecave.ch\/wp-content\/uploads\/2025\/10\/Baiocco-Merlot-Guido-Brivio-75cl.png","contentUrl":"https:\/\/petitecave.ch\/wp-content\/uploads\/2025\/10\/Baiocco-Merlot-Guido-Brivio-75cl.png","width":1000,"height":1000},{"@type":"BreadcrumbList","@id":"https:\/\/petitecave.ch\/product\/baiocco-merlot-brivio-75cl\/#breadcrumb","itemListElement":[{"@type":"ListItem","position":1,"name":"Accueil","item":"https:\/\/petitecave.ch\/de\/"},{"@type":"ListItem","position":2,"name":"Produkte","item":"https:\/\/petitecave.ch\/de\/shop\/"},{"@type":"ListItem","position":3,"name":"Baiocco Merlot &#8211; Guido Brivio 75cl"}]},{"@type":"WebSite","@id":"https:\/\/petitecave.ch\/de\/#website","url":"https:\/\/petitecave.ch\/de\/","name":"Die kleine Keller des Chablais","description":"Vins, bi\u00e8res et spiritueux en ligne !","publisher":{"@id":"https:\/\/petitecave.ch\/de\/#organization"},"alternateName":"La Petite Cave","potentialAction":[{"@type":"SearchAction","target":{"@type":"EntryPoint","urlTemplate":"https:\/\/petitecave.ch\/de\/?s={search_term_string}"},"query-input":{"@type":"PropertyValueSpecification","valueRequired":true,"valueName":"search_term_string"}}],"inLanguage":"de-CH"},{"@type":"Organization","@id":"https:\/\/petitecave.ch\/de\/#organization","name":"La Petite Cave du Chablais S\u00e0rl","url":"https:\/\/petitecave.ch\/de\/","logo":{"@type":"ImageObject","inLanguage":"de-CH","@id":"https:\/\/petitecave.ch\/de\/#\/schema\/logo\/image\/","url":"https:\/\/petitecave.ch\/wp-content\/uploads\/2025\/10\/petitecavelogo-removebg-preview.png","contentUrl":"https:\/\/petitecave.ch\/wp-content\/uploads\/2025\/10\/petitecavelogo-removebg-preview.png","width":800,"height":200,"caption":"La Petite Cave du Chablais S\u00e0rl"},"image":{"@id":"https:\/\/petitecave.ch\/de\/#\/schema\/logo\/image\/"},"sameAs":["https:\/\/www.facebook.com\/LaPetiteCaveDuChablais","https:\/\/www.instagram.com\/lapetitecaveduchablais","https:\/\/www.linkedin.com\/company\/la-petite-cave-du-chablais"]}]}},"_links":{"self":[{"href":"https:\/\/petitecave.ch\/de\/wp-json\/wp\/v2\/product\/9848","targetHints":{"allow":["GET"]}}],"collection":[{"href":"https:\/\/petitecave.ch\/de\/wp-json\/wp\/v2\/product"}],"about":[{"href":"https:\/\/petitecave.ch\/de\/wp-json\/wp\/v2\/types\/product"}],"replies":[{"embeddable":true,"href":"https:\/\/petitecave.ch\/de\/wp-json\/wp\/v2\/comments?post=9848"}],"wp:featuredmedia":[{"embeddable":true,"href":"https:\/\/petitecave.ch\/de\/wp-json\/wp\/v2\/media\/19373"}],"wp:attachment":[{"href":"https:\/\/petitecave.ch\/de\/wp-json\/wp\/v2\/media?parent=9848"}],"wp:term":[{"taxonomy":"product_cat","embeddable":true,"href":"https:\/\/petitecave.ch\/de\/wp-json\/wp\/v2\/product_cat?post=9848"},{"taxonomy":"product_tag","embeddable":true,"href":"https:\/\/petitecave.ch\/de\/wp-json\/wp\/v2\/product_tag?post=9848"}],"curies":[{"name":"wp","href":"https:\/\/api.w.org\/{rel}","templated":true}]}}