{"id":9821,"date":"2025-10-28T10:49:10","date_gmt":"2025-10-28T10:49:10","guid":{"rendered":""},"modified":"2026-04-07T13:37:39","modified_gmt":"2026-04-07T11:37:39","slug":"cap-taine-mousse-rousse-33cl","status":"publish","type":"product","link":"https:\/\/petitecave.ch\/de\/product\/cap-taine-mousse-rousse-33cl\/","title":{"rendered":"Cap&rsquo;taine Mousse Rousse 33cl"},"content":{"rendered":"<p>Cette Indian Red Lager est une bi\u00e8re audacieuse. C&rsquo;est une symphonie de 5 vari\u00e9t\u00e9s de c\u00e9r\u00e9ales qui lui conf\u00e8re son corps malt\u00e9 m\u00e9lodieux. Il se marie subtilement \u00e0 une amertume, contrast\u00e9 par un profil aromatique houblonn\u00e9 avec des notes de pin et6 de fruit de la passion.<\/p>","protected":false},"excerpt":{"rendered":"<p><strong>Cap&rsquo;taine Mousse Rousse<\/strong><\/p>\n<p><strong><\/strong><\/p>\n<p><em>Cette Indian Red Lager est une bi\u00e8re audacieuse. C&rsquo;est une symphonie de 5 vari\u00e9t\u00e9s de c\u00e9r\u00e9ales qui lui conf\u00e8re son corps malt\u00e9 m\u00e9lodieux. Il se marie subtilement \u00e0 une amertume, contrast\u00e9 par un profil aromatique houblonn\u00e9 avec des notes de pin et6 de fruit de la passion.<\/em><\/p>","protected":false},"featured_media":13270,"comment_status":"open","ping_status":"closed","template":"","meta":[],"product_cat":[250],"product_tag":[],"class_list":{"0":"post-9821","1":"product","2":"type-product","3":"status-publish","4":"has-post-thumbnail","6":"product_cat-bieres","7":"pa_categorie-bieres-ambrees","8":"pa_color-rousse","9":"pa_country-suisse","10":"_wholesalex wsx-wholesalex-product","12":"first","13":"instock","14":"taxable","15":"shipping-taxable","16":"purchasable","17":"product-type-simple"},"yoast_head":"<!-- This site is optimized with the Yoast SEO plugin v27.4 - https:\/\/yoast.com\/product\/yoast-seo-wordpress\/ -->\n<title>Cap&#039;taine Mousse Rousse 33cl | La Petite Cave du Chablais<\/title>\n<meta name=\"robots\" content=\"index, follow, max-snippet:-1, max-image-preview:large, max-video-preview:-1\" \/>\n<link rel=\"canonical\" href=\"https:\/\/petitecave.ch\/de\/product\/cap-taine-mousse-rousse-33cl\/\" \/>\n<meta property=\"og:locale\" content=\"de_DE\" \/>\n<meta property=\"og:type\" content=\"article\" \/>\n<meta property=\"og:title\" content=\"Cap&#039;taine Mousse Rousse 33cl | La Petite Cave du Chablais\" \/>\n<meta property=\"og:description\" content=\"Cap&#039;taine Mousse Rousse Cette Indian Red Lager est une bi\u00e8re audacieuse. C&#039;est une symphonie de 5 vari\u00e9t\u00e9s de c\u00e9r\u00e9ales qui lui conf\u00e8re son corps malt\u00e9 m\u00e9lodieux. Il se marie subtilement \u00e0 une amertume, contrast\u00e9 par un profil aromatique houblonn\u00e9 avec des notes de pin et6 de fruit de la passion.\" \/>\n<meta property=\"og:url\" content=\"https:\/\/petitecave.ch\/de\/product\/cap-taine-mousse-rousse-33cl\/\" \/>\n<meta property=\"og:site_name\" content=\"La Petite Cave du Chablais\" \/>\n<meta property=\"article:publisher\" content=\"https:\/\/www.facebook.com\/LaPetiteCaveDuChablais\" \/>\n<meta property=\"article:modified_time\" content=\"2026-04-07T11:37:39+00:00\" \/>\n<meta property=\"og:image\" content=\"https:\/\/petitecave.ch\/wp-content\/uploads\/2025\/10\/9821_4384_cover.png\" \/>\n\t<meta property=\"og:image:width\" content=\"300\" \/>\n\t<meta property=\"og:image:height\" content=\"600\" \/>\n\t<meta property=\"og:image:type\" content=\"image\/png\" \/>\n<meta name=\"twitter:card\" content=\"summary_large_image\" \/>\n<script type=\"application\/ld+json\" class=\"yoast-schema-graph\">{\"@context\":\"https:\\\/\\\/schema.org\",\"@graph\":[{\"@type\":\"WebPage\",\"@id\":\"https:\\\/\\\/petitecave.ch\\\/de\\\/product\\\/cap-taine-mousse-rousse-33cl\\\/\",\"url\":\"https:\\\/\\\/petitecave.ch\\\/de\\\/product\\\/cap-taine-mousse-rousse-33cl\\\/\",\"name\":\"Cap'taine Mousse Rousse 33cl | La Petite Cave du Chablais\",\"isPartOf\":{\"@id\":\"https:\\\/\\\/petitecave.ch\\\/de\\\/#website\"},\"primaryImageOfPage\":{\"@id\":\"https:\\\/\\\/petitecave.ch\\\/de\\\/product\\\/cap-taine-mousse-rousse-33cl\\\/#primaryimage\"},\"image\":{\"@id\":\"https:\\\/\\\/petitecave.ch\\\/de\\\/product\\\/cap-taine-mousse-rousse-33cl\\\/#primaryimage\"},\"thumbnailUrl\":\"https:\\\/\\\/petitecave.ch\\\/wp-content\\\/uploads\\\/2025\\\/10\\\/9821_4384_cover.png\",\"datePublished\":\"2025-10-28T10:49:10+00:00\",\"dateModified\":\"2026-04-07T11:37:39+00:00\",\"breadcrumb\":{\"@id\":\"https:\\\/\\\/petitecave.ch\\\/de\\\/product\\\/cap-taine-mousse-rousse-33cl\\\/#breadcrumb\"},\"inLanguage\":\"de-CH\",\"potentialAction\":[{\"@type\":\"ReadAction\",\"target\":[\"https:\\\/\\\/petitecave.ch\\\/de\\\/product\\\/cap-taine-mousse-rousse-33cl\\\/\"]}]},{\"@type\":\"ImageObject\",\"inLanguage\":\"de-CH\",\"@id\":\"https:\\\/\\\/petitecave.ch\\\/de\\\/product\\\/cap-taine-mousse-rousse-33cl\\\/#primaryimage\",\"url\":\"https:\\\/\\\/petitecave.ch\\\/wp-content\\\/uploads\\\/2025\\\/10\\\/9821_4384_cover.png\",\"contentUrl\":\"https:\\\/\\\/petitecave.ch\\\/wp-content\\\/uploads\\\/2025\\\/10\\\/9821_4384_cover.png\",\"width\":300,\"height\":600},{\"@type\":\"BreadcrumbList\",\"@id\":\"https:\\\/\\\/petitecave.ch\\\/de\\\/product\\\/cap-taine-mousse-rousse-33cl\\\/#breadcrumb\",\"itemListElement\":[{\"@type\":\"ListItem\",\"position\":1,\"name\":\"Accueil\",\"item\":\"https:\\\/\\\/petitecave.ch\\\/\"},{\"@type\":\"ListItem\",\"position\":2,\"name\":\"Produkte\",\"item\":\"https:\\\/\\\/petitecave.ch\\\/de\\\/shop\\\/\"},{\"@type\":\"ListItem\",\"position\":3,\"name\":\"Cap&rsquo;taine Mousse Rousse 33cl\"}]},{\"@type\":\"WebSite\",\"@id\":\"https:\\\/\\\/petitecave.ch\\\/de\\\/#website\",\"url\":\"https:\\\/\\\/petitecave.ch\\\/de\\\/\",\"name\":\"La Petite Cave du Chablais\",\"description\":\"Vins, bi\u00e8res et spiritueux en ligne !\",\"publisher\":{\"@id\":\"https:\\\/\\\/petitecave.ch\\\/de\\\/#organization\"},\"alternateName\":\"La Petite Cave\",\"potentialAction\":[{\"@type\":\"SearchAction\",\"target\":{\"@type\":\"EntryPoint\",\"urlTemplate\":\"https:\\\/\\\/petitecave.ch\\\/de\\\/?s={search_term_string}\"},\"query-input\":{\"@type\":\"PropertyValueSpecification\",\"valueRequired\":true,\"valueName\":\"search_term_string\"}}],\"inLanguage\":\"de-CH\"},{\"@type\":\"Organization\",\"@id\":\"https:\\\/\\\/petitecave.ch\\\/de\\\/#organization\",\"name\":\"La Petite Cave du Chablais S\u00e0rl\",\"url\":\"https:\\\/\\\/petitecave.ch\\\/de\\\/\",\"logo\":{\"@type\":\"ImageObject\",\"inLanguage\":\"de-CH\",\"@id\":\"https:\\\/\\\/petitecave.ch\\\/de\\\/#\\\/schema\\\/logo\\\/image\\\/\",\"url\":\"https:\\\/\\\/petitecave.ch\\\/wp-content\\\/uploads\\\/2025\\\/10\\\/petitecavelogo-removebg-preview.png\",\"contentUrl\":\"https:\\\/\\\/petitecave.ch\\\/wp-content\\\/uploads\\\/2025\\\/10\\\/petitecavelogo-removebg-preview.png\",\"width\":800,\"height\":200,\"caption\":\"La Petite Cave du Chablais S\u00e0rl\"},\"image\":{\"@id\":\"https:\\\/\\\/petitecave.ch\\\/de\\\/#\\\/schema\\\/logo\\\/image\\\/\"},\"sameAs\":[\"https:\\\/\\\/www.facebook.com\\\/LaPetiteCaveDuChablais\",\"https:\\\/\\\/www.instagram.com\\\/lapetitecaveduchablais\",\"https:\\\/\\\/www.linkedin.com\\\/company\\\/la-petite-cave-du-chablais\"]}]}<\/script>\n<!-- \/ Yoast SEO plugin. -->","yoast_head_json":{"title":"Cap'taine Mousse Rousse 33cl | La Petite Cave du Chablais","robots":{"index":"index","follow":"follow","max-snippet":"max-snippet:-1","max-image-preview":"max-image-preview:large","max-video-preview":"max-video-preview:-1"},"canonical":"https:\/\/petitecave.ch\/de\/product\/cap-taine-mousse-rousse-33cl\/","og_locale":"de_DE","og_type":"article","og_title":"Cap'taine Mousse Rousse 33cl | La Petite Cave du Chablais","og_description":"Cap'taine Mousse Rousse Cette Indian Red Lager est une bi\u00e8re audacieuse. C'est une symphonie de 5 vari\u00e9t\u00e9s de c\u00e9r\u00e9ales qui lui conf\u00e8re son corps malt\u00e9 m\u00e9lodieux. Il se marie subtilement \u00e0 une amertume, contrast\u00e9 par un profil aromatique houblonn\u00e9 avec des notes de pin et6 de fruit de la passion.","og_url":"https:\/\/petitecave.ch\/de\/product\/cap-taine-mousse-rousse-33cl\/","og_site_name":"La Petite Cave du Chablais","article_publisher":"https:\/\/www.facebook.com\/LaPetiteCaveDuChablais","article_modified_time":"2026-04-07T11:37:39+00:00","og_image":[{"width":300,"height":600,"url":"https:\/\/petitecave.ch\/wp-content\/uploads\/2025\/10\/9821_4384_cover.png","type":"image\/png"}],"twitter_card":"summary_large_image","schema":{"@context":"https:\/\/schema.org","@graph":[{"@type":"WebPage","@id":"https:\/\/petitecave.ch\/de\/product\/cap-taine-mousse-rousse-33cl\/","url":"https:\/\/petitecave.ch\/de\/product\/cap-taine-mousse-rousse-33cl\/","name":"Cap'taine Mousse Rousse 33cl | La Petite Cave du Chablais","isPartOf":{"@id":"https:\/\/petitecave.ch\/de\/#website"},"primaryImageOfPage":{"@id":"https:\/\/petitecave.ch\/de\/product\/cap-taine-mousse-rousse-33cl\/#primaryimage"},"image":{"@id":"https:\/\/petitecave.ch\/de\/product\/cap-taine-mousse-rousse-33cl\/#primaryimage"},"thumbnailUrl":"https:\/\/petitecave.ch\/wp-content\/uploads\/2025\/10\/9821_4384_cover.png","datePublished":"2025-10-28T10:49:10+00:00","dateModified":"2026-04-07T11:37:39+00:00","breadcrumb":{"@id":"https:\/\/petitecave.ch\/de\/product\/cap-taine-mousse-rousse-33cl\/#breadcrumb"},"inLanguage":"de-CH","potentialAction":[{"@type":"ReadAction","target":["https:\/\/petitecave.ch\/de\/product\/cap-taine-mousse-rousse-33cl\/"]}]},{"@type":"ImageObject","inLanguage":"de-CH","@id":"https:\/\/petitecave.ch\/de\/product\/cap-taine-mousse-rousse-33cl\/#primaryimage","url":"https:\/\/petitecave.ch\/wp-content\/uploads\/2025\/10\/9821_4384_cover.png","contentUrl":"https:\/\/petitecave.ch\/wp-content\/uploads\/2025\/10\/9821_4384_cover.png","width":300,"height":600},{"@type":"BreadcrumbList","@id":"https:\/\/petitecave.ch\/de\/product\/cap-taine-mousse-rousse-33cl\/#breadcrumb","itemListElement":[{"@type":"ListItem","position":1,"name":"Accueil","item":"https:\/\/petitecave.ch\/"},{"@type":"ListItem","position":2,"name":"Produkte","item":"https:\/\/petitecave.ch\/de\/shop\/"},{"@type":"ListItem","position":3,"name":"Cap&rsquo;taine Mousse Rousse 33cl"}]},{"@type":"WebSite","@id":"https:\/\/petitecave.ch\/de\/#website","url":"https:\/\/petitecave.ch\/de\/","name":"Die kleine Keller des Chablais","description":"Vins, bi\u00e8res et spiritueux en ligne !","publisher":{"@id":"https:\/\/petitecave.ch\/de\/#organization"},"alternateName":"La Petite Cave","potentialAction":[{"@type":"SearchAction","target":{"@type":"EntryPoint","urlTemplate":"https:\/\/petitecave.ch\/de\/?s={search_term_string}"},"query-input":{"@type":"PropertyValueSpecification","valueRequired":true,"valueName":"search_term_string"}}],"inLanguage":"de-CH"},{"@type":"Organization","@id":"https:\/\/petitecave.ch\/de\/#organization","name":"La Petite Cave du Chablais S\u00e0rl","url":"https:\/\/petitecave.ch\/de\/","logo":{"@type":"ImageObject","inLanguage":"de-CH","@id":"https:\/\/petitecave.ch\/de\/#\/schema\/logo\/image\/","url":"https:\/\/petitecave.ch\/wp-content\/uploads\/2025\/10\/petitecavelogo-removebg-preview.png","contentUrl":"https:\/\/petitecave.ch\/wp-content\/uploads\/2025\/10\/petitecavelogo-removebg-preview.png","width":800,"height":200,"caption":"La Petite Cave du Chablais S\u00e0rl"},"image":{"@id":"https:\/\/petitecave.ch\/de\/#\/schema\/logo\/image\/"},"sameAs":["https:\/\/www.facebook.com\/LaPetiteCaveDuChablais","https:\/\/www.instagram.com\/lapetitecaveduchablais","https:\/\/www.linkedin.com\/company\/la-petite-cave-du-chablais"]}]}},"_links":{"self":[{"href":"https:\/\/petitecave.ch\/de\/wp-json\/wp\/v2\/product\/9821","targetHints":{"allow":["GET"]}}],"collection":[{"href":"https:\/\/petitecave.ch\/de\/wp-json\/wp\/v2\/product"}],"about":[{"href":"https:\/\/petitecave.ch\/de\/wp-json\/wp\/v2\/types\/product"}],"replies":[{"embeddable":true,"href":"https:\/\/petitecave.ch\/de\/wp-json\/wp\/v2\/comments?post=9821"}],"wp:featuredmedia":[{"embeddable":true,"href":"https:\/\/petitecave.ch\/de\/wp-json\/wp\/v2\/media\/13270"}],"wp:attachment":[{"href":"https:\/\/petitecave.ch\/de\/wp-json\/wp\/v2\/media?parent=9821"}],"wp:term":[{"taxonomy":"product_cat","embeddable":true,"href":"https:\/\/petitecave.ch\/de\/wp-json\/wp\/v2\/product_cat?post=9821"},{"taxonomy":"product_tag","embeddable":true,"href":"https:\/\/petitecave.ch\/de\/wp-json\/wp\/v2\/product_tag?post=9821"}],"curies":[{"name":"wp","href":"https:\/\/api.w.org\/{rel}","templated":true}]}}