{"id":9810,"date":"2025-10-28T10:49:00","date_gmt":"2025-10-28T10:49:00","guid":{"rendered":""},"modified":"2026-02-13T12:08:26","modified_gmt":"2026-02-13T11:08:26","slug":"ginger-beer-sans-alcool-appenzeller-bier-6x33cl","status":"publish","type":"product","link":"https:\/\/petitecave.ch\/de\/product\/ginger-beer-sans-alcool-appenzeller-bier-6x33cl\/","title":{"rendered":"Ginger Beer Sans Alcool &#8211; Appenzeller Bier 6x33cl"},"content":{"rendered":"<p>Ferment\u00e9 avec du gingembre, agr\u00e9ablement \u00e9pic\u00e9 et l\u00e9g\u00e8rement piquant.<\/p>","protected":false},"excerpt":{"rendered":"<p><strong>Ginger Beer Sans Alcool &#8211; Appenzeller Brauerei Locher\u00a0<\/strong><\/p>\n<p><strong><\/strong><\/p>\n<p><em>Ferment\u00e9 avec du gingembre, agr\u00e9ablement \u00e9pic\u00e9 et l\u00e9g\u00e8rement piquant.<\/em><\/p>","protected":false},"featured_media":13259,"comment_status":"open","ping_status":"open","template":"","meta":[],"product_cat":[250,251],"product_tag":[],"class_list":{"0":"post-9810","1":"product","2":"type-product","3":"status-publish","4":"has-post-thumbnail","6":"product_cat-bieres","7":"product_cat-boissons-sans-alcool","8":"pa_color-ambree","9":"pa_country-suisse","10":"pa_volume-6x33cl","11":"_wholesalex wsx-wholesalex-product","13":"first","14":"instock","15":"taxable","16":"shipping-taxable","17":"purchasable","18":"product-type-simple"},"_links":{"self":[{"href":"https:\/\/petitecave.ch\/de\/wp-json\/wp\/v2\/product\/9810","targetHints":{"allow":["GET"]}}],"collection":[{"href":"https:\/\/petitecave.ch\/de\/wp-json\/wp\/v2\/product"}],"about":[{"href":"https:\/\/petitecave.ch\/de\/wp-json\/wp\/v2\/types\/product"}],"replies":[{"embeddable":true,"href":"https:\/\/petitecave.ch\/de\/wp-json\/wp\/v2\/comments?post=9810"}],"wp:featuredmedia":[{"embeddable":true,"href":"https:\/\/petitecave.ch\/de\/wp-json\/wp\/v2\/media\/13259"}],"wp:attachment":[{"href":"https:\/\/petitecave.ch\/de\/wp-json\/wp\/v2\/media?parent=9810"}],"wp:term":[{"taxonomy":"product_cat","embeddable":true,"href":"https:\/\/petitecave.ch\/de\/wp-json\/wp\/v2\/product_cat?post=9810"},{"taxonomy":"product_tag","embeddable":true,"href":"https:\/\/petitecave.ch\/de\/wp-json\/wp\/v2\/product_tag?post=9810"}],"curies":[{"name":"wp","href":"https:\/\/api.w.org\/{rel}","templated":true}]}}