{"id":9808,"date":"2026-04-07T10:48:59","date_gmt":"2026-04-07T08:48:59","guid":{"rendered":""},"modified":"2026-04-08T12:07:45","modified_gmt":"2026-04-08T10:07:45","slug":"abbacella-orange-70cl","status":"publish","type":"product","link":"https:\/\/petitecave.ch\/de\/product\/abbacella-orange-70cl\/","title":{"rendered":"Abbacella Ap\u00e9ritif Orange 70cl"},"content":{"rendered":"","protected":false},"excerpt":{"rendered":"<p data-start=\"79\" data-end=\"165\"><span style=\"color: #000000;\"><strong data-start=\"79\" data-end=\"165\">Ap\u00e9ritif \u00e0 l\u2019orange &amp; herbes | Le spritz revisit\u00e9, frais et intens\u00e9ment aromatique<\/strong><\/span><\/p>\n<p data-start=\"167\" data-end=\"427\"><span style=\"color: #000000;\">Redonne du peps \u00e0 tes ap\u00e9ritifs avec cet <strong data-start=\"208\" data-end=\"248\">ap\u00e9ritif fruit\u00e9 et d\u00e9licatement amer<\/strong>, port\u00e9 par l\u2019\u00e9clat rafra\u00eechissant de l\u2019orange. \u00c9labor\u00e9 \u00e0 partir d\u2019extraits d\u2019herbes, d\u2019\u00e9pices et d\u2019ar\u00f4mes naturels, il offre un profil aromatique riche et parfaitement \u00e9quilibr\u00e9.<\/span><\/p>\n<p data-start=\"429\" data-end=\"657\"><span style=\"color: #000000;\">Au nez, l\u2019orange s\u2019exprime avec vivacit\u00e9, accompagn\u00e9e de notes herbac\u00e9es subtiles. En bouche, l\u2019attaque est fra\u00eeche et l\u00e9g\u00e8rement sucr\u00e9e, suivie d\u2019une <strong data-start=\"580\" data-end=\"601\">amertume \u00e9l\u00e9gante<\/strong> qui structure l\u2019ensemble et apporte une belle longueur.<\/span><\/p>\n<p data-start=\"429\" data-end=\"657\"><span style=\"color: #000000;\"><strong data-start=\"875\" data-end=\"902\">Suggestion de service :<\/strong><\/span><br data-start=\"902\" data-end=\"905\" \/><span style=\"color: #000000;\">\u00c0 servir bien frais, sur glace, allong\u00e9 avec du Prosecco pour un spritz lumineux et rafra\u00eechissant.<\/span><\/p>","protected":false},"featured_media":19211,"comment_status":"open","ping_status":"closed","template":"","meta":[],"product_cat":[271],"product_tag":[],"class_list":{"0":"post-9808","1":"product","2":"type-product","3":"status-publish","4":"has-post-thumbnail","6":"product_cat-aperitif","7":"pa_categorie-601-aperitif","8":"pa_country-suisse","9":"pa_type-base-cocktail","10":"pa_volume-70-cl","11":"_wholesalex wsx-wholesalex-product","13":"first","14":"instock","15":"taxable","16":"shipping-taxable","17":"purchasable","18":"product-type-simple"},"yoast_head":"<!-- This site is optimized with the Yoast SEO plugin v27.4 - https:\/\/yoast.com\/product\/yoast-seo-wordpress\/ -->\n<title>Abbacella Ap\u00e9ritif Orange 70cl | La Petite Cave du Chablais<\/title>\n<meta name=\"robots\" content=\"index, follow, max-snippet:-1, max-image-preview:large, max-video-preview:-1\" \/>\n<link rel=\"canonical\" href=\"https:\/\/petitecave.ch\/de\/product\/abbacella-orange-70cl\/\" \/>\n<meta property=\"og:locale\" content=\"de_DE\" \/>\n<meta property=\"og:type\" content=\"article\" \/>\n<meta property=\"og:title\" content=\"Abbacella Ap\u00e9ritif Orange 70cl | La Petite Cave du Chablais\" \/>\n<meta property=\"og:description\" content=\"Ap\u00e9ritif \u00e0 l\u2019orange &amp; herbes | Le spritz revisit\u00e9, frais et intens\u00e9ment aromatique Redonne du peps \u00e0 tes ap\u00e9ritifs avec cet ap\u00e9ritif fruit\u00e9 et d\u00e9licatement amer, port\u00e9 par l\u2019\u00e9clat rafra\u00eechissant de l\u2019orange. \u00c9labor\u00e9 \u00e0 partir d\u2019extraits d\u2019herbes, d\u2019\u00e9pices et d\u2019ar\u00f4mes naturels, il offre un profil aromatique riche et parfaitement \u00e9quilibr\u00e9. Au nez, l\u2019orange s\u2019exprime avec vivacit\u00e9, accompagn\u00e9e de notes herbac\u00e9es subtiles. En bouche, l\u2019attaque est fra\u00eeche et l\u00e9g\u00e8rement sucr\u00e9e, suivie d\u2019une amertume \u00e9l\u00e9gante qui structure l\u2019ensemble et apporte une belle longueur. Suggestion de service :\u00c0 servir bien frais, sur glace, allong\u00e9 avec du Prosecco pour un spritz lumineux et rafra\u00eechissant.\" \/>\n<meta property=\"og:url\" content=\"https:\/\/petitecave.ch\/de\/product\/abbacella-orange-70cl\/\" \/>\n<meta property=\"og:site_name\" content=\"La Petite Cave du Chablais\" \/>\n<meta property=\"article:publisher\" content=\"https:\/\/www.facebook.com\/LaPetiteCaveDuChablais\" \/>\n<meta property=\"article:modified_time\" content=\"2026-04-08T10:07:45+00:00\" \/>\n<meta property=\"og:image\" content=\"https:\/\/petitecave.ch\/wp-content\/uploads\/2025\/10\/Abbacella-Aperitif-Orange-70cl.png\" \/>\n\t<meta property=\"og:image:width\" content=\"1000\" \/>\n\t<meta property=\"og:image:height\" content=\"1000\" \/>\n\t<meta property=\"og:image:type\" content=\"image\/png\" \/>\n<meta name=\"twitter:card\" content=\"summary_large_image\" \/>\n<script type=\"application\/ld+json\" class=\"yoast-schema-graph\">{\"@context\":\"https:\\\/\\\/schema.org\",\"@graph\":[{\"@type\":\"WebPage\",\"@id\":\"https:\\\/\\\/petitecave.ch\\\/product\\\/abbacella-orange-70cl\\\/\",\"url\":\"https:\\\/\\\/petitecave.ch\\\/product\\\/abbacella-orange-70cl\\\/\",\"name\":\"Abbacella Ap\u00e9ritif Orange 70cl | La Petite Cave du Chablais\",\"isPartOf\":{\"@id\":\"https:\\\/\\\/petitecave.ch\\\/de\\\/#website\"},\"primaryImageOfPage\":{\"@id\":\"https:\\\/\\\/petitecave.ch\\\/product\\\/abbacella-orange-70cl\\\/#primaryimage\"},\"image\":{\"@id\":\"https:\\\/\\\/petitecave.ch\\\/product\\\/abbacella-orange-70cl\\\/#primaryimage\"},\"thumbnailUrl\":\"https:\\\/\\\/petitecave.ch\\\/wp-content\\\/uploads\\\/2025\\\/10\\\/Abbacella-Aperitif-Orange-70cl.png\",\"datePublished\":\"2026-04-07T08:48:59+00:00\",\"dateModified\":\"2026-04-08T10:07:45+00:00\",\"breadcrumb\":{\"@id\":\"https:\\\/\\\/petitecave.ch\\\/product\\\/abbacella-orange-70cl\\\/#breadcrumb\"},\"inLanguage\":\"de-CH\",\"potentialAction\":[{\"@type\":\"ReadAction\",\"target\":[\"https:\\\/\\\/petitecave.ch\\\/product\\\/abbacella-orange-70cl\\\/\"]}]},{\"@type\":\"ImageObject\",\"inLanguage\":\"de-CH\",\"@id\":\"https:\\\/\\\/petitecave.ch\\\/product\\\/abbacella-orange-70cl\\\/#primaryimage\",\"url\":\"https:\\\/\\\/petitecave.ch\\\/wp-content\\\/uploads\\\/2025\\\/10\\\/Abbacella-Aperitif-Orange-70cl.png\",\"contentUrl\":\"https:\\\/\\\/petitecave.ch\\\/wp-content\\\/uploads\\\/2025\\\/10\\\/Abbacella-Aperitif-Orange-70cl.png\",\"width\":1000,\"height\":1000},{\"@type\":\"BreadcrumbList\",\"@id\":\"https:\\\/\\\/petitecave.ch\\\/product\\\/abbacella-orange-70cl\\\/#breadcrumb\",\"itemListElement\":[{\"@type\":\"ListItem\",\"position\":1,\"name\":\"Accueil\",\"item\":\"https:\\\/\\\/petitecave.ch\\\/de\\\/\"},{\"@type\":\"ListItem\",\"position\":2,\"name\":\"Produkte\",\"item\":\"https:\\\/\\\/petitecave.ch\\\/de\\\/shop\\\/\"},{\"@type\":\"ListItem\",\"position\":3,\"name\":\"Abbacella Ap\u00e9ritif Orange 70cl\"}]},{\"@type\":\"WebSite\",\"@id\":\"https:\\\/\\\/petitecave.ch\\\/de\\\/#website\",\"url\":\"https:\\\/\\\/petitecave.ch\\\/de\\\/\",\"name\":\"La Petite Cave du Chablais\",\"description\":\"Vins, bi\u00e8res et spiritueux en ligne !\",\"publisher\":{\"@id\":\"https:\\\/\\\/petitecave.ch\\\/de\\\/#organization\"},\"alternateName\":\"La Petite Cave\",\"potentialAction\":[{\"@type\":\"SearchAction\",\"target\":{\"@type\":\"EntryPoint\",\"urlTemplate\":\"https:\\\/\\\/petitecave.ch\\\/de\\\/?s={search_term_string}\"},\"query-input\":{\"@type\":\"PropertyValueSpecification\",\"valueRequired\":true,\"valueName\":\"search_term_string\"}}],\"inLanguage\":\"de-CH\"},{\"@type\":\"Organization\",\"@id\":\"https:\\\/\\\/petitecave.ch\\\/de\\\/#organization\",\"name\":\"La Petite Cave du Chablais S\u00e0rl\",\"url\":\"https:\\\/\\\/petitecave.ch\\\/de\\\/\",\"logo\":{\"@type\":\"ImageObject\",\"inLanguage\":\"de-CH\",\"@id\":\"https:\\\/\\\/petitecave.ch\\\/de\\\/#\\\/schema\\\/logo\\\/image\\\/\",\"url\":\"https:\\\/\\\/petitecave.ch\\\/wp-content\\\/uploads\\\/2025\\\/10\\\/petitecavelogo-removebg-preview.png\",\"contentUrl\":\"https:\\\/\\\/petitecave.ch\\\/wp-content\\\/uploads\\\/2025\\\/10\\\/petitecavelogo-removebg-preview.png\",\"width\":800,\"height\":200,\"caption\":\"La Petite Cave du Chablais S\u00e0rl\"},\"image\":{\"@id\":\"https:\\\/\\\/petitecave.ch\\\/de\\\/#\\\/schema\\\/logo\\\/image\\\/\"},\"sameAs\":[\"https:\\\/\\\/www.facebook.com\\\/LaPetiteCaveDuChablais\",\"https:\\\/\\\/www.instagram.com\\\/lapetitecaveduchablais\",\"https:\\\/\\\/www.linkedin.com\\\/company\\\/la-petite-cave-du-chablais\"]}]}<\/script>\n<!-- \/ Yoast SEO plugin. -->","yoast_head_json":{"title":"Abbacella Ap\u00e9ritif Orange 70cl | La Petite Cave du Chablais","robots":{"index":"index","follow":"follow","max-snippet":"max-snippet:-1","max-image-preview":"max-image-preview:large","max-video-preview":"max-video-preview:-1"},"canonical":"https:\/\/petitecave.ch\/de\/product\/abbacella-orange-70cl\/","og_locale":"de_DE","og_type":"article","og_title":"Abbacella Ap\u00e9ritif Orange 70cl | La Petite Cave du Chablais","og_description":"Ap\u00e9ritif \u00e0 l\u2019orange &amp; herbes | Le spritz revisit\u00e9, frais et intens\u00e9ment aromatique Redonne du peps \u00e0 tes ap\u00e9ritifs avec cet ap\u00e9ritif fruit\u00e9 et d\u00e9licatement amer, port\u00e9 par l\u2019\u00e9clat rafra\u00eechissant de l\u2019orange. \u00c9labor\u00e9 \u00e0 partir d\u2019extraits d\u2019herbes, d\u2019\u00e9pices et d\u2019ar\u00f4mes naturels, il offre un profil aromatique riche et parfaitement \u00e9quilibr\u00e9. Au nez, l\u2019orange s\u2019exprime avec vivacit\u00e9, accompagn\u00e9e de notes herbac\u00e9es subtiles. En bouche, l\u2019attaque est fra\u00eeche et l\u00e9g\u00e8rement sucr\u00e9e, suivie d\u2019une amertume \u00e9l\u00e9gante qui structure l\u2019ensemble et apporte une belle longueur. Suggestion de service :\u00c0 servir bien frais, sur glace, allong\u00e9 avec du Prosecco pour un spritz lumineux et rafra\u00eechissant.","og_url":"https:\/\/petitecave.ch\/de\/product\/abbacella-orange-70cl\/","og_site_name":"La Petite Cave du Chablais","article_publisher":"https:\/\/www.facebook.com\/LaPetiteCaveDuChablais","article_modified_time":"2026-04-08T10:07:45+00:00","og_image":[{"width":1000,"height":1000,"url":"https:\/\/petitecave.ch\/wp-content\/uploads\/2025\/10\/Abbacella-Aperitif-Orange-70cl.png","type":"image\/png"}],"twitter_card":"summary_large_image","schema":{"@context":"https:\/\/schema.org","@graph":[{"@type":"WebPage","@id":"https:\/\/petitecave.ch\/product\/abbacella-orange-70cl\/","url":"https:\/\/petitecave.ch\/product\/abbacella-orange-70cl\/","name":"Abbacella Ap\u00e9ritif Orange 70cl | La Petite Cave du Chablais","isPartOf":{"@id":"https:\/\/petitecave.ch\/de\/#website"},"primaryImageOfPage":{"@id":"https:\/\/petitecave.ch\/product\/abbacella-orange-70cl\/#primaryimage"},"image":{"@id":"https:\/\/petitecave.ch\/product\/abbacella-orange-70cl\/#primaryimage"},"thumbnailUrl":"https:\/\/petitecave.ch\/wp-content\/uploads\/2025\/10\/Abbacella-Aperitif-Orange-70cl.png","datePublished":"2026-04-07T08:48:59+00:00","dateModified":"2026-04-08T10:07:45+00:00","breadcrumb":{"@id":"https:\/\/petitecave.ch\/product\/abbacella-orange-70cl\/#breadcrumb"},"inLanguage":"de-CH","potentialAction":[{"@type":"ReadAction","target":["https:\/\/petitecave.ch\/product\/abbacella-orange-70cl\/"]}]},{"@type":"ImageObject","inLanguage":"de-CH","@id":"https:\/\/petitecave.ch\/product\/abbacella-orange-70cl\/#primaryimage","url":"https:\/\/petitecave.ch\/wp-content\/uploads\/2025\/10\/Abbacella-Aperitif-Orange-70cl.png","contentUrl":"https:\/\/petitecave.ch\/wp-content\/uploads\/2025\/10\/Abbacella-Aperitif-Orange-70cl.png","width":1000,"height":1000},{"@type":"BreadcrumbList","@id":"https:\/\/petitecave.ch\/product\/abbacella-orange-70cl\/#breadcrumb","itemListElement":[{"@type":"ListItem","position":1,"name":"Accueil","item":"https:\/\/petitecave.ch\/de\/"},{"@type":"ListItem","position":2,"name":"Produkte","item":"https:\/\/petitecave.ch\/de\/shop\/"},{"@type":"ListItem","position":3,"name":"Abbacella Ap\u00e9ritif Orange 70cl"}]},{"@type":"WebSite","@id":"https:\/\/petitecave.ch\/de\/#website","url":"https:\/\/petitecave.ch\/de\/","name":"Die kleine Keller des Chablais","description":"Vins, bi\u00e8res et spiritueux en ligne !","publisher":{"@id":"https:\/\/petitecave.ch\/de\/#organization"},"alternateName":"La Petite Cave","potentialAction":[{"@type":"SearchAction","target":{"@type":"EntryPoint","urlTemplate":"https:\/\/petitecave.ch\/de\/?s={search_term_string}"},"query-input":{"@type":"PropertyValueSpecification","valueRequired":true,"valueName":"search_term_string"}}],"inLanguage":"de-CH"},{"@type":"Organization","@id":"https:\/\/petitecave.ch\/de\/#organization","name":"La Petite Cave du Chablais S\u00e0rl","url":"https:\/\/petitecave.ch\/de\/","logo":{"@type":"ImageObject","inLanguage":"de-CH","@id":"https:\/\/petitecave.ch\/de\/#\/schema\/logo\/image\/","url":"https:\/\/petitecave.ch\/wp-content\/uploads\/2025\/10\/petitecavelogo-removebg-preview.png","contentUrl":"https:\/\/petitecave.ch\/wp-content\/uploads\/2025\/10\/petitecavelogo-removebg-preview.png","width":800,"height":200,"caption":"La Petite Cave du Chablais S\u00e0rl"},"image":{"@id":"https:\/\/petitecave.ch\/de\/#\/schema\/logo\/image\/"},"sameAs":["https:\/\/www.facebook.com\/LaPetiteCaveDuChablais","https:\/\/www.instagram.com\/lapetitecaveduchablais","https:\/\/www.linkedin.com\/company\/la-petite-cave-du-chablais"]}]}},"_links":{"self":[{"href":"https:\/\/petitecave.ch\/de\/wp-json\/wp\/v2\/product\/9808","targetHints":{"allow":["GET"]}}],"collection":[{"href":"https:\/\/petitecave.ch\/de\/wp-json\/wp\/v2\/product"}],"about":[{"href":"https:\/\/petitecave.ch\/de\/wp-json\/wp\/v2\/types\/product"}],"replies":[{"embeddable":true,"href":"https:\/\/petitecave.ch\/de\/wp-json\/wp\/v2\/comments?post=9808"}],"wp:featuredmedia":[{"embeddable":true,"href":"https:\/\/petitecave.ch\/de\/wp-json\/wp\/v2\/media\/19211"}],"wp:attachment":[{"href":"https:\/\/petitecave.ch\/de\/wp-json\/wp\/v2\/media?parent=9808"}],"wp:term":[{"taxonomy":"product_cat","embeddable":true,"href":"https:\/\/petitecave.ch\/de\/wp-json\/wp\/v2\/product_cat?post=9808"},{"taxonomy":"product_tag","embeddable":true,"href":"https:\/\/petitecave.ch\/de\/wp-json\/wp\/v2\/product_tag?post=9808"}],"curies":[{"name":"wp","href":"https:\/\/api.w.org\/{rel}","templated":true}]}}