{"id":9805,"date":"2025-10-28T10:48:56","date_gmt":"2025-10-28T10:48:56","guid":{"rendered":""},"modified":"2026-02-20T12:20:34","modified_gmt":"2026-02-20T11:20:34","slug":"placebo-ipa-sans-alcool-dr-gab-s-33cl","status":"publish","type":"product","link":"https:\/\/petitecave.ch\/de\/product\/placebo-ipa-sans-alcool-dr-gab-s-33cl\/","title":{"rendered":"Placebo IPA Sans Alcool &#8211; Dr Gab&rsquo;s 33cl"},"content":{"rendered":"","protected":false},"excerpt":{"rendered":"<p><strong>Placebo IPA Sans Alcool &#8211; Brasserie Dr Gab&rsquo;s &#8211; Puidoux<\/strong><\/p>\n<\/p>\n<p><em>La Placebo vous pr\u00e9sente un nouvel effet : le go\u00fbt ! Enfin une bonne bi\u00e8re \u00e0 consommer sans mod\u00e9ration et en toute circonstances. Ses ar\u00f4mes fruit\u00e9s et sa fra\u00eeche amertume accompagneront avec d\u00e9lices vos ap\u00e9ros, salades croquantes ou burgers r\u00e9confortants. On en oublierait presque que la Placebo est une bi\u00e8re ans alcool.\u00a0<\/em><\/p>","protected":false},"featured_media":13254,"comment_status":"open","ping_status":"open","template":"","meta":[],"product_cat":[251],"product_tag":[],"class_list":{"0":"post-9805","1":"product","2":"type-product","3":"status-publish","4":"has-post-thumbnail","6":"product_cat-boissons-sans-alcool","7":"pa_color-blonde","8":"pa_country-suisse","9":"pa_style-sans-alcool","10":"_wholesalex wsx-wholesalex-product","12":"first","13":"instock","14":"taxable","15":"shipping-taxable","16":"purchasable","17":"product-type-simple"},"_links":{"self":[{"href":"https:\/\/petitecave.ch\/de\/wp-json\/wp\/v2\/product\/9805","targetHints":{"allow":["GET"]}}],"collection":[{"href":"https:\/\/petitecave.ch\/de\/wp-json\/wp\/v2\/product"}],"about":[{"href":"https:\/\/petitecave.ch\/de\/wp-json\/wp\/v2\/types\/product"}],"replies":[{"embeddable":true,"href":"https:\/\/petitecave.ch\/de\/wp-json\/wp\/v2\/comments?post=9805"}],"wp:featuredmedia":[{"embeddable":true,"href":"https:\/\/petitecave.ch\/de\/wp-json\/wp\/v2\/media\/13254"}],"wp:attachment":[{"href":"https:\/\/petitecave.ch\/de\/wp-json\/wp\/v2\/media?parent=9805"}],"wp:term":[{"taxonomy":"product_cat","embeddable":true,"href":"https:\/\/petitecave.ch\/de\/wp-json\/wp\/v2\/product_cat?post=9805"},{"taxonomy":"product_tag","embeddable":true,"href":"https:\/\/petitecave.ch\/de\/wp-json\/wp\/v2\/product_tag?post=9805"}],"curies":[{"name":"wp","href":"https:\/\/api.w.org\/{rel}","templated":true}]}}