{"id":9804,"date":"2025-10-28T10:48:55","date_gmt":"2025-10-28T10:48:55","guid":{"rendered":""},"modified":"2026-03-27T17:54:19","modified_gmt":"2026-03-27T16:54:19","slug":"cidre-de-rhuys-brut-75cl","status":"publish","type":"product","link":"https:\/\/petitecave.ch\/de\/product\/cidre-de-rhuys-brut-75cl\/","title":{"rendered":"Cidre de Rhuys Brut 75cl"},"content":{"rendered":"<p>Cidre d&rsquo;artisan de Bretagne pur jus non pasteuris\u00e9 \u00e0 base de pommes fra\u00eeches s\u00e9lectionn\u00e9es et tri\u00e9es \u00e0 la main.<\/p>","protected":false},"excerpt":{"rendered":"<p><strong>Cidre de Rhuys Brut<\/strong><\/p>\n<p>\u00a0<\/p>\n<p><i>Cidre d&rsquo;artisan de Bretagne pur jus non pasteuris\u00e9 \u00e0 base de pommes fra\u00eeches s\u00e9lectionn\u00e9es et tri\u00e9es \u00e0 la main.<\/i><\/p>","protected":false},"featured_media":13253,"comment_status":"open","ping_status":"closed","template":"","meta":[],"product_cat":[250],"product_tag":[],"class_list":{"0":"post-9804","1":"product","2":"type-product","3":"status-publish","4":"has-post-thumbnail","6":"product_cat-bieres","7":"pa_country-france","8":"pa_volume-75-cl","9":"_wholesalex wsx-wholesalex-product","11":"first","12":"instock","13":"taxable","14":"shipping-taxable","15":"purchasable","16":"product-type-simple"},"_links":{"self":[{"href":"https:\/\/petitecave.ch\/de\/wp-json\/wp\/v2\/product\/9804","targetHints":{"allow":["GET"]}}],"collection":[{"href":"https:\/\/petitecave.ch\/de\/wp-json\/wp\/v2\/product"}],"about":[{"href":"https:\/\/petitecave.ch\/de\/wp-json\/wp\/v2\/types\/product"}],"replies":[{"embeddable":true,"href":"https:\/\/petitecave.ch\/de\/wp-json\/wp\/v2\/comments?post=9804"}],"wp:featuredmedia":[{"embeddable":true,"href":"https:\/\/petitecave.ch\/de\/wp-json\/wp\/v2\/media\/13253"}],"wp:attachment":[{"href":"https:\/\/petitecave.ch\/de\/wp-json\/wp\/v2\/media?parent=9804"}],"wp:term":[{"taxonomy":"product_cat","embeddable":true,"href":"https:\/\/petitecave.ch\/de\/wp-json\/wp\/v2\/product_cat?post=9804"},{"taxonomy":"product_tag","embeddable":true,"href":"https:\/\/petitecave.ch\/de\/wp-json\/wp\/v2\/product_tag?post=9804"}],"curies":[{"name":"wp","href":"https:\/\/api.w.org\/{rel}","templated":true}]}}