{"id":9803,"date":"2025-10-28T10:48:54","date_gmt":"2025-10-28T10:48:54","guid":{"rendered":""},"modified":"2026-02-23T16:28:36","modified_gmt":"2026-02-23T15:28:36","slug":"au-septi-me-ciel-gregor-kuonen-75cl","status":"publish","type":"product","link":"https:\/\/petitecave.ch\/de\/product\/au-septi-me-ciel-gregor-kuonen-75cl\/","title":{"rendered":"Au Septi\u00e8me Ciel &#8211; Gregor Kuonen 75cl"},"content":{"rendered":"<p><strong>C\u00e9page :<\/strong> Assemblage<\/p>\n<p><strong>Bouche :\u00a0<\/strong>Perlage finement \u00e9quilibr\u00e9 aux ar\u00f4mes de fruits velout\u00e9s et l\u00e9g\u00e8rement sucr\u00e9s.<\/p>\n<p><strong>Temps de garde :<\/strong> 1 \u00e0 3 ans<\/p>\n<p><strong>Accompagnement :<\/strong> Ap\u00e9ritifs, entr\u00e9es, desserts<\/p>","protected":false},"excerpt":{"rendered":"<p><b>Au Septi\u00e8me Ciel &#8211; Mousseux Ros\u00e9 Demi-Sec &#8211; Gregor Kuonen\u00a0<\/b><\/p>","protected":false},"featured_media":13252,"comment_status":"open","ping_status":"open","template":"","meta":[],"product_cat":[286,253,342],"product_tag":[],"class_list":{"0":"post-9803","1":"product","2":"type-product","3":"status-publish","4":"has-post-thumbnail","6":"product_cat-vins-rose","7":"product_cat-vins","8":"product_cat-vins-petillants","9":"pa_color-rose","10":"pa_country-suisse","11":"pa_volume-75-cl","12":"_wholesalex wsx-wholesalex-product","14":"first","15":"instock","16":"taxable","17":"shipping-taxable","18":"purchasable","19":"product-type-simple"},"_links":{"self":[{"href":"https:\/\/petitecave.ch\/de\/wp-json\/wp\/v2\/product\/9803","targetHints":{"allow":["GET"]}}],"collection":[{"href":"https:\/\/petitecave.ch\/de\/wp-json\/wp\/v2\/product"}],"about":[{"href":"https:\/\/petitecave.ch\/de\/wp-json\/wp\/v2\/types\/product"}],"replies":[{"embeddable":true,"href":"https:\/\/petitecave.ch\/de\/wp-json\/wp\/v2\/comments?post=9803"}],"wp:featuredmedia":[{"embeddable":true,"href":"https:\/\/petitecave.ch\/de\/wp-json\/wp\/v2\/media\/13252"}],"wp:attachment":[{"href":"https:\/\/petitecave.ch\/de\/wp-json\/wp\/v2\/media?parent=9803"}],"wp:term":[{"taxonomy":"product_cat","embeddable":true,"href":"https:\/\/petitecave.ch\/de\/wp-json\/wp\/v2\/product_cat?post=9803"},{"taxonomy":"product_tag","embeddable":true,"href":"https:\/\/petitecave.ch\/de\/wp-json\/wp\/v2\/product_tag?post=9803"}],"curies":[{"name":"wp","href":"https:\/\/api.w.org\/{rel}","templated":true}]}}