{"id":9785,"date":"2026-02-02T12:48:38","date_gmt":"2026-02-02T11:48:38","guid":{"rendered":""},"modified":"2026-02-12T16:05:28","modified_gmt":"2026-02-12T15:05:28","slug":"coffret-grands-crus-plantation-rum","status":"publish","type":"product","link":"https:\/\/petitecave.ch\/de\/product\/coffret-grands-crus-plantation-rum\/","title":{"rendered":"Plantation Experience Rum 6x10cl"},"content":{"rendered":"<p><span style=\"color: #000000;\"><i><b>Ce coffret comprend 6 bouteilles de 10cl avec :\u00a0<\/b><\/i><\/span><\/p>\n<ul>\n<li><span style=\"color: #000000;\"><i>1 Plantation 3 Stars (Jama\u00efque, Barbade et Guatemala) <\/i><\/span><\/li>\n<li><span style=\"color: #000000;\"><i>1 Plantation Original Dark (Barbade) <\/i><\/span><\/li>\n<li><span style=\"color: #000000;\"><i>1 Plantation Grande R\u00e9serve (Barbade) <\/i><\/span><\/li>\n<li><span style=\"color: #000000;\"><i>1<\/i><\/span><span style=\"color: #000000;\"><i> Plantation Gran A\u00f1ejo (Guatemala et Belize)<\/i><\/span><\/li>\n<li><span style=\"color: #000000;\"><i>1 Plantation Xamayca Special Dry (Jama\u00efque)<\/i><\/span><span style=\"color: #000000;\"><i>\u00a0<\/i><\/span><\/li>\n<li><span style=\"color: #000000;\"><i>1 Plantation XO 20th Anniversary (Barbade)<\/i><\/span><\/li>\n<\/ul>\n<p class=\"\">","protected":false},"excerpt":{"rendered":"<p class=\"\"><span style=\"color: #000000;\"><i>C\u2019est en 1989 qu\u2019Alexandre Gabriel d\u00e9couvre la Maison Ferrand, l\u2019une des plus anciennes de la r\u00e9gion.<\/i><\/span><\/p>\n<p class=\"\"><span style=\"color: #000000;\"><i>Dans les ann\u00e9es 1990, Alexandre Gabriel \u00e9cume les Cara\u00efbes \u00e0 la recherche des meilleurs rhums et lance Plantation, une gamme de rhums de terroir. Quinze ann\u00e9es plus tard, en 2012, il est \u00e9lu Maitre Assembleur du Rhum de l\u2019Ann\u00e9e aux prestigieux Golden Rum Barrel Awards et est nomm\u00e9 Distillateur de l&rsquo;Ann\u00e9e par The American Distilling Institute.<\/i><\/span><\/p>\n<p class=\"\"><span style=\"color: #000000;\"><i>Aujourd\u2019hui, pr\u00e9sident et propri\u00e9taire de la Maison Ferrand, Alexandre GABRIEL a \u00e9largi la notori\u00e9t\u00e9 de la Maison centr\u00e9e sur trois grands spiritueux qui le passionnent toujours autant : le Cognac Ferrand de Grande Champagne, le Gin fran\u00e7ais Citadelle et le Rhum de Terroirs Plantation, d\u2019authentiques spiritueux qui expriment le terroir dont ils sont issus.<\/i><\/span><\/p>","protected":false},"featured_media":18586,"comment_status":"open","ping_status":"closed","template":"","meta":[],"product_cat":[333,272],"product_tag":[],"class_list":{"0":"post-9785","1":"product","2":"type-product","3":"status-publish","4":"has-post-thumbnail","6":"product_brand-planteray","7":"product_cat-coffrets-cadeaux","8":"product_cat-rhum","9":"pa_categorie-613-spiritueux-coffrets-cadeaux","10":"pa_type-rhum-traditionnel","11":"_wholesalex wsx-wholesalex-product","13":"first","14":"instock","15":"taxable","16":"shipping-taxable","17":"purchasable","18":"product-type-simple"},"_links":{"self":[{"href":"https:\/\/petitecave.ch\/de\/wp-json\/wp\/v2\/product\/9785","targetHints":{"allow":["GET"]}}],"collection":[{"href":"https:\/\/petitecave.ch\/de\/wp-json\/wp\/v2\/product"}],"about":[{"href":"https:\/\/petitecave.ch\/de\/wp-json\/wp\/v2\/types\/product"}],"replies":[{"embeddable":true,"href":"https:\/\/petitecave.ch\/de\/wp-json\/wp\/v2\/comments?post=9785"}],"wp:featuredmedia":[{"embeddable":true,"href":"https:\/\/petitecave.ch\/de\/wp-json\/wp\/v2\/media\/18586"}],"wp:attachment":[{"href":"https:\/\/petitecave.ch\/de\/wp-json\/wp\/v2\/media?parent=9785"}],"wp:term":[{"taxonomy":"product_cat","embeddable":true,"href":"https:\/\/petitecave.ch\/de\/wp-json\/wp\/v2\/product_cat?post=9785"},{"taxonomy":"product_tag","embeddable":true,"href":"https:\/\/petitecave.ch\/de\/wp-json\/wp\/v2\/product_tag?post=9785"}],"curies":[{"name":"wp","href":"https:\/\/api.w.org\/{rel}","templated":true}]}}