{"id":9772,"date":"2025-10-28T10:48:26","date_gmt":"2025-10-28T10:48:26","guid":{"rendered":""},"modified":"2026-02-20T14:57:34","modified_gmt":"2026-02-20T13:57:34","slug":"coffret-vieille-prune-morand-50cl","status":"publish","type":"product","link":"https:\/\/petitecave.ch\/de\/product\/coffret-vieille-prune-morand-50cl\/","title":{"rendered":"Coffret Vieille Prune &#8211; Morand 50cl"},"content":{"rendered":"<p>Liqueur de prune \u00e9lev\u00e9e en barrique \u00e0 base exclusive d&rsquo;eau-de-vie de prune suisse.<\/p>","protected":false},"excerpt":{"rendered":"<p><strong>Coffret Vieille Prune &#8211; Morand &#8211; Martigny<\/strong><\/p>","protected":false},"featured_media":13220,"comment_status":"open","ping_status":"open","template":"","meta":[],"product_cat":[270],"product_tag":[],"class_list":{"0":"post-9772","1":"product","2":"type-product","3":"status-publish","4":"has-post-thumbnail","6":"product_cat-eau-de-vie","7":"pa_country-suisse","8":"pa_volume-50cl","9":"_wholesalex wsx-wholesalex-product","11":"first","12":"instock","13":"taxable","14":"shipping-taxable","15":"purchasable","16":"product-type-simple"},"_links":{"self":[{"href":"https:\/\/petitecave.ch\/de\/wp-json\/wp\/v2\/product\/9772","targetHints":{"allow":["GET"]}}],"collection":[{"href":"https:\/\/petitecave.ch\/de\/wp-json\/wp\/v2\/product"}],"about":[{"href":"https:\/\/petitecave.ch\/de\/wp-json\/wp\/v2\/types\/product"}],"replies":[{"embeddable":true,"href":"https:\/\/petitecave.ch\/de\/wp-json\/wp\/v2\/comments?post=9772"}],"wp:featuredmedia":[{"embeddable":true,"href":"https:\/\/petitecave.ch\/de\/wp-json\/wp\/v2\/media\/13220"}],"wp:attachment":[{"href":"https:\/\/petitecave.ch\/de\/wp-json\/wp\/v2\/media?parent=9772"}],"wp:term":[{"taxonomy":"product_cat","embeddable":true,"href":"https:\/\/petitecave.ch\/de\/wp-json\/wp\/v2\/product_cat?post=9772"},{"taxonomy":"product_tag","embeddable":true,"href":"https:\/\/petitecave.ch\/de\/wp-json\/wp\/v2\/product_tag?post=9772"}],"curies":[{"name":"wp","href":"https:\/\/api.w.org\/{rel}","templated":true}]}}