{"id":9755,"date":"2025-10-28T10:48:06","date_gmt":"2025-10-28T10:48:06","guid":{"rendered":""},"modified":"2026-04-07T14:39:40","modified_gmt":"2026-04-07T12:39:40","slug":"temp-te-dr-gab-s-33cl","status":"publish","type":"product","link":"https:\/\/petitecave.ch\/de\/product\/temp-te-dr-gab-s-33cl\/","title":{"rendered":"Temp\u00eate &#8211; Dr Gab&rsquo;s 33cl"},"content":{"rendered":"<p><strong>Visuel :\u00a0<\/strong>Robe blonde opaque avec une belle mousse blanche\u00a0<\/p>\n<p><b>Nez :\u00a0<\/b>Notes houblonn\u00e9es<\/p>\n<p><b>Go\u00fbt :<\/b> Ronde et douce en bouche<b>\u00a0<\/b><\/p>","protected":false},"excerpt":{"rendered":"<p><strong>Temp\u00eate &#8211; Brasserie Dr Gab&rsquo;s &#8211; Puidoux<\/strong><\/p>\n<p>\u00a0<\/p>\n<p><i>Attention, Temp\u00eate en vue! Blonde \u00e0 l\u2019allure innocente, ronde et douce en bouche, sa puissance laisse pourtant appr\u00e9hender une bi\u00e8re forte, titrant \u00e0 8%. Cela explique son appellation de \u00ab triple \u00bb, c\u2019est \u00e0 dire de blonde forte et ronde. Bien charpent\u00e9e, la Temp\u00eate accompagnera \u00e0 merveille un mets de brasserie, telle une choucroute ou une fondue, ou encore un bon fromage<\/i><\/p>\n<p>\u00a0<\/p>\n<div id=\"product-description-short-2395\">\u00a0<\/div>\n<div class=\"product-actions\">\n<form id=\"add-to-cart-or-refresh\" action=\"https:\/\/petitecave.ch\/de\/panier\/\" method=\"post\" data-trp-original-action=\"https:\/\/petitecave.ch\/panier\">\n<div class=\"product-variants\">\u00a0<\/div>\n<section class=\"product-discounts\"><\/section>\n<div class=\"product-add-to-cart\">\u00a0<\/div>\n<input type=\"hidden\" name=\"trp-form-language\" value=\"de\"\/><\/form>\n<\/div>","protected":false},"featured_media":18840,"comment_status":"open","ping_status":"closed","template":"","meta":[],"product_cat":[250],"product_tag":[],"class_list":{"0":"post-9755","1":"product","2":"type-product","3":"status-publish","4":"has-post-thumbnail","6":"product_cat-bieres","7":"pa_categorie-bieres-blondes","8":"pa_color-blonde","9":"pa_country-suisse","10":"pa_style-tripel","11":"pa_type-biere-artisanale","12":"product_deptype-0-30","13":"_wholesalex wsx-wholesalex-product","15":"first","16":"instock","17":"taxable","18":"shipping-taxable","19":"purchasable","20":"product-type-simple"},"yoast_head":"<!-- This site is optimized with the Yoast SEO plugin v27.4 - https:\/\/yoast.com\/product\/yoast-seo-wordpress\/ -->\n<title>Temp\u00eate - Dr Gab&#039;s 33cl | La Petite Cave du Chablais<\/title>\n<meta name=\"robots\" content=\"index, follow, max-snippet:-1, max-image-preview:large, max-video-preview:-1\" \/>\n<link rel=\"canonical\" href=\"https:\/\/petitecave.ch\/de\/product\/temp-te-dr-gab-s-33cl\/\" \/>\n<meta property=\"og:locale\" content=\"de_DE\" \/>\n<meta property=\"og:type\" content=\"article\" \/>\n<meta property=\"og:title\" content=\"Temp\u00eate - Dr Gab&#039;s 33cl | La Petite Cave du Chablais\" \/>\n<meta property=\"og:description\" content=\"Temp\u00eate - Brasserie Dr Gab&#039;s - Puidoux \u00a0 Attention, Temp\u00eate en vue! Blonde \u00e0 l\u2019allure innocente, ronde et douce en bouche, sa puissance laisse pourtant appr\u00e9hender une bi\u00e8re forte, titrant \u00e0 8%. Cela explique son appellation de \u00ab triple \u00bb, c\u2019est \u00e0 dire de blonde forte et ronde. Bien charpent\u00e9e, la Temp\u00eate accompagnera \u00e0 merveille un mets de brasserie, telle une choucroute ou une fondue, ou encore un bon fromage \u00a0 \u00a0 \u00a0 \u00a0\" \/>\n<meta property=\"og:url\" content=\"https:\/\/petitecave.ch\/de\/product\/temp-te-dr-gab-s-33cl\/\" \/>\n<meta property=\"og:site_name\" content=\"La Petite Cave du Chablais\" \/>\n<meta property=\"article:publisher\" content=\"https:\/\/www.facebook.com\/LaPetiteCaveDuChablais\" \/>\n<meta property=\"article:modified_time\" content=\"2026-04-07T12:39:40+00:00\" \/>\n<meta property=\"og:image\" content=\"https:\/\/petitecave.ch\/wp-content\/uploads\/2025\/10\/Tempete-Dr-Gabs-33cl.png\" \/>\n\t<meta property=\"og:image:width\" content=\"1000\" \/>\n\t<meta property=\"og:image:height\" content=\"1000\" \/>\n\t<meta property=\"og:image:type\" content=\"image\/png\" \/>\n<meta name=\"twitter:card\" content=\"summary_large_image\" \/>\n<script type=\"application\/ld+json\" class=\"yoast-schema-graph\">{\"@context\":\"https:\\\/\\\/schema.org\",\"@graph\":[{\"@type\":\"WebPage\",\"@id\":\"https:\\\/\\\/petitecave.ch\\\/de\\\/product\\\/temp-te-dr-gab-s-33cl\\\/\",\"url\":\"https:\\\/\\\/petitecave.ch\\\/de\\\/product\\\/temp-te-dr-gab-s-33cl\\\/\",\"name\":\"Temp\u00eate - Dr Gab's 33cl | La Petite Cave du Chablais\",\"isPartOf\":{\"@id\":\"https:\\\/\\\/petitecave.ch\\\/de\\\/#website\"},\"primaryImageOfPage\":{\"@id\":\"https:\\\/\\\/petitecave.ch\\\/de\\\/product\\\/temp-te-dr-gab-s-33cl\\\/#primaryimage\"},\"image\":{\"@id\":\"https:\\\/\\\/petitecave.ch\\\/de\\\/product\\\/temp-te-dr-gab-s-33cl\\\/#primaryimage\"},\"thumbnailUrl\":\"https:\\\/\\\/petitecave.ch\\\/wp-content\\\/uploads\\\/2025\\\/10\\\/Tempete-Dr-Gabs-33cl.png\",\"datePublished\":\"2025-10-28T10:48:06+00:00\",\"dateModified\":\"2026-04-07T12:39:40+00:00\",\"breadcrumb\":{\"@id\":\"https:\\\/\\\/petitecave.ch\\\/de\\\/product\\\/temp-te-dr-gab-s-33cl\\\/#breadcrumb\"},\"inLanguage\":\"de-CH\",\"potentialAction\":[{\"@type\":\"ReadAction\",\"target\":[\"https:\\\/\\\/petitecave.ch\\\/de\\\/product\\\/temp-te-dr-gab-s-33cl\\\/\"]}]},{\"@type\":\"ImageObject\",\"inLanguage\":\"de-CH\",\"@id\":\"https:\\\/\\\/petitecave.ch\\\/de\\\/product\\\/temp-te-dr-gab-s-33cl\\\/#primaryimage\",\"url\":\"https:\\\/\\\/petitecave.ch\\\/wp-content\\\/uploads\\\/2025\\\/10\\\/Tempete-Dr-Gabs-33cl.png\",\"contentUrl\":\"https:\\\/\\\/petitecave.ch\\\/wp-content\\\/uploads\\\/2025\\\/10\\\/Tempete-Dr-Gabs-33cl.png\",\"width\":1000,\"height\":1000},{\"@type\":\"BreadcrumbList\",\"@id\":\"https:\\\/\\\/petitecave.ch\\\/de\\\/product\\\/temp-te-dr-gab-s-33cl\\\/#breadcrumb\",\"itemListElement\":[{\"@type\":\"ListItem\",\"position\":1,\"name\":\"Accueil\",\"item\":\"https:\\\/\\\/petitecave.ch\\\/de\\\/\"},{\"@type\":\"ListItem\",\"position\":2,\"name\":\"Produkte\",\"item\":\"https:\\\/\\\/petitecave.ch\\\/de\\\/shop\\\/\"},{\"@type\":\"ListItem\",\"position\":3,\"name\":\"Temp\u00eate &#8211; Dr Gab&rsquo;s 33cl\"}]},{\"@type\":\"WebSite\",\"@id\":\"https:\\\/\\\/petitecave.ch\\\/de\\\/#website\",\"url\":\"https:\\\/\\\/petitecave.ch\\\/de\\\/\",\"name\":\"La Petite Cave du Chablais\",\"description\":\"Vins, bi\u00e8res et spiritueux en ligne !\",\"publisher\":{\"@id\":\"https:\\\/\\\/petitecave.ch\\\/de\\\/#organization\"},\"alternateName\":\"La Petite Cave\",\"potentialAction\":[{\"@type\":\"SearchAction\",\"target\":{\"@type\":\"EntryPoint\",\"urlTemplate\":\"https:\\\/\\\/petitecave.ch\\\/de\\\/?s={search_term_string}\"},\"query-input\":{\"@type\":\"PropertyValueSpecification\",\"valueRequired\":true,\"valueName\":\"search_term_string\"}}],\"inLanguage\":\"de-CH\"},{\"@type\":\"Organization\",\"@id\":\"https:\\\/\\\/petitecave.ch\\\/de\\\/#organization\",\"name\":\"La Petite Cave du Chablais S\u00e0rl\",\"url\":\"https:\\\/\\\/petitecave.ch\\\/de\\\/\",\"logo\":{\"@type\":\"ImageObject\",\"inLanguage\":\"de-CH\",\"@id\":\"https:\\\/\\\/petitecave.ch\\\/de\\\/#\\\/schema\\\/logo\\\/image\\\/\",\"url\":\"https:\\\/\\\/petitecave.ch\\\/wp-content\\\/uploads\\\/2025\\\/10\\\/petitecavelogo-removebg-preview.png\",\"contentUrl\":\"https:\\\/\\\/petitecave.ch\\\/wp-content\\\/uploads\\\/2025\\\/10\\\/petitecavelogo-removebg-preview.png\",\"width\":800,\"height\":200,\"caption\":\"La Petite Cave du Chablais S\u00e0rl\"},\"image\":{\"@id\":\"https:\\\/\\\/petitecave.ch\\\/de\\\/#\\\/schema\\\/logo\\\/image\\\/\"},\"sameAs\":[\"https:\\\/\\\/www.facebook.com\\\/LaPetiteCaveDuChablais\",\"https:\\\/\\\/www.instagram.com\\\/lapetitecaveduchablais\",\"https:\\\/\\\/www.linkedin.com\\\/company\\\/la-petite-cave-du-chablais\"]}]}<\/script>\n<!-- \/ Yoast SEO plugin. -->","yoast_head_json":{"title":"Temp\u00eate - Dr Gab's 33cl | La Petite Cave du Chablais","robots":{"index":"index","follow":"follow","max-snippet":"max-snippet:-1","max-image-preview":"max-image-preview:large","max-video-preview":"max-video-preview:-1"},"canonical":"https:\/\/petitecave.ch\/de\/product\/temp-te-dr-gab-s-33cl\/","og_locale":"de_DE","og_type":"article","og_title":"Temp\u00eate - Dr Gab's 33cl | La Petite Cave du Chablais","og_description":"Temp\u00eate - Brasserie Dr Gab's - Puidoux \u00a0 Attention, Temp\u00eate en vue! Blonde \u00e0 l\u2019allure innocente, ronde et douce en bouche, sa puissance laisse pourtant appr\u00e9hender une bi\u00e8re forte, titrant \u00e0 8%. Cela explique son appellation de \u00ab triple \u00bb, c\u2019est \u00e0 dire de blonde forte et ronde. Bien charpent\u00e9e, la Temp\u00eate accompagnera \u00e0 merveille un mets de brasserie, telle une choucroute ou une fondue, ou encore un bon fromage \u00a0 \u00a0 \u00a0 \u00a0","og_url":"https:\/\/petitecave.ch\/de\/product\/temp-te-dr-gab-s-33cl\/","og_site_name":"La Petite Cave du Chablais","article_publisher":"https:\/\/www.facebook.com\/LaPetiteCaveDuChablais","article_modified_time":"2026-04-07T12:39:40+00:00","og_image":[{"width":1000,"height":1000,"url":"https:\/\/petitecave.ch\/wp-content\/uploads\/2025\/10\/Tempete-Dr-Gabs-33cl.png","type":"image\/png"}],"twitter_card":"summary_large_image","schema":{"@context":"https:\/\/schema.org","@graph":[{"@type":"WebPage","@id":"https:\/\/petitecave.ch\/de\/product\/temp-te-dr-gab-s-33cl\/","url":"https:\/\/petitecave.ch\/de\/product\/temp-te-dr-gab-s-33cl\/","name":"Temp\u00eate - Dr Gab's 33cl | La Petite Cave du Chablais","isPartOf":{"@id":"https:\/\/petitecave.ch\/de\/#website"},"primaryImageOfPage":{"@id":"https:\/\/petitecave.ch\/de\/product\/temp-te-dr-gab-s-33cl\/#primaryimage"},"image":{"@id":"https:\/\/petitecave.ch\/de\/product\/temp-te-dr-gab-s-33cl\/#primaryimage"},"thumbnailUrl":"https:\/\/petitecave.ch\/wp-content\/uploads\/2025\/10\/Tempete-Dr-Gabs-33cl.png","datePublished":"2025-10-28T10:48:06+00:00","dateModified":"2026-04-07T12:39:40+00:00","breadcrumb":{"@id":"https:\/\/petitecave.ch\/de\/product\/temp-te-dr-gab-s-33cl\/#breadcrumb"},"inLanguage":"de-CH","potentialAction":[{"@type":"ReadAction","target":["https:\/\/petitecave.ch\/de\/product\/temp-te-dr-gab-s-33cl\/"]}]},{"@type":"ImageObject","inLanguage":"de-CH","@id":"https:\/\/petitecave.ch\/de\/product\/temp-te-dr-gab-s-33cl\/#primaryimage","url":"https:\/\/petitecave.ch\/wp-content\/uploads\/2025\/10\/Tempete-Dr-Gabs-33cl.png","contentUrl":"https:\/\/petitecave.ch\/wp-content\/uploads\/2025\/10\/Tempete-Dr-Gabs-33cl.png","width":1000,"height":1000},{"@type":"BreadcrumbList","@id":"https:\/\/petitecave.ch\/de\/product\/temp-te-dr-gab-s-33cl\/#breadcrumb","itemListElement":[{"@type":"ListItem","position":1,"name":"Accueil","item":"https:\/\/petitecave.ch\/de\/"},{"@type":"ListItem","position":2,"name":"Produkte","item":"https:\/\/petitecave.ch\/de\/shop\/"},{"@type":"ListItem","position":3,"name":"Temp\u00eate &#8211; Dr Gab&rsquo;s 33cl"}]},{"@type":"WebSite","@id":"https:\/\/petitecave.ch\/de\/#website","url":"https:\/\/petitecave.ch\/de\/","name":"Die kleine Keller des Chablais","description":"Vins, bi\u00e8res et spiritueux en ligne !","publisher":{"@id":"https:\/\/petitecave.ch\/de\/#organization"},"alternateName":"La Petite Cave","potentialAction":[{"@type":"SearchAction","target":{"@type":"EntryPoint","urlTemplate":"https:\/\/petitecave.ch\/de\/?s={search_term_string}"},"query-input":{"@type":"PropertyValueSpecification","valueRequired":true,"valueName":"search_term_string"}}],"inLanguage":"de-CH"},{"@type":"Organization","@id":"https:\/\/petitecave.ch\/de\/#organization","name":"La Petite Cave du Chablais S\u00e0rl","url":"https:\/\/petitecave.ch\/de\/","logo":{"@type":"ImageObject","inLanguage":"de-CH","@id":"https:\/\/petitecave.ch\/de\/#\/schema\/logo\/image\/","url":"https:\/\/petitecave.ch\/wp-content\/uploads\/2025\/10\/petitecavelogo-removebg-preview.png","contentUrl":"https:\/\/petitecave.ch\/wp-content\/uploads\/2025\/10\/petitecavelogo-removebg-preview.png","width":800,"height":200,"caption":"La Petite Cave du Chablais S\u00e0rl"},"image":{"@id":"https:\/\/petitecave.ch\/de\/#\/schema\/logo\/image\/"},"sameAs":["https:\/\/www.facebook.com\/LaPetiteCaveDuChablais","https:\/\/www.instagram.com\/lapetitecaveduchablais","https:\/\/www.linkedin.com\/company\/la-petite-cave-du-chablais"]}]}},"_links":{"self":[{"href":"https:\/\/petitecave.ch\/de\/wp-json\/wp\/v2\/product\/9755","targetHints":{"allow":["GET"]}}],"collection":[{"href":"https:\/\/petitecave.ch\/de\/wp-json\/wp\/v2\/product"}],"about":[{"href":"https:\/\/petitecave.ch\/de\/wp-json\/wp\/v2\/types\/product"}],"replies":[{"embeddable":true,"href":"https:\/\/petitecave.ch\/de\/wp-json\/wp\/v2\/comments?post=9755"}],"wp:featuredmedia":[{"embeddable":true,"href":"https:\/\/petitecave.ch\/de\/wp-json\/wp\/v2\/media\/18840"}],"wp:attachment":[{"href":"https:\/\/petitecave.ch\/de\/wp-json\/wp\/v2\/media?parent=9755"}],"wp:term":[{"taxonomy":"product_cat","embeddable":true,"href":"https:\/\/petitecave.ch\/de\/wp-json\/wp\/v2\/product_cat?post=9755"},{"taxonomy":"product_tag","embeddable":true,"href":"https:\/\/petitecave.ch\/de\/wp-json\/wp\/v2\/product_tag?post=9755"}],"curies":[{"name":"wp","href":"https:\/\/api.w.org\/{rel}","templated":true}]}}