{"id":9752,"date":"2025-10-28T10:48:02","date_gmt":"2025-10-28T10:48:02","guid":{"rendered":""},"modified":"2026-04-07T13:25:44","modified_gmt":"2026-04-07T11:25:44","slug":"beck-s-6l","status":"publish","type":"product","link":"https:\/\/petitecave.ch\/de\/product\/beck-s-6l\/","title":{"rendered":"Beck&rsquo;s 6L"},"content":{"rendered":"<p><strong>Visuel :<\/strong> Elle se caract\u00e9rise par une robe d&rsquo;un jaune dor\u00e9e propre au style des Pils d&rsquo;aujourd&rsquo;hui et se coiffe d&rsquo;une fine couche de mousse blanche et l\u00e9g\u00e8rement cr\u00e9meuse<\/p>\n<p><strong>Nez :<\/strong>\u00a0Ar\u00f4mes de malt l\u00e9gers et doux, accompagn\u00e9s de senteurs plus caract\u00e9rielles de houblon aromatique<\/p>\n<p><strong>Go\u00fbt :<\/strong>\u00a0La Beck&rsquo;s d\u00e9veloppe en bouche des saveurs douces et fruit\u00e9es \u00e9voquant tout d&rsquo;abord la rondeur des malts avant que le houblon ne vienne d\u00e9poser sur le palais des saveurs herbac\u00e9es et une amertume \u00e0 la bonne pr\u00e9sence. L&rsquo;arriv\u00e9e du houblon introduit en bouche une pointe d&rsquo;acidit\u00e9 qui est suivie d&rsquo;une fin s\u00e8che et malt\u00e9e.<\/p>","protected":false},"excerpt":{"rendered":"<p><strong>Beck&rsquo;s &#8211; Brasserie Beck &#8211; Bailleul\u00a0<\/strong><\/p>\n<\/p>\n<p><em>La bi\u00e8re Beck&rsquo;s est une bi\u00e8re blonde l\u00e9g\u00e8re et tr\u00e8s claire, de type \u00ab\u00a0Pils allemande\u00a0\u00bb. Elle est brass\u00e9e depuis 1874 et ce dans le respect de la loi allemande de puret\u00e9 de 1516 qui garantit la qualit\u00e9 des ingr\u00e9dients et le respect des protocoles de brassage. C&rsquo;est une des bi\u00e8res les plus connues en Allemagne et est aujourd&rsquo;hui vendue sur les cinq continents.<\/em><\/p>\n<\/p>\n<h3><strong>Ce f\u00fbt PerfectDraft 6L est utilisable uniquement avec une <span style=\"text-decoration:underline;\">tireuse \u00e0 bi\u00e8re PerfectDraft Philips<\/span><\/strong><\/h3>","protected":false},"featured_media":13191,"comment_status":"open","ping_status":"open","template":"","meta":[],"product_cat":[250],"product_tag":[],"class_list":{"0":"post-9752","1":"product","2":"type-product","3":"status-publish","4":"has-post-thumbnail","6":"product_cat-bieres","7":"pa_categorie-bieres-blondes","8":"pa_country-france","9":"pa_style-pils","10":"pa_volume-600-cl","11":"_wholesalex wsx-wholesalex-product","13":"first","14":"instock","15":"taxable","16":"shipping-taxable","17":"purchasable","18":"product-type-simple"},"yoast_head":"<!-- This site is optimized with the Yoast SEO plugin v27.4 - https:\/\/yoast.com\/product\/yoast-seo-wordpress\/ -->\n<title>Beck&#039;s 6L | La Petite Cave du Chablais<\/title>\n<meta name=\"robots\" content=\"index, follow, max-snippet:-1, max-image-preview:large, max-video-preview:-1\" \/>\n<link rel=\"canonical\" href=\"https:\/\/petitecave.ch\/de\/product\/beck-s-6l\/\" \/>\n<meta property=\"og:locale\" content=\"de_DE\" \/>\n<meta property=\"og:type\" content=\"article\" \/>\n<meta property=\"og:title\" content=\"Beck&#039;s 6L | La Petite Cave du Chablais\" \/>\n<meta property=\"og:description\" content=\"Beck&#039;s - Brasserie Beck - Bailleul\u00a0 La bi\u00e8re Beck&#039;s est une bi\u00e8re blonde l\u00e9g\u00e8re et tr\u00e8s claire, de type &quot;Pils allemande&quot;. Elle est brass\u00e9e depuis 1874 et ce dans le respect de la loi allemande de puret\u00e9 de 1516 qui garantit la qualit\u00e9 des ingr\u00e9dients et le respect des protocoles de brassage. C&#039;est une des bi\u00e8res les plus connues en Allemagne et est aujourd&#039;hui vendue sur les cinq continents. Ce f\u00fbt PerfectDraft 6L est utilisable uniquement avec une tireuse \u00e0 bi\u00e8re PerfectDraft Philips\" \/>\n<meta property=\"og:url\" content=\"https:\/\/petitecave.ch\/de\/product\/beck-s-6l\/\" \/>\n<meta property=\"og:site_name\" content=\"La Petite Cave du Chablais\" \/>\n<meta property=\"article:publisher\" content=\"https:\/\/www.facebook.com\/LaPetiteCaveDuChablais\" \/>\n<meta property=\"article:modified_time\" content=\"2026-04-07T11:25:44+00:00\" \/>\n<meta property=\"og:image\" content=\"https:\/\/petitecave.ch\/wp-content\/uploads\/2025\/10\/9752_5245_cover.jpg\" \/>\n\t<meta property=\"og:image:width\" content=\"1000\" \/>\n\t<meta property=\"og:image:height\" content=\"1700\" \/>\n\t<meta property=\"og:image:type\" content=\"image\/jpeg\" \/>\n<meta name=\"twitter:card\" content=\"summary_large_image\" \/>\n<meta name=\"twitter:label1\" content=\"Gesch\u00e4tzte Lesezeit\" \/>\n\t<meta name=\"twitter:data1\" content=\"1\u00a0Minute\" \/>\n<script type=\"application\/ld+json\" class=\"yoast-schema-graph\">{\"@context\":\"https:\\\/\\\/schema.org\",\"@graph\":[{\"@type\":\"WebPage\",\"@id\":\"https:\\\/\\\/petitecave.ch\\\/product\\\/beck-s-6l\\\/\",\"url\":\"https:\\\/\\\/petitecave.ch\\\/product\\\/beck-s-6l\\\/\",\"name\":\"Beck's 6L | La Petite Cave du Chablais\",\"isPartOf\":{\"@id\":\"https:\\\/\\\/petitecave.ch\\\/de\\\/#website\"},\"primaryImageOfPage\":{\"@id\":\"https:\\\/\\\/petitecave.ch\\\/product\\\/beck-s-6l\\\/#primaryimage\"},\"image\":{\"@id\":\"https:\\\/\\\/petitecave.ch\\\/product\\\/beck-s-6l\\\/#primaryimage\"},\"thumbnailUrl\":\"https:\\\/\\\/petitecave.ch\\\/wp-content\\\/uploads\\\/2025\\\/10\\\/9752_5245_cover.jpg\",\"datePublished\":\"2025-10-28T10:48:02+00:00\",\"dateModified\":\"2026-04-07T11:25:44+00:00\",\"breadcrumb\":{\"@id\":\"https:\\\/\\\/petitecave.ch\\\/product\\\/beck-s-6l\\\/#breadcrumb\"},\"inLanguage\":\"de-CH\",\"potentialAction\":[{\"@type\":\"ReadAction\",\"target\":[\"https:\\\/\\\/petitecave.ch\\\/product\\\/beck-s-6l\\\/\"]}]},{\"@type\":\"ImageObject\",\"inLanguage\":\"de-CH\",\"@id\":\"https:\\\/\\\/petitecave.ch\\\/product\\\/beck-s-6l\\\/#primaryimage\",\"url\":\"https:\\\/\\\/petitecave.ch\\\/wp-content\\\/uploads\\\/2025\\\/10\\\/9752_5245_cover.jpg\",\"contentUrl\":\"https:\\\/\\\/petitecave.ch\\\/wp-content\\\/uploads\\\/2025\\\/10\\\/9752_5245_cover.jpg\",\"width\":1000,\"height\":1700},{\"@type\":\"BreadcrumbList\",\"@id\":\"https:\\\/\\\/petitecave.ch\\\/product\\\/beck-s-6l\\\/#breadcrumb\",\"itemListElement\":[{\"@type\":\"ListItem\",\"position\":1,\"name\":\"Accueil\",\"item\":\"https:\\\/\\\/petitecave.ch\\\/de\\\/\"},{\"@type\":\"ListItem\",\"position\":2,\"name\":\"Produkte\",\"item\":\"https:\\\/\\\/petitecave.ch\\\/de\\\/shop\\\/\"},{\"@type\":\"ListItem\",\"position\":3,\"name\":\"Beck&rsquo;s 6L\"}]},{\"@type\":\"WebSite\",\"@id\":\"https:\\\/\\\/petitecave.ch\\\/de\\\/#website\",\"url\":\"https:\\\/\\\/petitecave.ch\\\/de\\\/\",\"name\":\"La Petite Cave du Chablais\",\"description\":\"Vins, bi\u00e8res et spiritueux en ligne !\",\"publisher\":{\"@id\":\"https:\\\/\\\/petitecave.ch\\\/de\\\/#organization\"},\"alternateName\":\"La Petite Cave\",\"potentialAction\":[{\"@type\":\"SearchAction\",\"target\":{\"@type\":\"EntryPoint\",\"urlTemplate\":\"https:\\\/\\\/petitecave.ch\\\/de\\\/?s={search_term_string}\"},\"query-input\":{\"@type\":\"PropertyValueSpecification\",\"valueRequired\":true,\"valueName\":\"search_term_string\"}}],\"inLanguage\":\"de-CH\"},{\"@type\":\"Organization\",\"@id\":\"https:\\\/\\\/petitecave.ch\\\/de\\\/#organization\",\"name\":\"La Petite Cave du Chablais S\u00e0rl\",\"url\":\"https:\\\/\\\/petitecave.ch\\\/de\\\/\",\"logo\":{\"@type\":\"ImageObject\",\"inLanguage\":\"de-CH\",\"@id\":\"https:\\\/\\\/petitecave.ch\\\/de\\\/#\\\/schema\\\/logo\\\/image\\\/\",\"url\":\"https:\\\/\\\/petitecave.ch\\\/wp-content\\\/uploads\\\/2025\\\/10\\\/petitecavelogo-removebg-preview.png\",\"contentUrl\":\"https:\\\/\\\/petitecave.ch\\\/wp-content\\\/uploads\\\/2025\\\/10\\\/petitecavelogo-removebg-preview.png\",\"width\":800,\"height\":200,\"caption\":\"La Petite Cave du Chablais S\u00e0rl\"},\"image\":{\"@id\":\"https:\\\/\\\/petitecave.ch\\\/de\\\/#\\\/schema\\\/logo\\\/image\\\/\"},\"sameAs\":[\"https:\\\/\\\/www.facebook.com\\\/LaPetiteCaveDuChablais\",\"https:\\\/\\\/www.instagram.com\\\/lapetitecaveduchablais\",\"https:\\\/\\\/www.linkedin.com\\\/company\\\/la-petite-cave-du-chablais\"]}]}<\/script>\n<!-- \/ Yoast SEO plugin. -->","yoast_head_json":{"title":"Beck's 6L | La Petite Cave du Chablais","robots":{"index":"index","follow":"follow","max-snippet":"max-snippet:-1","max-image-preview":"max-image-preview:large","max-video-preview":"max-video-preview:-1"},"canonical":"https:\/\/petitecave.ch\/de\/product\/beck-s-6l\/","og_locale":"de_DE","og_type":"article","og_title":"Beck's 6L | La Petite Cave du Chablais","og_description":"Beck's - Brasserie Beck - Bailleul\u00a0 La bi\u00e8re Beck's est une bi\u00e8re blonde l\u00e9g\u00e8re et tr\u00e8s claire, de type \"Pils allemande\". Elle est brass\u00e9e depuis 1874 et ce dans le respect de la loi allemande de puret\u00e9 de 1516 qui garantit la qualit\u00e9 des ingr\u00e9dients et le respect des protocoles de brassage. C'est une des bi\u00e8res les plus connues en Allemagne et est aujourd'hui vendue sur les cinq continents. Ce f\u00fbt PerfectDraft 6L est utilisable uniquement avec une tireuse \u00e0 bi\u00e8re PerfectDraft Philips","og_url":"https:\/\/petitecave.ch\/de\/product\/beck-s-6l\/","og_site_name":"La Petite Cave du Chablais","article_publisher":"https:\/\/www.facebook.com\/LaPetiteCaveDuChablais","article_modified_time":"2026-04-07T11:25:44+00:00","og_image":[{"width":1000,"height":1700,"url":"https:\/\/petitecave.ch\/wp-content\/uploads\/2025\/10\/9752_5245_cover.jpg","type":"image\/jpeg"}],"twitter_card":"summary_large_image","twitter_misc":{"Gesch\u00e4tzte Lesezeit":"1\u00a0Minute"},"schema":{"@context":"https:\/\/schema.org","@graph":[{"@type":"WebPage","@id":"https:\/\/petitecave.ch\/product\/beck-s-6l\/","url":"https:\/\/petitecave.ch\/product\/beck-s-6l\/","name":"Beck's 6L | La Petite Cave du Chablais","isPartOf":{"@id":"https:\/\/petitecave.ch\/de\/#website"},"primaryImageOfPage":{"@id":"https:\/\/petitecave.ch\/product\/beck-s-6l\/#primaryimage"},"image":{"@id":"https:\/\/petitecave.ch\/product\/beck-s-6l\/#primaryimage"},"thumbnailUrl":"https:\/\/petitecave.ch\/wp-content\/uploads\/2025\/10\/9752_5245_cover.jpg","datePublished":"2025-10-28T10:48:02+00:00","dateModified":"2026-04-07T11:25:44+00:00","breadcrumb":{"@id":"https:\/\/petitecave.ch\/product\/beck-s-6l\/#breadcrumb"},"inLanguage":"de-CH","potentialAction":[{"@type":"ReadAction","target":["https:\/\/petitecave.ch\/product\/beck-s-6l\/"]}]},{"@type":"ImageObject","inLanguage":"de-CH","@id":"https:\/\/petitecave.ch\/product\/beck-s-6l\/#primaryimage","url":"https:\/\/petitecave.ch\/wp-content\/uploads\/2025\/10\/9752_5245_cover.jpg","contentUrl":"https:\/\/petitecave.ch\/wp-content\/uploads\/2025\/10\/9752_5245_cover.jpg","width":1000,"height":1700},{"@type":"BreadcrumbList","@id":"https:\/\/petitecave.ch\/product\/beck-s-6l\/#breadcrumb","itemListElement":[{"@type":"ListItem","position":1,"name":"Accueil","item":"https:\/\/petitecave.ch\/de\/"},{"@type":"ListItem","position":2,"name":"Produkte","item":"https:\/\/petitecave.ch\/de\/shop\/"},{"@type":"ListItem","position":3,"name":"Beck&rsquo;s 6L"}]},{"@type":"WebSite","@id":"https:\/\/petitecave.ch\/de\/#website","url":"https:\/\/petitecave.ch\/de\/","name":"Die kleine Keller des Chablais","description":"Vins, bi\u00e8res et spiritueux en ligne !","publisher":{"@id":"https:\/\/petitecave.ch\/de\/#organization"},"alternateName":"La Petite Cave","potentialAction":[{"@type":"SearchAction","target":{"@type":"EntryPoint","urlTemplate":"https:\/\/petitecave.ch\/de\/?s={search_term_string}"},"query-input":{"@type":"PropertyValueSpecification","valueRequired":true,"valueName":"search_term_string"}}],"inLanguage":"de-CH"},{"@type":"Organization","@id":"https:\/\/petitecave.ch\/de\/#organization","name":"La Petite Cave du Chablais S\u00e0rl","url":"https:\/\/petitecave.ch\/de\/","logo":{"@type":"ImageObject","inLanguage":"de-CH","@id":"https:\/\/petitecave.ch\/de\/#\/schema\/logo\/image\/","url":"https:\/\/petitecave.ch\/wp-content\/uploads\/2025\/10\/petitecavelogo-removebg-preview.png","contentUrl":"https:\/\/petitecave.ch\/wp-content\/uploads\/2025\/10\/petitecavelogo-removebg-preview.png","width":800,"height":200,"caption":"La Petite Cave du Chablais S\u00e0rl"},"image":{"@id":"https:\/\/petitecave.ch\/de\/#\/schema\/logo\/image\/"},"sameAs":["https:\/\/www.facebook.com\/LaPetiteCaveDuChablais","https:\/\/www.instagram.com\/lapetitecaveduchablais","https:\/\/www.linkedin.com\/company\/la-petite-cave-du-chablais"]}]}},"_links":{"self":[{"href":"https:\/\/petitecave.ch\/de\/wp-json\/wp\/v2\/product\/9752","targetHints":{"allow":["GET"]}}],"collection":[{"href":"https:\/\/petitecave.ch\/de\/wp-json\/wp\/v2\/product"}],"about":[{"href":"https:\/\/petitecave.ch\/de\/wp-json\/wp\/v2\/types\/product"}],"replies":[{"embeddable":true,"href":"https:\/\/petitecave.ch\/de\/wp-json\/wp\/v2\/comments?post=9752"}],"wp:featuredmedia":[{"embeddable":true,"href":"https:\/\/petitecave.ch\/de\/wp-json\/wp\/v2\/media\/13191"}],"wp:attachment":[{"href":"https:\/\/petitecave.ch\/de\/wp-json\/wp\/v2\/media?parent=9752"}],"wp:term":[{"taxonomy":"product_cat","embeddable":true,"href":"https:\/\/petitecave.ch\/de\/wp-json\/wp\/v2\/product_cat?post=9752"},{"taxonomy":"product_tag","embeddable":true,"href":"https:\/\/petitecave.ch\/de\/wp-json\/wp\/v2\/product_tag?post=9752"}],"curies":[{"name":"wp","href":"https:\/\/api.w.org\/{rel}","templated":true}]}}