{"id":9743,"date":"2025-10-28T10:47:53","date_gmt":"2025-10-28T10:47:53","guid":{"rendered":""},"modified":"2026-04-07T14:47:52","modified_gmt":"2026-04-07T12:47:52","slug":"leffe-rituel-6l","status":"publish","type":"product","link":"https:\/\/petitecave.ch\/de\/product\/leffe-rituel-6l\/","title":{"rendered":"Leffe Rituel 6L"},"content":{"rendered":"<p><strong>Visuel :<\/strong> Robe dor\u00e9e ave une mousse blanche\u00a0<\/p>\n<p><strong>Nez :<\/strong> Ar\u00f4mes de levure, de houblon, de malt et d&rsquo;\u00e9pices<\/p>\n<p><strong>Go\u00fbt :<\/strong> Saveur de malt, de houblon, de levure et\u00a0de c\u00e9r\u00e9ales<\/p>","protected":false},"excerpt":{"rendered":"<p><strong>Leffe Rituel &#8211; Abbaye de Leffe\u00a0<\/strong><\/p>\n<\/p>\n<p><em>Fond\u00e9e en 1152, l&rsquo;abbaye de chanoines Notre-Dame de Leffe favorise l&rsquo;accueil et l&rsquo;hospitalit\u00e9. Depuis 1240, date \u00e0 laquelle la brasserie fut construite, les bi\u00e8res Leffe ont eu le temps d&rsquo;\u00eatre savour\u00e9es par de nombreux amateurs de bi\u00e8re, tout en traversant les si\u00e8cles et les g\u00e9n\u00e9rations. A cette \u00e9poque, l&rsquo;eau n&rsquo;est pas potable et provoque des maladies comme la peste. Pour palier cela, la fabrication de la bi\u00e8re devient courante avec un processus de haute fermentation qui tue les bact\u00e9ries durant l&rsquo;\u00e9bullition et donne ainsi une boisson potable.\u00a0<\/em><\/p>\n<p><em><\/em><\/p>\n<h3><strong>Ce f\u00fbt PerfectDraft 6L est utilisable uniquement avec une\u00a0<span style=\"text-decoration:underline;\">tireuse \u00e0 bi\u00e8re PerfectDraft Philips<\/span><\/strong><\/h3>","protected":false},"featured_media":13182,"comment_status":"open","ping_status":"open","template":"","meta":[],"product_cat":[250],"product_tag":[],"class_list":{"0":"post-9743","1":"product","2":"type-product","3":"status-publish","4":"has-post-thumbnail","6":"product_cat-bieres","7":"pa_categorie-bieres-blondes","8":"pa_color-blonde","9":"pa_country-belgique","10":"pa_style-strong-ale","11":"pa_type-biere-d-abbaye","12":"pa_volume-600-cl","13":"_wholesalex wsx-wholesalex-product","15":"first","16":"instock","17":"taxable","18":"shipping-taxable","19":"purchasable","20":"product-type-simple"},"yoast_head":"<!-- This site is optimized with the Yoast SEO plugin v27.4 - https:\/\/yoast.com\/product\/yoast-seo-wordpress\/ -->\n<title>Leffe Rituel 6L | La Petite Cave du Chablais<\/title>\n<meta name=\"robots\" content=\"index, follow, max-snippet:-1, max-image-preview:large, max-video-preview:-1\" \/>\n<link rel=\"canonical\" href=\"https:\/\/petitecave.ch\/de\/product\/leffe-rituel-6l\/\" \/>\n<meta property=\"og:locale\" content=\"de_DE\" \/>\n<meta property=\"og:type\" content=\"article\" \/>\n<meta property=\"og:title\" content=\"Leffe Rituel 6L | La Petite Cave du Chablais\" \/>\n<meta property=\"og:description\" content=\"Leffe Rituel - Abbaye de Leffe\u00a0 Fond\u00e9e en 1152, l&#039;abbaye de chanoines Notre-Dame de Leffe favorise l&#039;accueil et l&#039;hospitalit\u00e9. Depuis 1240, date \u00e0 laquelle la brasserie fut construite, les bi\u00e8res Leffe ont eu le temps d&#039;\u00eatre savour\u00e9es par de nombreux amateurs de bi\u00e8re, tout en traversant les si\u00e8cles et les g\u00e9n\u00e9rations. A cette \u00e9poque, l&#039;eau n&#039;est pas potable et provoque des maladies comme la peste. Pour palier cela, la fabrication de la bi\u00e8re devient courante avec un processus de haute fermentation qui tue les bact\u00e9ries durant l&#039;\u00e9bullition et donne ainsi une boisson potable.\u00a0 Ce f\u00fbt PerfectDraft 6L est utilisable uniquement avec une\u00a0tireuse \u00e0 bi\u00e8re PerfectDraft Philips\" \/>\n<meta property=\"og:url\" content=\"https:\/\/petitecave.ch\/de\/product\/leffe-rituel-6l\/\" \/>\n<meta property=\"og:site_name\" content=\"La Petite Cave du Chablais\" \/>\n<meta property=\"article:publisher\" content=\"https:\/\/www.facebook.com\/LaPetiteCaveDuChablais\" \/>\n<meta property=\"article:modified_time\" content=\"2026-04-07T12:47:52+00:00\" \/>\n<meta property=\"og:image\" content=\"https:\/\/petitecave.ch\/wp-content\/uploads\/2025\/10\/9743_5256_cover.jpg\" \/>\n\t<meta property=\"og:image:width\" content=\"1000\" \/>\n\t<meta property=\"og:image:height\" content=\"1700\" \/>\n\t<meta property=\"og:image:type\" content=\"image\/jpeg\" \/>\n<meta name=\"twitter:card\" content=\"summary_large_image\" \/>\n<script type=\"application\/ld+json\" class=\"yoast-schema-graph\">{\"@context\":\"https:\\\/\\\/schema.org\",\"@graph\":[{\"@type\":\"WebPage\",\"@id\":\"https:\\\/\\\/petitecave.ch\\\/de\\\/product\\\/leffe-rituel-6l\\\/\",\"url\":\"https:\\\/\\\/petitecave.ch\\\/de\\\/product\\\/leffe-rituel-6l\\\/\",\"name\":\"Leffe Rituel 6L | La Petite Cave du Chablais\",\"isPartOf\":{\"@id\":\"https:\\\/\\\/petitecave.ch\\\/de\\\/#website\"},\"primaryImageOfPage\":{\"@id\":\"https:\\\/\\\/petitecave.ch\\\/de\\\/product\\\/leffe-rituel-6l\\\/#primaryimage\"},\"image\":{\"@id\":\"https:\\\/\\\/petitecave.ch\\\/de\\\/product\\\/leffe-rituel-6l\\\/#primaryimage\"},\"thumbnailUrl\":\"https:\\\/\\\/petitecave.ch\\\/wp-content\\\/uploads\\\/2025\\\/10\\\/9743_5256_cover.jpg\",\"datePublished\":\"2025-10-28T10:47:53+00:00\",\"dateModified\":\"2026-04-07T12:47:52+00:00\",\"breadcrumb\":{\"@id\":\"https:\\\/\\\/petitecave.ch\\\/de\\\/product\\\/leffe-rituel-6l\\\/#breadcrumb\"},\"inLanguage\":\"de-CH\",\"potentialAction\":[{\"@type\":\"ReadAction\",\"target\":[\"https:\\\/\\\/petitecave.ch\\\/de\\\/product\\\/leffe-rituel-6l\\\/\"]}]},{\"@type\":\"ImageObject\",\"inLanguage\":\"de-CH\",\"@id\":\"https:\\\/\\\/petitecave.ch\\\/de\\\/product\\\/leffe-rituel-6l\\\/#primaryimage\",\"url\":\"https:\\\/\\\/petitecave.ch\\\/wp-content\\\/uploads\\\/2025\\\/10\\\/9743_5256_cover.jpg\",\"contentUrl\":\"https:\\\/\\\/petitecave.ch\\\/wp-content\\\/uploads\\\/2025\\\/10\\\/9743_5256_cover.jpg\",\"width\":1000,\"height\":1700},{\"@type\":\"BreadcrumbList\",\"@id\":\"https:\\\/\\\/petitecave.ch\\\/de\\\/product\\\/leffe-rituel-6l\\\/#breadcrumb\",\"itemListElement\":[{\"@type\":\"ListItem\",\"position\":1,\"name\":\"Accueil\",\"item\":\"https:\\\/\\\/petitecave.ch\\\/de\\\/\"},{\"@type\":\"ListItem\",\"position\":2,\"name\":\"Produkte\",\"item\":\"https:\\\/\\\/petitecave.ch\\\/de\\\/shop\\\/\"},{\"@type\":\"ListItem\",\"position\":3,\"name\":\"Leffe Rituel 6L\"}]},{\"@type\":\"WebSite\",\"@id\":\"https:\\\/\\\/petitecave.ch\\\/de\\\/#website\",\"url\":\"https:\\\/\\\/petitecave.ch\\\/de\\\/\",\"name\":\"La Petite Cave du Chablais\",\"description\":\"Vins, bi\u00e8res et spiritueux en ligne !\",\"publisher\":{\"@id\":\"https:\\\/\\\/petitecave.ch\\\/de\\\/#organization\"},\"alternateName\":\"La Petite Cave\",\"potentialAction\":[{\"@type\":\"SearchAction\",\"target\":{\"@type\":\"EntryPoint\",\"urlTemplate\":\"https:\\\/\\\/petitecave.ch\\\/de\\\/?s={search_term_string}\"},\"query-input\":{\"@type\":\"PropertyValueSpecification\",\"valueRequired\":true,\"valueName\":\"search_term_string\"}}],\"inLanguage\":\"de-CH\"},{\"@type\":\"Organization\",\"@id\":\"https:\\\/\\\/petitecave.ch\\\/de\\\/#organization\",\"name\":\"La Petite Cave du Chablais S\u00e0rl\",\"url\":\"https:\\\/\\\/petitecave.ch\\\/de\\\/\",\"logo\":{\"@type\":\"ImageObject\",\"inLanguage\":\"de-CH\",\"@id\":\"https:\\\/\\\/petitecave.ch\\\/de\\\/#\\\/schema\\\/logo\\\/image\\\/\",\"url\":\"https:\\\/\\\/petitecave.ch\\\/wp-content\\\/uploads\\\/2025\\\/10\\\/petitecavelogo-removebg-preview.png\",\"contentUrl\":\"https:\\\/\\\/petitecave.ch\\\/wp-content\\\/uploads\\\/2025\\\/10\\\/petitecavelogo-removebg-preview.png\",\"width\":800,\"height\":200,\"caption\":\"La Petite Cave du Chablais S\u00e0rl\"},\"image\":{\"@id\":\"https:\\\/\\\/petitecave.ch\\\/de\\\/#\\\/schema\\\/logo\\\/image\\\/\"},\"sameAs\":[\"https:\\\/\\\/www.facebook.com\\\/LaPetiteCaveDuChablais\",\"https:\\\/\\\/www.instagram.com\\\/lapetitecaveduchablais\",\"https:\\\/\\\/www.linkedin.com\\\/company\\\/la-petite-cave-du-chablais\"]}]}<\/script>\n<!-- \/ Yoast SEO plugin. -->","yoast_head_json":{"title":"Leffe Rituel 6L | La Petite Cave du Chablais","robots":{"index":"index","follow":"follow","max-snippet":"max-snippet:-1","max-image-preview":"max-image-preview:large","max-video-preview":"max-video-preview:-1"},"canonical":"https:\/\/petitecave.ch\/de\/product\/leffe-rituel-6l\/","og_locale":"de_DE","og_type":"article","og_title":"Leffe Rituel 6L | La Petite Cave du Chablais","og_description":"Leffe Rituel - Abbaye de Leffe\u00a0 Fond\u00e9e en 1152, l'abbaye de chanoines Notre-Dame de Leffe favorise l'accueil et l'hospitalit\u00e9. Depuis 1240, date \u00e0 laquelle la brasserie fut construite, les bi\u00e8res Leffe ont eu le temps d'\u00eatre savour\u00e9es par de nombreux amateurs de bi\u00e8re, tout en traversant les si\u00e8cles et les g\u00e9n\u00e9rations. A cette \u00e9poque, l'eau n'est pas potable et provoque des maladies comme la peste. Pour palier cela, la fabrication de la bi\u00e8re devient courante avec un processus de haute fermentation qui tue les bact\u00e9ries durant l'\u00e9bullition et donne ainsi une boisson potable.\u00a0 Ce f\u00fbt PerfectDraft 6L est utilisable uniquement avec une\u00a0tireuse \u00e0 bi\u00e8re PerfectDraft Philips","og_url":"https:\/\/petitecave.ch\/de\/product\/leffe-rituel-6l\/","og_site_name":"La Petite Cave du Chablais","article_publisher":"https:\/\/www.facebook.com\/LaPetiteCaveDuChablais","article_modified_time":"2026-04-07T12:47:52+00:00","og_image":[{"width":1000,"height":1700,"url":"https:\/\/petitecave.ch\/wp-content\/uploads\/2025\/10\/9743_5256_cover.jpg","type":"image\/jpeg"}],"twitter_card":"summary_large_image","schema":{"@context":"https:\/\/schema.org","@graph":[{"@type":"WebPage","@id":"https:\/\/petitecave.ch\/de\/product\/leffe-rituel-6l\/","url":"https:\/\/petitecave.ch\/de\/product\/leffe-rituel-6l\/","name":"Leffe Rituel 6L | La Petite Cave du Chablais","isPartOf":{"@id":"https:\/\/petitecave.ch\/de\/#website"},"primaryImageOfPage":{"@id":"https:\/\/petitecave.ch\/de\/product\/leffe-rituel-6l\/#primaryimage"},"image":{"@id":"https:\/\/petitecave.ch\/de\/product\/leffe-rituel-6l\/#primaryimage"},"thumbnailUrl":"https:\/\/petitecave.ch\/wp-content\/uploads\/2025\/10\/9743_5256_cover.jpg","datePublished":"2025-10-28T10:47:53+00:00","dateModified":"2026-04-07T12:47:52+00:00","breadcrumb":{"@id":"https:\/\/petitecave.ch\/de\/product\/leffe-rituel-6l\/#breadcrumb"},"inLanguage":"de-CH","potentialAction":[{"@type":"ReadAction","target":["https:\/\/petitecave.ch\/de\/product\/leffe-rituel-6l\/"]}]},{"@type":"ImageObject","inLanguage":"de-CH","@id":"https:\/\/petitecave.ch\/de\/product\/leffe-rituel-6l\/#primaryimage","url":"https:\/\/petitecave.ch\/wp-content\/uploads\/2025\/10\/9743_5256_cover.jpg","contentUrl":"https:\/\/petitecave.ch\/wp-content\/uploads\/2025\/10\/9743_5256_cover.jpg","width":1000,"height":1700},{"@type":"BreadcrumbList","@id":"https:\/\/petitecave.ch\/de\/product\/leffe-rituel-6l\/#breadcrumb","itemListElement":[{"@type":"ListItem","position":1,"name":"Accueil","item":"https:\/\/petitecave.ch\/de\/"},{"@type":"ListItem","position":2,"name":"Produkte","item":"https:\/\/petitecave.ch\/de\/shop\/"},{"@type":"ListItem","position":3,"name":"Leffe Rituel 6L"}]},{"@type":"WebSite","@id":"https:\/\/petitecave.ch\/de\/#website","url":"https:\/\/petitecave.ch\/de\/","name":"Die kleine Keller des Chablais","description":"Vins, bi\u00e8res et spiritueux en ligne !","publisher":{"@id":"https:\/\/petitecave.ch\/de\/#organization"},"alternateName":"La Petite Cave","potentialAction":[{"@type":"SearchAction","target":{"@type":"EntryPoint","urlTemplate":"https:\/\/petitecave.ch\/de\/?s={search_term_string}"},"query-input":{"@type":"PropertyValueSpecification","valueRequired":true,"valueName":"search_term_string"}}],"inLanguage":"de-CH"},{"@type":"Organization","@id":"https:\/\/petitecave.ch\/de\/#organization","name":"La Petite Cave du Chablais S\u00e0rl","url":"https:\/\/petitecave.ch\/de\/","logo":{"@type":"ImageObject","inLanguage":"de-CH","@id":"https:\/\/petitecave.ch\/de\/#\/schema\/logo\/image\/","url":"https:\/\/petitecave.ch\/wp-content\/uploads\/2025\/10\/petitecavelogo-removebg-preview.png","contentUrl":"https:\/\/petitecave.ch\/wp-content\/uploads\/2025\/10\/petitecavelogo-removebg-preview.png","width":800,"height":200,"caption":"La Petite Cave du Chablais S\u00e0rl"},"image":{"@id":"https:\/\/petitecave.ch\/de\/#\/schema\/logo\/image\/"},"sameAs":["https:\/\/www.facebook.com\/LaPetiteCaveDuChablais","https:\/\/www.instagram.com\/lapetitecaveduchablais","https:\/\/www.linkedin.com\/company\/la-petite-cave-du-chablais"]}]}},"_links":{"self":[{"href":"https:\/\/petitecave.ch\/de\/wp-json\/wp\/v2\/product\/9743","targetHints":{"allow":["GET"]}}],"collection":[{"href":"https:\/\/petitecave.ch\/de\/wp-json\/wp\/v2\/product"}],"about":[{"href":"https:\/\/petitecave.ch\/de\/wp-json\/wp\/v2\/types\/product"}],"replies":[{"embeddable":true,"href":"https:\/\/petitecave.ch\/de\/wp-json\/wp\/v2\/comments?post=9743"}],"wp:featuredmedia":[{"embeddable":true,"href":"https:\/\/petitecave.ch\/de\/wp-json\/wp\/v2\/media\/13182"}],"wp:attachment":[{"href":"https:\/\/petitecave.ch\/de\/wp-json\/wp\/v2\/media?parent=9743"}],"wp:term":[{"taxonomy":"product_cat","embeddable":true,"href":"https:\/\/petitecave.ch\/de\/wp-json\/wp\/v2\/product_cat?post=9743"},{"taxonomy":"product_tag","embeddable":true,"href":"https:\/\/petitecave.ch\/de\/wp-json\/wp\/v2\/product_tag?post=9743"}],"curies":[{"name":"wp","href":"https:\/\/api.w.org\/{rel}","templated":true}]}}