{"id":9741,"date":"2025-10-28T10:47:51","date_gmt":"2025-10-28T10:47:51","guid":{"rendered":""},"modified":"2026-03-27T18:11:12","modified_gmt":"2026-03-27T17:11:12","slug":"tambour-cuv-e-des-trolls-5x33cl-1-verre","status":"publish","type":"product","link":"https:\/\/petitecave.ch\/de\/product\/tambour-cuv-e-des-trolls-5x33cl-1-verre\/","title":{"rendered":"Tambour Cuv\u00e9e des Trolls 5x33cl + 1 verre"},"content":{"rendered":"<p><span style=\"color: #000000;\"><strong>Ce coffret se compose de :<\/strong><\/span><\/p>\n<ul>\n<li><span style=\"color: #000000;\">5 bouteilles de Cuv\u00e9e des Trolls 33cl<\/span><\/li>\n<li><span style=\"color: #000000;\">1 verre s\u00e9rigraphi\u00e9<\/span><\/li>\n<\/ul>","protected":false},"excerpt":{"rendered":"<p>Ce coffret se compose de : 5 bouteilles de Cuv\u00e9e des Trolls 33cl 1 verre s\u00e9rigraphi\u00e9<\/p>","protected":false},"featured_media":13180,"comment_status":"open","ping_status":"closed","template":"","meta":[],"product_cat":[250,333],"product_tag":[],"class_list":{"0":"post-9741","1":"product","2":"type-product","3":"status-publish","4":"has-post-thumbnail","6":"product_cat-bieres","7":"product_cat-coffrets-cadeaux","8":"pa_color-blonde","9":"pa_country-belgique","10":"pa_style-belgian-blond","11":"pa_type-biere-artisanale","12":"_wholesalex wsx-wholesalex-product","14":"first","15":"instock","16":"taxable","17":"shipping-taxable","18":"purchasable","19":"product-type-simple"},"_links":{"self":[{"href":"https:\/\/petitecave.ch\/de\/wp-json\/wp\/v2\/product\/9741","targetHints":{"allow":["GET"]}}],"collection":[{"href":"https:\/\/petitecave.ch\/de\/wp-json\/wp\/v2\/product"}],"about":[{"href":"https:\/\/petitecave.ch\/de\/wp-json\/wp\/v2\/types\/product"}],"replies":[{"embeddable":true,"href":"https:\/\/petitecave.ch\/de\/wp-json\/wp\/v2\/comments?post=9741"}],"wp:featuredmedia":[{"embeddable":true,"href":"https:\/\/petitecave.ch\/de\/wp-json\/wp\/v2\/media\/13180"}],"wp:attachment":[{"href":"https:\/\/petitecave.ch\/de\/wp-json\/wp\/v2\/media?parent=9741"}],"wp:term":[{"taxonomy":"product_cat","embeddable":true,"href":"https:\/\/petitecave.ch\/de\/wp-json\/wp\/v2\/product_cat?post=9741"},{"taxonomy":"product_tag","embeddable":true,"href":"https:\/\/petitecave.ch\/de\/wp-json\/wp\/v2\/product_tag?post=9741"}],"curies":[{"name":"wp","href":"https:\/\/api.w.org\/{rel}","templated":true}]}}