{"id":9740,"date":"2025-10-28T10:47:50","date_gmt":"2025-10-28T10:47:50","guid":{"rendered":""},"modified":"2026-04-07T13:43:08","modified_gmt":"2026-04-07T11:43:08","slug":"coffret-lindemans-4x25cl-1-verre","status":"publish","type":"product","link":"https:\/\/petitecave.ch\/de\/product\/coffret-lindemans-4x25cl-1-verre\/","title":{"rendered":"Coffret Lindemans 4x25cl + 1 verre"},"content":{"rendered":"<p>&#8211; La<strong>\u00a0<\/strong><strong>Kriek<\/strong> est une bi\u00e8re fruit\u00e9e qui, lors de la production, va b\u00e9n\u00e9ficier d&rsquo;un apport en fruits avant d&rsquo;\u00eatre plac\u00e9e en vieillissement dans des f\u00fbts de ch\u00eane. Cela permet aux fruits d&rsquo;infuser dans le breuvage et cela entra\u00eene une refermentation de la bi\u00e8re pendant cette p\u00e9riode de maturation. Cela donne une bi\u00e8re rouge clair avec une \u00e9norme t\u00eate de mousse rose.<\/p>\n<p>Le tout est travers\u00e9 par une effervescence consid\u00e9rable. L&rsquo;ar\u00f4me qu&rsquo;elle laisse s&rsquo;\u00e9chapper est tr\u00e8s doux et totalement domin\u00e9 par les odeurs de cerises. En bouche, la saveur est \u00e9galement domin\u00e9e par les cerises, mais sur un fond bois\u00e9 et des notes acides.<\/p>\n<\/p>\n<p>&#8211; La <strong>P\u00eacheresse<\/strong> est une bi\u00e8re de type lambic, brass\u00e9e \u00e0 base de malts d&rsquo;orge, de bl\u00e9 et avec ajout de jus de p\u00eache avant une p\u00e9riode de maturation en f\u00fbt de ch\u00eane.<\/p>\n<p>Elle pr\u00e9sente une robe jaune-orang\u00e9e l\u00e9g\u00e8rement trouble et une mousse blanche soutenue par une effervescence serr\u00e9e. Elle laisse \u00e9chapper du verre des ar\u00f4mes de p\u00eache et de sucre candi tr\u00e8s doux.<\/p>\n<p>On retrouve en bouche des saveurs de p\u00eache marqu\u00e9es qui s&rsquo;accompagnent d&rsquo;une tr\u00e8s l\u00e9g\u00e8re saveur acidul\u00e9e, signe d&rsquo;une fermentation lambic, offrant ainsi un \u00e9quilibre entre vivacit\u00e9 et douceur.<\/p>\n<\/p>\n<p>&#8211; La <strong>Faro<\/strong> est un style de bi\u00e8re n\u00e9 suite \u00e0 la g\u00e9n\u00e9ralisation de comportements anciens qui consistaient \u00e0 ajouter du sucre \u00e0 une bi\u00e8re de type gueuze. Cela permettait d&rsquo;adoucir ces bi\u00e8res, aigre-douce \u00e0 l&rsquo;habitude.<\/p>\n<p>C&rsquo;est une bi\u00e8re de bl\u00e9 (froment) de fermentation spontan\u00e9e et au go\u00fbt aigre-doux parfaitement \u00e9quilibr\u00e9 par l&rsquo;ajout d&rsquo;une dose suppl\u00e9mentaire de sucre candi. Elle pr\u00e9sente une robe de couleur rouge-orang\u00e9 qui se surmonte d&rsquo;une fine couche de mousse blanche.<\/p>\n<p>Elle r\u00e9v\u00e8le des ar\u00f4mes bois\u00e9s et aigre-doux de fruits, de fruits secs, de caramel et de sucre candi. On retrouve en bouche une pointe d&rsquo;acidit\u00e9 qui s&rsquo;accompagne de saveurs douces et sucr\u00e9es de fruits, ainsi que de l\u00e9g\u00e8res touches bois\u00e9es.<\/p>\n<\/p>\n<p>&#8211; La <strong>Framboise<\/strong> est une bi\u00e8re \u00e0 la robe rose fonc\u00e9 qui se couvre d&rsquo;une mousse l\u00e9g\u00e8rement rose \u00e0 la faible persistance dans le verre. Elle laisse \u00e9chapper de ce verre des ar\u00f4mes puissants de framboises et de caramel, le tout \u00e9voquant la tarte aux framboises.<\/p>\n<p>En bouche, on retrouve une saveur dominante de framboise avec des notes citriques associables \u00e0 la fermentation spontan\u00e9e et propre au style Lambic. Cette acidit\u00e9 est toutefois masqu\u00e9e par l&rsquo;ajout de sucre et par la pr\u00e9sence du jus de framboise qui apporte \u00e0 cette bi\u00e8re une belle harmonie entre acidit\u00e9 et douceur fruit\u00e9e<\/p>","protected":false},"excerpt":{"rendered":"<p><b>Coffret Lindemans &#8211; Brasserie Lindemans &#8211; Vlezenbeek<br \/><\/b><\/p>\n<p>\u00a0<\/p>\n<p><strong>Ce coffret se compose de :<\/strong><\/p>\n<ul>\n<li>Lindemans Kriek<\/li>\n<li>Lindemans P\u00e9cheresse<\/li>\n<li>Lindemans Faro<\/li>\n<li>Lindemans Framboise<\/li>\n<li>1 verre s\u00e9rigraphi\u00e9<\/li>\n<\/ul>","protected":false},"featured_media":13178,"comment_status":"open","ping_status":"closed","template":"","meta":[],"product_cat":[250,333],"product_tag":[],"class_list":{"0":"post-9740","1":"product","2":"type-product","3":"status-publish","4":"has-post-thumbnail","6":"product_cat-bieres","7":"product_cat-coffrets-cadeaux","8":"pa_categorie-231-bieres-coffrets-cadeaux","9":"pa_country-belgique","10":"_wholesalex wsx-wholesalex-product","12":"first","13":"instock","14":"taxable","15":"shipping-taxable","16":"purchasable","17":"product-type-simple"},"_links":{"self":[{"href":"https:\/\/petitecave.ch\/de\/wp-json\/wp\/v2\/product\/9740","targetHints":{"allow":["GET"]}}],"collection":[{"href":"https:\/\/petitecave.ch\/de\/wp-json\/wp\/v2\/product"}],"about":[{"href":"https:\/\/petitecave.ch\/de\/wp-json\/wp\/v2\/types\/product"}],"replies":[{"embeddable":true,"href":"https:\/\/petitecave.ch\/de\/wp-json\/wp\/v2\/comments?post=9740"}],"wp:featuredmedia":[{"embeddable":true,"href":"https:\/\/petitecave.ch\/de\/wp-json\/wp\/v2\/media\/13178"}],"wp:attachment":[{"href":"https:\/\/petitecave.ch\/de\/wp-json\/wp\/v2\/media?parent=9740"}],"wp:term":[{"taxonomy":"product_cat","embeddable":true,"href":"https:\/\/petitecave.ch\/de\/wp-json\/wp\/v2\/product_cat?post=9740"},{"taxonomy":"product_tag","embeddable":true,"href":"https:\/\/petitecave.ch\/de\/wp-json\/wp\/v2\/product_tag?post=9740"}],"curies":[{"name":"wp","href":"https:\/\/api.w.org\/{rel}","templated":true}]}}