{"id":9738,"date":"2025-10-28T10:47:47","date_gmt":"2025-10-28T10:47:47","guid":{"rendered":""},"modified":"2026-02-13T13:39:31","modified_gmt":"2026-02-13T12:39:31","slug":"coffret-kwak-4x33cl-1-verre","status":"publish","type":"product","link":"https:\/\/petitecave.ch\/de\/product\/coffret-kwak-4x33cl-1-verre\/","title":{"rendered":"Coffret Kwak 4x33cl + 1 verre"},"content":{"rendered":"<p><strong>Visuel :<\/strong> Elle d\u00e9voile une robe ambr\u00e9e avec une t\u00eate blanche et moelleuse<\/p>\n<p><strong>Nez :<\/strong> Cette somptueuse Belgian Strong Ale d\u00e9gage des ar\u00f4mes de malt au caramel, avec des abricots s\u00e9ch\u00e9s et de la prune, pour une note s\u00e9duisante de sucre de demerara.<\/p>\n<p><strong>Go\u00fbt :<\/strong> Avec un bel \u00e9quilibre doux et amer dans un corps lisse et puissant, la Kwak offre de d\u00e9licieuses saveurs d&rsquo;abricot, de malt et de prune, associ\u00e9es \u00e0 la banane, la r\u00e9glisse et la pomme verte. L&rsquo;exp\u00e9rience de d\u00e9gustation se termine par une finale \u00e9pic\u00e9e et sucr\u00e9e.<\/p>","protected":false},"excerpt":{"rendered":"<p><strong>Coffret Kwak &#8211; Brasserie Bosteels &#8211;\u00a0Buggenhout<\/strong><\/p>\n<p>\u00a0<\/p>\n<p><strong>Ce coffret se compose de :<\/strong><\/p>\n<ul>\n<li>4 Kwak 33cl<\/li>\n<li>1 verre Kwak 33cl<\/li>\n<\/ul>\n<p>\u00a0<\/p>\n<p><span style=\"text-decoration: underline;\"><em>La brasserie :<\/em><\/span><\/p>\n<p><em>Depuis sa fondation en 1791 par Evarist Bosteels, la brasserie Bosteels est devenue la d\u00e9finition de l&rsquo;entreprise familiale. Dans la m\u00eame famille depuis plus de 200 ans, la brasserie a\u00a0<\/em><em>\u00e9t\u00e9 dirig\u00e9e par sept g\u00e9n\u00e9rations de la famille Bosteels, brassant certaines bi\u00e8res les plus embl\u00e9matiques de la Belgique.<\/em><\/p>\n<p><em>Parmi celles-ci figurent des classiques telles que Tripel Karmeliet et l&rsquo;exquise Deus Brut des Flandres, une bi\u00e8re d&rsquo;orge brass\u00e9e dans le style champagne. Toutes\u00a0<\/em><em>sont brass\u00e9es avec le m\u00eame soin et la m\u00eame attention qu&rsquo;\u00e0 l&rsquo;origine.<\/em><\/p>\n<p>\u00a0<\/p>\n<p><em>La bi\u00e8re :<\/em><\/p>\n<p>Con\u00e7ue \u00e0 l&rsquo;origine comme un breuvage pour les cochers congel\u00e9s, et traditionnellement servie dans son verre original du cocher, la Kwak est l&rsquo;une des bi\u00e8res les plus iconiques de Belgique.<\/p>","protected":false},"featured_media":13175,"comment_status":"open","ping_status":"open","template":"","meta":[],"product_cat":[250,333],"product_tag":[],"class_list":{"0":"post-9738","1":"product","2":"type-product","3":"status-publish","4":"has-post-thumbnail","6":"product_cat-bieres","7":"product_cat-coffrets-cadeaux","8":"pa_color-ambree","9":"pa_country-belgique","10":"pa_style-belgian-pale-ale","11":"_wholesalex wsx-wholesalex-product","13":"first","14":"instock","15":"taxable","16":"shipping-taxable","17":"purchasable","18":"product-type-simple"},"_links":{"self":[{"href":"https:\/\/petitecave.ch\/de\/wp-json\/wp\/v2\/product\/9738","targetHints":{"allow":["GET"]}}],"collection":[{"href":"https:\/\/petitecave.ch\/de\/wp-json\/wp\/v2\/product"}],"about":[{"href":"https:\/\/petitecave.ch\/de\/wp-json\/wp\/v2\/types\/product"}],"replies":[{"embeddable":true,"href":"https:\/\/petitecave.ch\/de\/wp-json\/wp\/v2\/comments?post=9738"}],"wp:featuredmedia":[{"embeddable":true,"href":"https:\/\/petitecave.ch\/de\/wp-json\/wp\/v2\/media\/13175"}],"wp:attachment":[{"href":"https:\/\/petitecave.ch\/de\/wp-json\/wp\/v2\/media?parent=9738"}],"wp:term":[{"taxonomy":"product_cat","embeddable":true,"href":"https:\/\/petitecave.ch\/de\/wp-json\/wp\/v2\/product_cat?post=9738"},{"taxonomy":"product_tag","embeddable":true,"href":"https:\/\/petitecave.ch\/de\/wp-json\/wp\/v2\/product_tag?post=9738"}],"curies":[{"name":"wp","href":"https:\/\/api.w.org\/{rel}","templated":true}]}}