{"id":9733,"date":"2025-10-28T10:47:40","date_gmt":"2025-10-28T10:47:40","guid":{"rendered":""},"modified":"2026-04-07T14:44:46","modified_gmt":"2026-04-07T12:44:46","slug":"lindemans-oude-kriek-cuv-e-ren-75cl","status":"publish","type":"product","link":"https:\/\/petitecave.ch\/de\/product\/lindemans-oude-kriek-cuv-e-ren-75cl\/","title":{"rendered":"Lindemans Oude Kriek Cuv\u00e9e Ren\u00e9 75cl"},"content":{"rendered":"<p><strong>Visuel :<\/strong> Sa couleur est d\u2019un rouge profond et son col de mousse est l\u00e9g\u00e8rement ros\u00e9<\/p>\n<p><strong>Nez :\u00a0<\/strong>Puissants ar\u00f4mes de fruits rouges comme la cerise et la framboise\u00a0<\/p>\n<p><strong>Go\u00fbt :<\/strong> Tr\u00e8s rafra\u00eechissante, c\u2019est une boisson parfaitement d\u00e9salt\u00e9rante qui, gr\u00e2ce \u00e0 sa saveur p\u00e9tillante et acidul\u00e9e, constitue un ap\u00e9ritif id\u00e9al<\/p>","protected":false},"excerpt":{"rendered":"<p><strong>Lindemans Oude Kriek\u00a0Cuv\u00e9e Ren\u00e9\u00a0&#8211; Brasserie Lindemans\u00a0<\/strong><\/p>\n<p><em><\/em><\/p>\n<p><i>Tout d&rsquo;abord, sachez que cette bi\u00e8re a remport\u00e9 le Premier Prix dans la cat\u00e9gorie Meilleure Bi\u00e8re Aigre aux derniers World Beer Awards, premier gage de sa qualit\u00e9.<\/i><\/p>\n<p><em><\/em><\/p>\n<p><i>La brasserie Lindemans est r\u00e9put\u00e9e en Belgique et dans le monde entier pour ses bi\u00e8res \u00e0 base de fruits et de Lambic. Ainsi, qui n\u2019a jamais d\u00e9gust\u00e9 une Lindemans Framboise ou une P\u00e9cheresse ? Cette Kriek Cuv\u00e9e Ren\u00e9 repr\u00e9sente en quelque sorte ce que la brasserie sait faire de mieux : Une Kriek \u00e0 l\u2019ancienne dans la plus grande tradition des Kriek belges ! Pour ce grand cru, seules des mati\u00e8res premi\u00e8res de tr\u00e8s hautes qualit\u00e9s ont \u00e9t\u00e9 s\u00e9lectionn\u00e9es pour offrir le meilleur lors de la d\u00e9gustation.<\/i><\/p>\n<p><em>La particularit\u00e9 de cette Kriek traditionnelle est qu\u2019elle est brass\u00e9e avec des griottes enti\u00e8res. Les vraies griottes de Schaerbeek se faisant rares, la brasserie Lindemans leur a trouv\u00e9 une parfaite alternative ailleurs en Europe.<\/em><\/p>","protected":false},"featured_media":13167,"comment_status":"open","ping_status":"open","template":"","meta":[],"product_cat":[250],"product_tag":[],"class_list":{"0":"post-9733","1":"product","2":"type-product","3":"status-publish","4":"has-post-thumbnail","6":"product_cat-bieres","7":"pa_categorie-bieres-fruitees","8":"pa_color-rouge-rubis","9":"pa_country-belgique","10":"pa_style-fruitbier","11":"pa_type-lambic","12":"pa_volume-75-cl","13":"_wholesalex wsx-wholesalex-product","15":"first","16":"instock","17":"taxable","18":"shipping-taxable","19":"purchasable","20":"product-type-simple"},"_links":{"self":[{"href":"https:\/\/petitecave.ch\/de\/wp-json\/wp\/v2\/product\/9733","targetHints":{"allow":["GET"]}}],"collection":[{"href":"https:\/\/petitecave.ch\/de\/wp-json\/wp\/v2\/product"}],"about":[{"href":"https:\/\/petitecave.ch\/de\/wp-json\/wp\/v2\/types\/product"}],"replies":[{"embeddable":true,"href":"https:\/\/petitecave.ch\/de\/wp-json\/wp\/v2\/comments?post=9733"}],"wp:featuredmedia":[{"embeddable":true,"href":"https:\/\/petitecave.ch\/de\/wp-json\/wp\/v2\/media\/13167"}],"wp:attachment":[{"href":"https:\/\/petitecave.ch\/de\/wp-json\/wp\/v2\/media?parent=9733"}],"wp:term":[{"taxonomy":"product_cat","embeddable":true,"href":"https:\/\/petitecave.ch\/de\/wp-json\/wp\/v2\/product_cat?post=9733"},{"taxonomy":"product_tag","embeddable":true,"href":"https:\/\/petitecave.ch\/de\/wp-json\/wp\/v2\/product_tag?post=9733"}],"curies":[{"name":"wp","href":"https:\/\/api.w.org\/{rel}","templated":true}]}}