{"id":9731,"date":"2025-10-28T10:47:38","date_gmt":"2025-10-28T10:47:38","guid":{"rendered":""},"modified":"2026-04-07T14:10:12","modified_gmt":"2026-04-07T12:10:12","slug":"lindemans-pomme-25cl","status":"publish","type":"product","link":"https:\/\/petitecave.ch\/de\/product\/lindemans-pomme-25cl\/","title":{"rendered":"Lindemans Pomme 25cl"},"content":{"rendered":"<p><strong>Visuel :<\/strong> Robe jaune or avec une fine mousse blanche\u00a0<\/p>\n<p><strong>Nez :<\/strong> Ar\u00f4me puissant de pomme<\/p>\n<p><strong>Go\u00fbt :<\/strong> Bi\u00e8re aux saveurs de pomme, de sucre et de malt<\/p>","protected":false},"excerpt":{"rendered":"<p><strong>Lindemans Pomme &#8211; Brasserie Lindemans\u00a0<\/strong><\/p>\n<p><strong><\/strong><\/p>\n<p><i>La Lindemans Apple a vu le jour vers la fin de l&rsquo;ann\u00e9e 2005 \u00e0 la Brasserie Lindemans, pr\u00e8s de Bruxelles. \u00c0 l&rsquo;origine, la bi\u00e8re de pomme \u00e9tait une boisson produite par les celtes qu&rsquo;ils buvaient \u00e0 l&rsquo;occasion des f\u00eates des r\u00e9coltes. La Brasserie Lindemans s&rsquo;est inspir\u00e9e de cette tradition brassicole pour fabriquer une variante de Lambic \u00e0 base de pomme.<\/i><\/p>","protected":false},"featured_media":13165,"comment_status":"open","ping_status":"closed","template":"","meta":[],"product_cat":[250],"product_tag":[],"class_list":{"0":"post-9731","1":"product","2":"type-product","3":"status-publish","4":"has-post-thumbnail","6":"product_cat-bieres","7":"pa_categorie-bieres-fruitees","8":"pa_color-blonde","9":"pa_country-belgique","10":"pa_style-fruitbier","11":"pa_type-lambic","12":"product_deptype-0-30","13":"_wholesalex wsx-wholesalex-product","15":"first","16":"instock","17":"taxable","18":"shipping-taxable","19":"purchasable","20":"product-type-simple"},"_links":{"self":[{"href":"https:\/\/petitecave.ch\/de\/wp-json\/wp\/v2\/product\/9731","targetHints":{"allow":["GET"]}}],"collection":[{"href":"https:\/\/petitecave.ch\/de\/wp-json\/wp\/v2\/product"}],"about":[{"href":"https:\/\/petitecave.ch\/de\/wp-json\/wp\/v2\/types\/product"}],"replies":[{"embeddable":true,"href":"https:\/\/petitecave.ch\/de\/wp-json\/wp\/v2\/comments?post=9731"}],"wp:featuredmedia":[{"embeddable":true,"href":"https:\/\/petitecave.ch\/de\/wp-json\/wp\/v2\/media\/13165"}],"wp:attachment":[{"href":"https:\/\/petitecave.ch\/de\/wp-json\/wp\/v2\/media?parent=9731"}],"wp:term":[{"taxonomy":"product_cat","embeddable":true,"href":"https:\/\/petitecave.ch\/de\/wp-json\/wp\/v2\/product_cat?post=9731"},{"taxonomy":"product_tag","embeddable":true,"href":"https:\/\/petitecave.ch\/de\/wp-json\/wp\/v2\/product_tag?post=9731"}],"curies":[{"name":"wp","href":"https:\/\/api.w.org\/{rel}","templated":true}]}}