{"id":9729,"date":"2025-10-28T10:47:37","date_gmt":"2025-10-28T10:47:37","guid":{"rendered":""},"modified":"2026-04-07T14:46:44","modified_gmt":"2026-04-07T12:46:44","slug":"liefmans-goudenband-75cl","status":"publish","type":"product","link":"https:\/\/petitecave.ch\/de\/product\/liefmans-goudenband-75cl\/","title":{"rendered":"Liefmans Goudenband 75cl"},"content":{"rendered":"<p><strong>Visuel :\u00a0<\/strong>Robe brune aux reflets rouge avec une belle mousse beige\u00a0<\/p>\n<p><strong>Nez :\u00a0<\/strong>Ar\u00f4mes de fruits rouges avec de la rhubarbe\u00a0<\/p>\n<p><strong>Go\u00fbt :\u00a0<\/strong>\u00a0Saveurs\u00a0de pomme et de cerise rehauss\u00e9 de touches bois\u00e9es. Elle pr\u00e9sente des notes de noix et de raisins secs en fin de bouche. Avec son bouquet l\u00e9g\u00e8rement acide et ses ar\u00f4mes grill\u00e9s et amers, cette bi\u00e8re se marie parfaitement aux fromages bleus. Un pur bonheur !<\/p>","protected":false},"excerpt":{"rendered":"<p><strong>Liefmans Goudenband &#8211; Brasserie Liefmans\u00a0<\/strong><\/p>\n<\/p>\n<p><em>La Liefmans Goudenband est l\u2019une des bi\u00e8res brunes les plus exceptionnelles au monde.<\/em><\/p>\n<p><em><span class=\"richtext faq__a py-2 active\">Elle est brass\u00e9e dans des cuves ouvertes \u00e0 partir de bi\u00e8re \u00e0 fermentation mixte, avant d&rsquo;\u00eatre plac\u00e9e en caves de maturation pendant 4 \u00e0 12 mois. La bi\u00e8re \u00e0 maturit\u00e9 est assembl\u00e9e \u00e0 de la bi\u00e8re jeune afin de relancer la fermentation.<\/span><\/em><\/p>\n<p><em><span class=\"richtext faq__a py-2 active\">La Liefmans Goudenband est une bi\u00e8re de garde qui, \u00e0 l&rsquo;instar du vin, se bonifie avec le temps.\u00a0<\/span><\/em><\/p>","protected":false},"featured_media":13163,"comment_status":"open","ping_status":"open","template":"","meta":[],"product_cat":[250],"product_tag":[],"class_list":{"0":"post-9729","1":"product","2":"type-product","3":"status-publish","4":"has-post-thumbnail","6":"product_cat-bieres","7":"pa_categorie-bieres-brunes","8":"pa_color-brune","9":"pa_country-belgique","10":"pa_style-flandres-red","11":"pa_volume-75-cl","12":"_wholesalex wsx-wholesalex-product","14":"first","15":"instock","16":"taxable","17":"shipping-taxable","18":"purchasable","19":"product-type-simple"},"yoast_head":"<!-- This site is optimized with the Yoast SEO plugin v27.4 - https:\/\/yoast.com\/product\/yoast-seo-wordpress\/ -->\n<title>Liefmans Goudenband 75cl | La Petite Cave du Chablais<\/title>\n<meta name=\"robots\" content=\"index, follow, max-snippet:-1, max-image-preview:large, max-video-preview:-1\" \/>\n<link rel=\"canonical\" href=\"https:\/\/petitecave.ch\/de\/product\/liefmans-goudenband-75cl\/\" \/>\n<meta property=\"og:locale\" content=\"de_DE\" \/>\n<meta property=\"og:type\" content=\"article\" \/>\n<meta property=\"og:title\" content=\"Liefmans Goudenband 75cl | La Petite Cave du Chablais\" \/>\n<meta property=\"og:description\" content=\"Liefmans Goudenband - Brasserie Liefmans\u00a0 La Liefmans Goudenband est l\u2019une des bi\u00e8res brunes les plus exceptionnelles au monde. Elle est brass\u00e9e dans des cuves ouvertes \u00e0 partir de bi\u00e8re \u00e0 fermentation mixte, avant d&#039;\u00eatre plac\u00e9e en caves de maturation pendant 4 \u00e0 12 mois. La bi\u00e8re \u00e0 maturit\u00e9 est assembl\u00e9e \u00e0 de la bi\u00e8re jeune afin de relancer la fermentation. La Liefmans Goudenband est une bi\u00e8re de garde qui, \u00e0 l&#039;instar du vin, se bonifie avec le temps.\u00a0\" \/>\n<meta property=\"og:url\" content=\"https:\/\/petitecave.ch\/de\/product\/liefmans-goudenband-75cl\/\" \/>\n<meta property=\"og:site_name\" content=\"La Petite Cave du Chablais\" \/>\n<meta property=\"article:publisher\" content=\"https:\/\/www.facebook.com\/LaPetiteCaveDuChablais\" \/>\n<meta property=\"article:modified_time\" content=\"2026-04-07T12:46:44+00:00\" \/>\n<meta property=\"og:image\" content=\"https:\/\/petitecave.ch\/wp-content\/uploads\/2025\/10\/9729_1932_cover.png\" \/>\n\t<meta property=\"og:image:width\" content=\"800\" \/>\n\t<meta property=\"og:image:height\" content=\"800\" \/>\n\t<meta property=\"og:image:type\" content=\"image\/png\" \/>\n<meta name=\"twitter:card\" content=\"summary_large_image\" \/>\n<script type=\"application\/ld+json\" class=\"yoast-schema-graph\">{\"@context\":\"https:\\\/\\\/schema.org\",\"@graph\":[{\"@type\":\"WebPage\",\"@id\":\"https:\\\/\\\/petitecave.ch\\\/de\\\/product\\\/liefmans-goudenband-75cl\\\/\",\"url\":\"https:\\\/\\\/petitecave.ch\\\/de\\\/product\\\/liefmans-goudenband-75cl\\\/\",\"name\":\"Liefmans Goudenband 75cl | La Petite Cave du Chablais\",\"isPartOf\":{\"@id\":\"https:\\\/\\\/petitecave.ch\\\/de\\\/#website\"},\"primaryImageOfPage\":{\"@id\":\"https:\\\/\\\/petitecave.ch\\\/de\\\/product\\\/liefmans-goudenband-75cl\\\/#primaryimage\"},\"image\":{\"@id\":\"https:\\\/\\\/petitecave.ch\\\/de\\\/product\\\/liefmans-goudenband-75cl\\\/#primaryimage\"},\"thumbnailUrl\":\"https:\\\/\\\/petitecave.ch\\\/wp-content\\\/uploads\\\/2025\\\/10\\\/9729_1932_cover.png\",\"datePublished\":\"2025-10-28T10:47:37+00:00\",\"dateModified\":\"2026-04-07T12:46:44+00:00\",\"breadcrumb\":{\"@id\":\"https:\\\/\\\/petitecave.ch\\\/de\\\/product\\\/liefmans-goudenband-75cl\\\/#breadcrumb\"},\"inLanguage\":\"de-CH\",\"potentialAction\":[{\"@type\":\"ReadAction\",\"target\":[\"https:\\\/\\\/petitecave.ch\\\/de\\\/product\\\/liefmans-goudenband-75cl\\\/\"]}]},{\"@type\":\"ImageObject\",\"inLanguage\":\"de-CH\",\"@id\":\"https:\\\/\\\/petitecave.ch\\\/de\\\/product\\\/liefmans-goudenband-75cl\\\/#primaryimage\",\"url\":\"https:\\\/\\\/petitecave.ch\\\/wp-content\\\/uploads\\\/2025\\\/10\\\/9729_1932_cover.png\",\"contentUrl\":\"https:\\\/\\\/petitecave.ch\\\/wp-content\\\/uploads\\\/2025\\\/10\\\/9729_1932_cover.png\",\"width\":800,\"height\":800},{\"@type\":\"BreadcrumbList\",\"@id\":\"https:\\\/\\\/petitecave.ch\\\/de\\\/product\\\/liefmans-goudenband-75cl\\\/#breadcrumb\",\"itemListElement\":[{\"@type\":\"ListItem\",\"position\":1,\"name\":\"Accueil\",\"item\":\"https:\\\/\\\/petitecave.ch\\\/de\\\/\"},{\"@type\":\"ListItem\",\"position\":2,\"name\":\"Produkte\",\"item\":\"https:\\\/\\\/petitecave.ch\\\/de\\\/shop\\\/\"},{\"@type\":\"ListItem\",\"position\":3,\"name\":\"Liefmans Goudenband 75cl\"}]},{\"@type\":\"WebSite\",\"@id\":\"https:\\\/\\\/petitecave.ch\\\/de\\\/#website\",\"url\":\"https:\\\/\\\/petitecave.ch\\\/de\\\/\",\"name\":\"La Petite Cave du Chablais\",\"description\":\"Vins, bi\u00e8res et spiritueux en ligne !\",\"publisher\":{\"@id\":\"https:\\\/\\\/petitecave.ch\\\/de\\\/#organization\"},\"alternateName\":\"La Petite Cave\",\"potentialAction\":[{\"@type\":\"SearchAction\",\"target\":{\"@type\":\"EntryPoint\",\"urlTemplate\":\"https:\\\/\\\/petitecave.ch\\\/de\\\/?s={search_term_string}\"},\"query-input\":{\"@type\":\"PropertyValueSpecification\",\"valueRequired\":true,\"valueName\":\"search_term_string\"}}],\"inLanguage\":\"de-CH\"},{\"@type\":\"Organization\",\"@id\":\"https:\\\/\\\/petitecave.ch\\\/de\\\/#organization\",\"name\":\"La Petite Cave du Chablais S\u00e0rl\",\"url\":\"https:\\\/\\\/petitecave.ch\\\/de\\\/\",\"logo\":{\"@type\":\"ImageObject\",\"inLanguage\":\"de-CH\",\"@id\":\"https:\\\/\\\/petitecave.ch\\\/de\\\/#\\\/schema\\\/logo\\\/image\\\/\",\"url\":\"https:\\\/\\\/petitecave.ch\\\/wp-content\\\/uploads\\\/2025\\\/10\\\/petitecavelogo-removebg-preview.png\",\"contentUrl\":\"https:\\\/\\\/petitecave.ch\\\/wp-content\\\/uploads\\\/2025\\\/10\\\/petitecavelogo-removebg-preview.png\",\"width\":800,\"height\":200,\"caption\":\"La Petite Cave du Chablais S\u00e0rl\"},\"image\":{\"@id\":\"https:\\\/\\\/petitecave.ch\\\/de\\\/#\\\/schema\\\/logo\\\/image\\\/\"},\"sameAs\":[\"https:\\\/\\\/www.facebook.com\\\/LaPetiteCaveDuChablais\",\"https:\\\/\\\/www.instagram.com\\\/lapetitecaveduchablais\",\"https:\\\/\\\/www.linkedin.com\\\/company\\\/la-petite-cave-du-chablais\"]}]}<\/script>\n<!-- \/ Yoast SEO plugin. -->","yoast_head_json":{"title":"Liefmans Goudenband 75cl | La Petite Cave du Chablais","robots":{"index":"index","follow":"follow","max-snippet":"max-snippet:-1","max-image-preview":"max-image-preview:large","max-video-preview":"max-video-preview:-1"},"canonical":"https:\/\/petitecave.ch\/de\/product\/liefmans-goudenband-75cl\/","og_locale":"de_DE","og_type":"article","og_title":"Liefmans Goudenband 75cl | La Petite Cave du Chablais","og_description":"Liefmans Goudenband - Brasserie Liefmans\u00a0 La Liefmans Goudenband est l\u2019une des bi\u00e8res brunes les plus exceptionnelles au monde. Elle est brass\u00e9e dans des cuves ouvertes \u00e0 partir de bi\u00e8re \u00e0 fermentation mixte, avant d'\u00eatre plac\u00e9e en caves de maturation pendant 4 \u00e0 12 mois. La bi\u00e8re \u00e0 maturit\u00e9 est assembl\u00e9e \u00e0 de la bi\u00e8re jeune afin de relancer la fermentation. La Liefmans Goudenband est une bi\u00e8re de garde qui, \u00e0 l'instar du vin, se bonifie avec le temps.\u00a0","og_url":"https:\/\/petitecave.ch\/de\/product\/liefmans-goudenband-75cl\/","og_site_name":"La Petite Cave du Chablais","article_publisher":"https:\/\/www.facebook.com\/LaPetiteCaveDuChablais","article_modified_time":"2026-04-07T12:46:44+00:00","og_image":[{"width":800,"height":800,"url":"https:\/\/petitecave.ch\/wp-content\/uploads\/2025\/10\/9729_1932_cover.png","type":"image\/png"}],"twitter_card":"summary_large_image","schema":{"@context":"https:\/\/schema.org","@graph":[{"@type":"WebPage","@id":"https:\/\/petitecave.ch\/de\/product\/liefmans-goudenband-75cl\/","url":"https:\/\/petitecave.ch\/de\/product\/liefmans-goudenband-75cl\/","name":"Liefmans Goudenband 75cl | La Petite Cave du Chablais","isPartOf":{"@id":"https:\/\/petitecave.ch\/de\/#website"},"primaryImageOfPage":{"@id":"https:\/\/petitecave.ch\/de\/product\/liefmans-goudenband-75cl\/#primaryimage"},"image":{"@id":"https:\/\/petitecave.ch\/de\/product\/liefmans-goudenband-75cl\/#primaryimage"},"thumbnailUrl":"https:\/\/petitecave.ch\/wp-content\/uploads\/2025\/10\/9729_1932_cover.png","datePublished":"2025-10-28T10:47:37+00:00","dateModified":"2026-04-07T12:46:44+00:00","breadcrumb":{"@id":"https:\/\/petitecave.ch\/de\/product\/liefmans-goudenband-75cl\/#breadcrumb"},"inLanguage":"de-CH","potentialAction":[{"@type":"ReadAction","target":["https:\/\/petitecave.ch\/de\/product\/liefmans-goudenband-75cl\/"]}]},{"@type":"ImageObject","inLanguage":"de-CH","@id":"https:\/\/petitecave.ch\/de\/product\/liefmans-goudenband-75cl\/#primaryimage","url":"https:\/\/petitecave.ch\/wp-content\/uploads\/2025\/10\/9729_1932_cover.png","contentUrl":"https:\/\/petitecave.ch\/wp-content\/uploads\/2025\/10\/9729_1932_cover.png","width":800,"height":800},{"@type":"BreadcrumbList","@id":"https:\/\/petitecave.ch\/de\/product\/liefmans-goudenband-75cl\/#breadcrumb","itemListElement":[{"@type":"ListItem","position":1,"name":"Accueil","item":"https:\/\/petitecave.ch\/de\/"},{"@type":"ListItem","position":2,"name":"Produkte","item":"https:\/\/petitecave.ch\/de\/shop\/"},{"@type":"ListItem","position":3,"name":"Liefmans Goudenband 75cl"}]},{"@type":"WebSite","@id":"https:\/\/petitecave.ch\/de\/#website","url":"https:\/\/petitecave.ch\/de\/","name":"Die kleine Keller des Chablais","description":"Vins, bi\u00e8res et spiritueux en ligne !","publisher":{"@id":"https:\/\/petitecave.ch\/de\/#organization"},"alternateName":"La Petite Cave","potentialAction":[{"@type":"SearchAction","target":{"@type":"EntryPoint","urlTemplate":"https:\/\/petitecave.ch\/de\/?s={search_term_string}"},"query-input":{"@type":"PropertyValueSpecification","valueRequired":true,"valueName":"search_term_string"}}],"inLanguage":"de-CH"},{"@type":"Organization","@id":"https:\/\/petitecave.ch\/de\/#organization","name":"La Petite Cave du Chablais S\u00e0rl","url":"https:\/\/petitecave.ch\/de\/","logo":{"@type":"ImageObject","inLanguage":"de-CH","@id":"https:\/\/petitecave.ch\/de\/#\/schema\/logo\/image\/","url":"https:\/\/petitecave.ch\/wp-content\/uploads\/2025\/10\/petitecavelogo-removebg-preview.png","contentUrl":"https:\/\/petitecave.ch\/wp-content\/uploads\/2025\/10\/petitecavelogo-removebg-preview.png","width":800,"height":200,"caption":"La Petite Cave du Chablais S\u00e0rl"},"image":{"@id":"https:\/\/petitecave.ch\/de\/#\/schema\/logo\/image\/"},"sameAs":["https:\/\/www.facebook.com\/LaPetiteCaveDuChablais","https:\/\/www.instagram.com\/lapetitecaveduchablais","https:\/\/www.linkedin.com\/company\/la-petite-cave-du-chablais"]}]}},"_links":{"self":[{"href":"https:\/\/petitecave.ch\/de\/wp-json\/wp\/v2\/product\/9729","targetHints":{"allow":["GET"]}}],"collection":[{"href":"https:\/\/petitecave.ch\/de\/wp-json\/wp\/v2\/product"}],"about":[{"href":"https:\/\/petitecave.ch\/de\/wp-json\/wp\/v2\/types\/product"}],"replies":[{"embeddable":true,"href":"https:\/\/petitecave.ch\/de\/wp-json\/wp\/v2\/comments?post=9729"}],"wp:featuredmedia":[{"embeddable":true,"href":"https:\/\/petitecave.ch\/de\/wp-json\/wp\/v2\/media\/13163"}],"wp:attachment":[{"href":"https:\/\/petitecave.ch\/de\/wp-json\/wp\/v2\/media?parent=9729"}],"wp:term":[{"taxonomy":"product_cat","embeddable":true,"href":"https:\/\/petitecave.ch\/de\/wp-json\/wp\/v2\/product_cat?post=9729"},{"taxonomy":"product_tag","embeddable":true,"href":"https:\/\/petitecave.ch\/de\/wp-json\/wp\/v2\/product_tag?post=9729"}],"curies":[{"name":"wp","href":"https:\/\/api.w.org\/{rel}","templated":true}]}}