{"id":9725,"date":"2025-10-28T10:47:33","date_gmt":"2025-10-28T10:47:33","guid":{"rendered":""},"modified":"2026-04-07T13:53:03","modified_gmt":"2026-04-07T11:53:03","slug":"hopus-33cl","status":"publish","type":"product","link":"https:\/\/petitecave.ch\/de\/product\/hopus-33cl\/","title":{"rendered":"Hopus 33cl"},"content":{"rendered":"<p><strong>Visuel :<\/strong> Blonde aux reflets cuivr\u00e9s surmont\u00e9e d&rsquo;une mousse g\u00e9n\u00e9reuse<\/p>\n<p><strong>Nez :<\/strong> Unique et original, m\u00e9lange \u00e0 des notes v\u00e9g\u00e9tales, d&rsquo;agrumes et fruit\u00e9es<\/p>\n<p><strong>Go\u00fbt :<\/strong> Le c\u00f4t\u00e9 fruit\u00e9 des ar\u00f4mes de fermentation haute et les saveurs de malt r\u00e9\u00e9quilibrent parfaitement l&rsquo;attaque sans la masquer<\/p>","protected":false},"excerpt":{"rendered":"<p><strong>Hopus &#8211; Brasserie Lefebvre\u00a0<\/strong><\/p>\n<p><strong><\/strong><\/p>\n<p><i>Brass\u00e9e depuis 2009 et premi\u00e8re bi\u00e8re cr\u00e9\u00e9e par la 6\u00e8me g\u00e9n\u00e9ration de brasseurs \u00e0 la brasserie familiale Lefebvre, la Hopus est une blonde forte de Belgique.<\/i><\/p>\n<p><i>C&rsquo;est une bi\u00e8re au caract\u00e8re fortement houblonn\u00e9. Le nom HOPUS est une combinaison du mot &lsquo;hop&rsquo; en anglais et &lsquo;opus&rsquo;, le latin pour &lsquo;work&rsquo;.<\/i><\/p>","protected":false},"featured_media":13159,"comment_status":"open","ping_status":"closed","template":"","meta":[],"product_cat":[250],"product_tag":[],"class_list":{"0":"post-9725","1":"product","2":"type-product","3":"status-publish","4":"has-post-thumbnail","6":"product_cat-bieres","7":"pa_categorie-bieres-blondes","8":"pa_color-blonde","9":"pa_country-belgique","10":"pa_style-pale-ale","11":"product_deptype-0-30","12":"_wholesalex wsx-wholesalex-product","14":"first","15":"instock","16":"taxable","17":"shipping-taxable","18":"purchasable","19":"product-type-simple"},"_links":{"self":[{"href":"https:\/\/petitecave.ch\/de\/wp-json\/wp\/v2\/product\/9725","targetHints":{"allow":["GET"]}}],"collection":[{"href":"https:\/\/petitecave.ch\/de\/wp-json\/wp\/v2\/product"}],"about":[{"href":"https:\/\/petitecave.ch\/de\/wp-json\/wp\/v2\/types\/product"}],"replies":[{"embeddable":true,"href":"https:\/\/petitecave.ch\/de\/wp-json\/wp\/v2\/comments?post=9725"}],"wp:featuredmedia":[{"embeddable":true,"href":"https:\/\/petitecave.ch\/de\/wp-json\/wp\/v2\/media\/13159"}],"wp:attachment":[{"href":"https:\/\/petitecave.ch\/de\/wp-json\/wp\/v2\/media?parent=9725"}],"wp:term":[{"taxonomy":"product_cat","embeddable":true,"href":"https:\/\/petitecave.ch\/de\/wp-json\/wp\/v2\/product_cat?post=9725"},{"taxonomy":"product_tag","embeddable":true,"href":"https:\/\/petitecave.ch\/de\/wp-json\/wp\/v2\/product_tag?post=9725"}],"curies":[{"name":"wp","href":"https:\/\/api.w.org\/{rel}","templated":true}]}}