{"id":9720,"date":"2025-10-28T10:47:29","date_gmt":"2025-10-28T10:47:29","guid":{"rendered":""},"modified":"2026-03-27T18:02:44","modified_gmt":"2026-03-27T17:02:44","slug":"lupulus-organicus-bio-75cl","status":"publish","type":"product","link":"https:\/\/petitecave.ch\/de\/product\/lupulus-organicus-bio-75cl\/","title":{"rendered":"Lupulus Organicus BIO 75cl"},"content":{"rendered":"<p><strong>Visuel :<\/strong> Une robe blonde trouble sur\u00e9lev\u00e9e d&rsquo;une fine mousse blanche<\/p>\n<p><strong>Nez :<\/strong> Des ar\u00f4mes floraux d\u00e9licatement relev\u00e9s par une effluve de levure<\/p>\n<p><strong>Go\u00fbt :<\/strong> Des saveurs fruit\u00e9es et herbac\u00e9es avec une agr\u00e9able amertume en fin de d\u00e9gustation.\u00a0<\/p>","protected":false},"excerpt":{"rendered":"<p><strong>Lupulus Organicus BIO &#8211; Brasserie Lupulus\u00a0<\/strong><\/p>","protected":false},"featured_media":18903,"comment_status":"open","ping_status":"open","template":"","meta":[],"product_cat":[250],"product_tag":[],"class_list":{"0":"post-9720","1":"product","2":"type-product","3":"status-publish","4":"has-post-thumbnail","6":"product_cat-bieres","7":"pa_color-blonde","8":"pa_country-belgique","9":"pa_style-tripel","10":"pa_volume-75-cl","11":"_wholesalex wsx-wholesalex-product","13":"first","14":"instock","15":"taxable","16":"shipping-taxable","17":"purchasable","18":"product-type-simple"},"_links":{"self":[{"href":"https:\/\/petitecave.ch\/de\/wp-json\/wp\/v2\/product\/9720","targetHints":{"allow":["GET"]}}],"collection":[{"href":"https:\/\/petitecave.ch\/de\/wp-json\/wp\/v2\/product"}],"about":[{"href":"https:\/\/petitecave.ch\/de\/wp-json\/wp\/v2\/types\/product"}],"replies":[{"embeddable":true,"href":"https:\/\/petitecave.ch\/de\/wp-json\/wp\/v2\/comments?post=9720"}],"wp:featuredmedia":[{"embeddable":true,"href":"https:\/\/petitecave.ch\/de\/wp-json\/wp\/v2\/media\/18903"}],"wp:attachment":[{"href":"https:\/\/petitecave.ch\/de\/wp-json\/wp\/v2\/media?parent=9720"}],"wp:term":[{"taxonomy":"product_cat","embeddable":true,"href":"https:\/\/petitecave.ch\/de\/wp-json\/wp\/v2\/product_cat?post=9720"},{"taxonomy":"product_tag","embeddable":true,"href":"https:\/\/petitecave.ch\/de\/wp-json\/wp\/v2\/product_tag?post=9720"}],"curies":[{"name":"wp","href":"https:\/\/api.w.org\/{rel}","templated":true}]}}