{"id":9716,"date":"2025-10-28T10:47:25","date_gmt":"2025-10-28T10:47:25","guid":{"rendered":""},"modified":"2026-02-13T12:00:19","modified_gmt":"2026-02-13T11:00:19","slug":"lupulus-hopera-33cl","status":"publish","type":"product","link":"https:\/\/petitecave.ch\/de\/product\/lupulus-hopera-33cl\/","title":{"rendered":"Lupulus Hopera 33cl"},"content":{"rendered":"<p><strong>Visuel :<\/strong> Une robe ambr\u00e9e et l\u00e9g\u00e8rement trouble<\/p>\n<p><strong>Nez :<\/strong> Un nez puissant avec une large palette aromatique houblonn\u00e9e<\/p>\n<p><strong>Go\u00fbt :<\/strong> Une bi\u00e8re s\u00e8che \u00e0 l&rsquo;amertume prononc\u00e9es mais contr\u00f4l\u00e9e<\/p>","protected":false},"excerpt":{"rendered":"<p><strong>Lupulus Hopera &#8211; Brasserie Lupulus\u00a0<\/strong><\/p>\n<p><strong><\/strong><\/p>\n<p><i>Humulus Lupulus est le nom scientifique du houblon, d&rsquo;o\u00f9 la reprise de ce nom par la Brasserie les 3 Fourquets avec sa Lupulus Hopera. Jadis, les romains croyaient que le houblon su\u00e7ait la s\u00e8ve des arbres et l&rsquo;appel\u00e8rent Lupulus\u00a0qui se traduit par \u00ab\u00a0petit loup\u00a0\u00bb, ce qui correspond bien \u00e0 l&rsquo;image que l&rsquo;on peut retrouver sur cette bi\u00e8re.<\/i><\/p>","protected":false},"featured_media":18907,"comment_status":"open","ping_status":"closed","template":"","meta":[],"product_cat":[250],"product_tag":[],"class_list":{"0":"post-9716","1":"product","2":"type-product","3":"status-publish","4":"has-post-thumbnail","6":"product_cat-bieres","7":"pa_color-blonde","8":"pa_country-belgique","9":"pa_style-pale-ale","10":"product_deptype-0-30","11":"_wholesalex wsx-wholesalex-product","13":"first","14":"instock","15":"taxable","16":"shipping-taxable","17":"purchasable","18":"product-type-simple"},"_links":{"self":[{"href":"https:\/\/petitecave.ch\/de\/wp-json\/wp\/v2\/product\/9716","targetHints":{"allow":["GET"]}}],"collection":[{"href":"https:\/\/petitecave.ch\/de\/wp-json\/wp\/v2\/product"}],"about":[{"href":"https:\/\/petitecave.ch\/de\/wp-json\/wp\/v2\/types\/product"}],"replies":[{"embeddable":true,"href":"https:\/\/petitecave.ch\/de\/wp-json\/wp\/v2\/comments?post=9716"}],"wp:featuredmedia":[{"embeddable":true,"href":"https:\/\/petitecave.ch\/de\/wp-json\/wp\/v2\/media\/18907"}],"wp:attachment":[{"href":"https:\/\/petitecave.ch\/de\/wp-json\/wp\/v2\/media?parent=9716"}],"wp:term":[{"taxonomy":"product_cat","embeddable":true,"href":"https:\/\/petitecave.ch\/de\/wp-json\/wp\/v2\/product_cat?post=9716"},{"taxonomy":"product_tag","embeddable":true,"href":"https:\/\/petitecave.ch\/de\/wp-json\/wp\/v2\/product_tag?post=9716"}],"curies":[{"name":"wp","href":"https:\/\/api.w.org\/{rel}","templated":true}]}}