{"id":9715,"date":"2025-10-28T10:47:24","date_gmt":"2025-10-28T10:47:24","guid":{"rendered":""},"modified":"2026-04-07T14:20:44","modified_gmt":"2026-04-07T12:20:44","slug":"lupulus-fructus-33cl","status":"publish","type":"product","link":"https:\/\/petitecave.ch\/de\/product\/lupulus-fructus-33cl\/","title":{"rendered":"Lupulus Fructus 33cl"},"content":{"rendered":"<p><strong>Visuel :<\/strong> Une robe rouge vermillon sur\u00e9lev\u00e9e d&rsquo;une mousse aux reflets ros\u00e9s<\/p>\n<p><strong>Nez :<\/strong> Des ar\u00f4mes de framboises et de cerises griottes<\/p>\n<p><strong>Go\u00fbt :<\/strong> Des saveurs fruit\u00e9es avec une arri\u00e8re bouche acidul\u00e9e<\/p>","protected":false},"excerpt":{"rendered":"<p><strong>Lupulus Fructus &#8211; Brasserie Lupulus\u00a0<\/strong><\/p>","protected":false},"featured_media":18906,"comment_status":"open","ping_status":"closed","template":"","meta":[],"product_cat":[250],"product_tag":[],"class_list":{"0":"post-9715","1":"product","2":"type-product","3":"status-publish","4":"has-post-thumbnail","6":"product_cat-bieres","7":"pa_categorie-bieres-fruitees","8":"pa_color-rouge-rubis","9":"pa_country-belgique","10":"pa_style-fruitbier","11":"product_deptype-0-30","12":"_wholesalex wsx-wholesalex-product","14":"first","15":"instock","16":"taxable","17":"shipping-taxable","18":"purchasable","19":"product-type-simple"},"_links":{"self":[{"href":"https:\/\/petitecave.ch\/de\/wp-json\/wp\/v2\/product\/9715","targetHints":{"allow":["GET"]}}],"collection":[{"href":"https:\/\/petitecave.ch\/de\/wp-json\/wp\/v2\/product"}],"about":[{"href":"https:\/\/petitecave.ch\/de\/wp-json\/wp\/v2\/types\/product"}],"replies":[{"embeddable":true,"href":"https:\/\/petitecave.ch\/de\/wp-json\/wp\/v2\/comments?post=9715"}],"wp:featuredmedia":[{"embeddable":true,"href":"https:\/\/petitecave.ch\/de\/wp-json\/wp\/v2\/media\/18906"}],"wp:attachment":[{"href":"https:\/\/petitecave.ch\/de\/wp-json\/wp\/v2\/media?parent=9715"}],"wp:term":[{"taxonomy":"product_cat","embeddable":true,"href":"https:\/\/petitecave.ch\/de\/wp-json\/wp\/v2\/product_cat?post=9715"},{"taxonomy":"product_tag","embeddable":true,"href":"https:\/\/petitecave.ch\/de\/wp-json\/wp\/v2\/product_tag?post=9715"}],"curies":[{"name":"wp","href":"https:\/\/api.w.org\/{rel}","templated":true}]}}