{"id":9714,"date":"2025-10-28T10:47:24","date_gmt":"2025-10-28T10:47:24","guid":{"rendered":""},"modified":"2026-04-07T14:46:19","modified_gmt":"2026-04-07T12:46:19","slug":"lupulus-triple-1-5l","status":"publish","type":"product","link":"https:\/\/petitecave.ch\/de\/product\/lupulus-triple-1-5l\/","title":{"rendered":"Lupulus Triple 1.5L"},"content":{"rendered":"<p><strong>Visuel :<\/strong> Une robe dor\u00e9e, voil\u00e9e, surmont\u00e9e d&rsquo;une mousse ivoire d\u00e9licatement cr\u00e9meuse\u00a0<\/p>\n<p><strong>Nez :<\/strong> Des ar\u00f4mes entrem\u00eal\u00e9s d&rsquo;agrumes et de malt subtilement houblonn\u00e9es<\/p>\n<p><strong>Go\u00fbt :<\/strong> Une rafra\u00eechissante amertume ma\u00eetris\u00e9e et ajust\u00e9e par une note \u00e9pic\u00e9e de thym\u00a0<\/p>","protected":false},"excerpt":{"rendered":"<p><strong>Lupulus Triple &#8211; Brasserie Lupulus\u00a0<\/strong><\/p>","protected":false},"featured_media":18909,"comment_status":"open","ping_status":"open","template":"","meta":[],"product_cat":[250],"product_tag":[],"class_list":{"0":"post-9714","1":"product","2":"type-product","3":"status-publish","4":"has-post-thumbnail","6":"product_cat-bieres","7":"pa_categorie-bieres-blondes","8":"pa_color-blonde","9":"pa_country-belgique","10":"pa_style-tripel","11":"_wholesalex wsx-wholesalex-product","13":"first","14":"instock","15":"taxable","16":"shipping-taxable","17":"purchasable","18":"product-type-simple"},"_links":{"self":[{"href":"https:\/\/petitecave.ch\/de\/wp-json\/wp\/v2\/product\/9714","targetHints":{"allow":["GET"]}}],"collection":[{"href":"https:\/\/petitecave.ch\/de\/wp-json\/wp\/v2\/product"}],"about":[{"href":"https:\/\/petitecave.ch\/de\/wp-json\/wp\/v2\/types\/product"}],"replies":[{"embeddable":true,"href":"https:\/\/petitecave.ch\/de\/wp-json\/wp\/v2\/comments?post=9714"}],"wp:featuredmedia":[{"embeddable":true,"href":"https:\/\/petitecave.ch\/de\/wp-json\/wp\/v2\/media\/18909"}],"wp:attachment":[{"href":"https:\/\/petitecave.ch\/de\/wp-json\/wp\/v2\/media?parent=9714"}],"wp:term":[{"taxonomy":"product_cat","embeddable":true,"href":"https:\/\/petitecave.ch\/de\/wp-json\/wp\/v2\/product_cat?post=9714"},{"taxonomy":"product_tag","embeddable":true,"href":"https:\/\/petitecave.ch\/de\/wp-json\/wp\/v2\/product_tag?post=9714"}],"curies":[{"name":"wp","href":"https:\/\/api.w.org\/{rel}","templated":true}]}}