{"id":9713,"date":"2025-10-28T10:47:22","date_gmt":"2025-10-28T10:47:22","guid":{"rendered":""},"modified":"2026-03-27T18:03:12","modified_gmt":"2026-03-27T17:03:12","slug":"lupulus-triple-75cl","status":"publish","type":"product","link":"https:\/\/petitecave.ch\/de\/product\/lupulus-triple-75cl\/","title":{"rendered":"Lupulus Triple 75cl"},"content":{"rendered":"<p><strong>Visuel :<\/strong> Une robe dor\u00e9e, voil\u00e9e, surmont\u00e9e d&rsquo;une mousse ivoire d\u00e9licatement cr\u00e9meuse\u00a0<\/p>\n<p><strong>Nez :<\/strong>\u00a0Des ar\u00f4mes entrem\u00eal\u00e9s d&rsquo;agrumes et de malt subtilement houblonn\u00e9es<\/p>\n<p><strong>Go\u00fbt :\u00a0<\/strong>Une rafra\u00eechissante amertume ma\u00eetris\u00e9e et ajust\u00e9e par une note \u00e9pic\u00e9e de thym.\u00a0<\/p>","protected":false},"excerpt":{"rendered":"<p><strong>Lupulus Triple &#8211; Brasserie Lupulus\u00a0<\/strong><\/p>","protected":false},"featured_media":18904,"comment_status":"open","ping_status":"open","template":"","meta":[],"product_cat":[250],"product_tag":[],"class_list":{"0":"post-9713","1":"product","2":"type-product","3":"status-publish","4":"has-post-thumbnail","6":"product_cat-bieres","7":"pa_country-belgique","8":"pa_style-tripel","9":"pa_volume-75-cl","10":"_wholesalex wsx-wholesalex-product","12":"first","13":"instock","14":"taxable","15":"shipping-taxable","16":"purchasable","17":"product-type-simple"},"_links":{"self":[{"href":"https:\/\/petitecave.ch\/de\/wp-json\/wp\/v2\/product\/9713","targetHints":{"allow":["GET"]}}],"collection":[{"href":"https:\/\/petitecave.ch\/de\/wp-json\/wp\/v2\/product"}],"about":[{"href":"https:\/\/petitecave.ch\/de\/wp-json\/wp\/v2\/types\/product"}],"replies":[{"embeddable":true,"href":"https:\/\/petitecave.ch\/de\/wp-json\/wp\/v2\/comments?post=9713"}],"wp:featuredmedia":[{"embeddable":true,"href":"https:\/\/petitecave.ch\/de\/wp-json\/wp\/v2\/media\/18904"}],"wp:attachment":[{"href":"https:\/\/petitecave.ch\/de\/wp-json\/wp\/v2\/media?parent=9713"}],"wp:term":[{"taxonomy":"product_cat","embeddable":true,"href":"https:\/\/petitecave.ch\/de\/wp-json\/wp\/v2\/product_cat?post=9713"},{"taxonomy":"product_tag","embeddable":true,"href":"https:\/\/petitecave.ch\/de\/wp-json\/wp\/v2\/product_tag?post=9713"}],"curies":[{"name":"wp","href":"https:\/\/api.w.org\/{rel}","templated":true}]}}