{"id":9710,"date":"2025-10-28T10:47:20","date_gmt":"2025-10-28T10:47:20","guid":{"rendered":""},"modified":"2026-04-07T14:26:31","modified_gmt":"2026-04-07T12:26:31","slug":"rince-cochon-rouge-33cl","status":"publish","type":"product","link":"https:\/\/petitecave.ch\/de\/product\/rince-cochon-rouge-33cl\/","title":{"rendered":"Rince Cochon Rouge 33cl"},"content":{"rendered":"<p><strong>Visuel :\u00a0<\/strong>Robe belle rouge avec une \u00e9paisse mousse de couleur ros\u00e9e\u00a0<\/p>\n<p><strong>Nez :\u00a0<\/strong>Ar\u00f4mes sur les fruits et l\u00e9g\u00e8rement bois\u00e9<\/p>\n<p><strong>Go\u00fbt :\u00a0<\/strong>Notes de framboises et de cerises<\/p>","protected":false},"excerpt":{"rendered":"<p><strong>Rince Cochon Rouge &#8211; Brasserie Haacht\u00a0<\/strong><\/p>\n<p><strong><\/strong><\/p>\n<p><i>Petite s\u0153ur\u00a0de la bi\u00e8re blonde la Rince Cochon, longtemps brass\u00e9e \u00e0 Ann\u0153ullin\u00a0par la SBA sous le nom de \u00ab\u00a0Le Rince Cochon\u00a0\u00bb, la Rince Cochon Rouge est aujourd&rsquo;hui brass\u00e9e par la brasserie Haacht, en Belgique, qui brasse notamment les bi\u00e8res Primus et Tongerlo.<\/i><\/p>\n<p><i>Elle est donc tr\u00e8s diff\u00e9rente de sa grande s\u0153ur blonde, puisque cette nouvelle Rince Cochon est une bi\u00e8re aux fruits rouges, de couleur rouge, et avec une \u00e9tiquette et une bouteille retravaill\u00e9e avec cette couleur.<\/i><\/p>\n<p><i>Le caract\u00e8re de cette bi\u00e8re blonde forte se cache donc dans sa robe rose fonc\u00e9e qui \u00e9voque les fruits rouges des bois. Pourtant, contrairement \u00e0 la plupart des bi\u00e8res fruit\u00e9es, celle-ci n&rsquo;est pas une bi\u00e8re l\u00e9g\u00e8re et fruit\u00e9e de plus puisqu&rsquo;elle est titr\u00e9e \u00e0 7,5%.<\/i><\/p>","protected":false},"featured_media":13144,"comment_status":"open","ping_status":"closed","template":"","meta":[],"product_cat":[250],"product_tag":[],"class_list":{"0":"post-9710","1":"product","2":"type-product","3":"status-publish","4":"has-post-thumbnail","6":"product_cat-bieres","7":"pa_categorie-bieres-fruitees","8":"pa_color-rouge-rubis","9":"pa_country-france","10":"pa_style-fruitbier","11":"product_deptype-0-30","12":"_wholesalex wsx-wholesalex-product","14":"first","15":"instock","16":"taxable","17":"shipping-taxable","18":"purchasable","19":"product-type-simple"},"yoast_head":"<!-- This site is optimized with the Yoast SEO plugin v27.4 - https:\/\/yoast.com\/product\/yoast-seo-wordpress\/ -->\n<title>Rince Cochon Rouge 33cl | La Petite Cave du Chablais<\/title>\n<meta name=\"robots\" content=\"index, follow, max-snippet:-1, max-image-preview:large, max-video-preview:-1\" \/>\n<link rel=\"canonical\" href=\"https:\/\/petitecave.ch\/de\/product\/rince-cochon-rouge-33cl\/\" \/>\n<meta property=\"og:locale\" content=\"de_DE\" \/>\n<meta property=\"og:type\" content=\"article\" \/>\n<meta property=\"og:title\" content=\"Rince Cochon Rouge 33cl | La Petite Cave du Chablais\" \/>\n<meta property=\"og:description\" content=\"Rince Cochon Rouge - Brasserie Haacht\u00a0 Petite s\u0153ur\u00a0de la bi\u00e8re blonde la Rince Cochon, longtemps brass\u00e9e \u00e0 Ann\u0153ullin\u00a0par la SBA sous le nom de &quot;Le Rince Cochon&quot;, la Rince Cochon Rouge est aujourd&#039;hui brass\u00e9e par la brasserie Haacht, en Belgique, qui brasse notamment les bi\u00e8res Primus et Tongerlo. Elle est donc tr\u00e8s diff\u00e9rente de sa grande s\u0153ur blonde, puisque cette nouvelle Rince Cochon est une bi\u00e8re aux fruits rouges, de couleur rouge, et avec une \u00e9tiquette et une bouteille retravaill\u00e9e avec cette couleur. Le caract\u00e8re de cette bi\u00e8re blonde forte se cache donc dans sa robe rose fonc\u00e9e qui \u00e9voque les fruits rouges des bois. Pourtant, contrairement \u00e0 la plupart des bi\u00e8res fruit\u00e9es, celle-ci n&#039;est pas une bi\u00e8re l\u00e9g\u00e8re et fruit\u00e9e de plus puisqu&#039;elle est titr\u00e9e \u00e0 7,5%.\" \/>\n<meta property=\"og:url\" content=\"https:\/\/petitecave.ch\/de\/product\/rince-cochon-rouge-33cl\/\" \/>\n<meta property=\"og:site_name\" content=\"La Petite Cave du Chablais\" \/>\n<meta property=\"article:publisher\" content=\"https:\/\/www.facebook.com\/LaPetiteCaveDuChablais\" \/>\n<meta property=\"article:modified_time\" content=\"2026-04-07T12:26:31+00:00\" \/>\n<meta property=\"og:image\" content=\"https:\/\/petitecave.ch\/wp-content\/uploads\/2025\/10\/9710_5419_cover.jpg\" \/>\n\t<meta property=\"og:image:width\" content=\"1000\" \/>\n\t<meta property=\"og:image:height\" content=\"1700\" \/>\n\t<meta property=\"og:image:type\" content=\"image\/jpeg\" \/>\n<meta name=\"twitter:card\" content=\"summary_large_image\" \/>\n<script type=\"application\/ld+json\" class=\"yoast-schema-graph\">{\"@context\":\"https:\\\/\\\/schema.org\",\"@graph\":[{\"@type\":\"WebPage\",\"@id\":\"https:\\\/\\\/petitecave.ch\\\/product\\\/rince-cochon-rouge-33cl\\\/\",\"url\":\"https:\\\/\\\/petitecave.ch\\\/product\\\/rince-cochon-rouge-33cl\\\/\",\"name\":\"Rince Cochon Rouge 33cl | La Petite Cave du Chablais\",\"isPartOf\":{\"@id\":\"https:\\\/\\\/petitecave.ch\\\/de\\\/#website\"},\"primaryImageOfPage\":{\"@id\":\"https:\\\/\\\/petitecave.ch\\\/product\\\/rince-cochon-rouge-33cl\\\/#primaryimage\"},\"image\":{\"@id\":\"https:\\\/\\\/petitecave.ch\\\/product\\\/rince-cochon-rouge-33cl\\\/#primaryimage\"},\"thumbnailUrl\":\"https:\\\/\\\/petitecave.ch\\\/wp-content\\\/uploads\\\/2025\\\/10\\\/9710_5419_cover.jpg\",\"datePublished\":\"2025-10-28T10:47:20+00:00\",\"dateModified\":\"2026-04-07T12:26:31+00:00\",\"breadcrumb\":{\"@id\":\"https:\\\/\\\/petitecave.ch\\\/product\\\/rince-cochon-rouge-33cl\\\/#breadcrumb\"},\"inLanguage\":\"de-CH\",\"potentialAction\":[{\"@type\":\"ReadAction\",\"target\":[\"https:\\\/\\\/petitecave.ch\\\/product\\\/rince-cochon-rouge-33cl\\\/\"]}]},{\"@type\":\"ImageObject\",\"inLanguage\":\"de-CH\",\"@id\":\"https:\\\/\\\/petitecave.ch\\\/product\\\/rince-cochon-rouge-33cl\\\/#primaryimage\",\"url\":\"https:\\\/\\\/petitecave.ch\\\/wp-content\\\/uploads\\\/2025\\\/10\\\/9710_5419_cover.jpg\",\"contentUrl\":\"https:\\\/\\\/petitecave.ch\\\/wp-content\\\/uploads\\\/2025\\\/10\\\/9710_5419_cover.jpg\",\"width\":1000,\"height\":1700},{\"@type\":\"BreadcrumbList\",\"@id\":\"https:\\\/\\\/petitecave.ch\\\/product\\\/rince-cochon-rouge-33cl\\\/#breadcrumb\",\"itemListElement\":[{\"@type\":\"ListItem\",\"position\":1,\"name\":\"Accueil\",\"item\":\"https:\\\/\\\/petitecave.ch\\\/\"},{\"@type\":\"ListItem\",\"position\":2,\"name\":\"Produkte\",\"item\":\"https:\\\/\\\/petitecave.ch\\\/de\\\/shop\\\/\"},{\"@type\":\"ListItem\",\"position\":3,\"name\":\"Rince Cochon Rouge 33cl\"}]},{\"@type\":\"WebSite\",\"@id\":\"https:\\\/\\\/petitecave.ch\\\/de\\\/#website\",\"url\":\"https:\\\/\\\/petitecave.ch\\\/de\\\/\",\"name\":\"La Petite Cave du Chablais\",\"description\":\"Vins, bi\u00e8res et spiritueux en ligne !\",\"publisher\":{\"@id\":\"https:\\\/\\\/petitecave.ch\\\/de\\\/#organization\"},\"alternateName\":\"La Petite Cave\",\"potentialAction\":[{\"@type\":\"SearchAction\",\"target\":{\"@type\":\"EntryPoint\",\"urlTemplate\":\"https:\\\/\\\/petitecave.ch\\\/de\\\/?s={search_term_string}\"},\"query-input\":{\"@type\":\"PropertyValueSpecification\",\"valueRequired\":true,\"valueName\":\"search_term_string\"}}],\"inLanguage\":\"de-CH\"},{\"@type\":\"Organization\",\"@id\":\"https:\\\/\\\/petitecave.ch\\\/de\\\/#organization\",\"name\":\"La Petite Cave du Chablais S\u00e0rl\",\"url\":\"https:\\\/\\\/petitecave.ch\\\/de\\\/\",\"logo\":{\"@type\":\"ImageObject\",\"inLanguage\":\"de-CH\",\"@id\":\"https:\\\/\\\/petitecave.ch\\\/de\\\/#\\\/schema\\\/logo\\\/image\\\/\",\"url\":\"https:\\\/\\\/petitecave.ch\\\/wp-content\\\/uploads\\\/2025\\\/10\\\/petitecavelogo-removebg-preview.png\",\"contentUrl\":\"https:\\\/\\\/petitecave.ch\\\/wp-content\\\/uploads\\\/2025\\\/10\\\/petitecavelogo-removebg-preview.png\",\"width\":800,\"height\":200,\"caption\":\"La Petite Cave du Chablais S\u00e0rl\"},\"image\":{\"@id\":\"https:\\\/\\\/petitecave.ch\\\/de\\\/#\\\/schema\\\/logo\\\/image\\\/\"},\"sameAs\":[\"https:\\\/\\\/www.facebook.com\\\/LaPetiteCaveDuChablais\",\"https:\\\/\\\/www.instagram.com\\\/lapetitecaveduchablais\",\"https:\\\/\\\/www.linkedin.com\\\/company\\\/la-petite-cave-du-chablais\"]}]}<\/script>\n<!-- \/ Yoast SEO plugin. -->","yoast_head_json":{"title":"Rince Cochon Rouge 33cl | La Petite Cave du Chablais","robots":{"index":"index","follow":"follow","max-snippet":"max-snippet:-1","max-image-preview":"max-image-preview:large","max-video-preview":"max-video-preview:-1"},"canonical":"https:\/\/petitecave.ch\/de\/product\/rince-cochon-rouge-33cl\/","og_locale":"de_DE","og_type":"article","og_title":"Rince Cochon Rouge 33cl | La Petite Cave du Chablais","og_description":"Rince Cochon Rouge - Brasserie Haacht\u00a0 Petite s\u0153ur\u00a0de la bi\u00e8re blonde la Rince Cochon, longtemps brass\u00e9e \u00e0 Ann\u0153ullin\u00a0par la SBA sous le nom de \"Le Rince Cochon\", la Rince Cochon Rouge est aujourd'hui brass\u00e9e par la brasserie Haacht, en Belgique, qui brasse notamment les bi\u00e8res Primus et Tongerlo. Elle est donc tr\u00e8s diff\u00e9rente de sa grande s\u0153ur blonde, puisque cette nouvelle Rince Cochon est une bi\u00e8re aux fruits rouges, de couleur rouge, et avec une \u00e9tiquette et une bouteille retravaill\u00e9e avec cette couleur. Le caract\u00e8re de cette bi\u00e8re blonde forte se cache donc dans sa robe rose fonc\u00e9e qui \u00e9voque les fruits rouges des bois. Pourtant, contrairement \u00e0 la plupart des bi\u00e8res fruit\u00e9es, celle-ci n'est pas une bi\u00e8re l\u00e9g\u00e8re et fruit\u00e9e de plus puisqu'elle est titr\u00e9e \u00e0 7,5%.","og_url":"https:\/\/petitecave.ch\/de\/product\/rince-cochon-rouge-33cl\/","og_site_name":"La Petite Cave du Chablais","article_publisher":"https:\/\/www.facebook.com\/LaPetiteCaveDuChablais","article_modified_time":"2026-04-07T12:26:31+00:00","og_image":[{"width":1000,"height":1700,"url":"https:\/\/petitecave.ch\/wp-content\/uploads\/2025\/10\/9710_5419_cover.jpg","type":"image\/jpeg"}],"twitter_card":"summary_large_image","schema":{"@context":"https:\/\/schema.org","@graph":[{"@type":"WebPage","@id":"https:\/\/petitecave.ch\/product\/rince-cochon-rouge-33cl\/","url":"https:\/\/petitecave.ch\/product\/rince-cochon-rouge-33cl\/","name":"Rince Cochon Rouge 33cl | La Petite Cave du Chablais","isPartOf":{"@id":"https:\/\/petitecave.ch\/de\/#website"},"primaryImageOfPage":{"@id":"https:\/\/petitecave.ch\/product\/rince-cochon-rouge-33cl\/#primaryimage"},"image":{"@id":"https:\/\/petitecave.ch\/product\/rince-cochon-rouge-33cl\/#primaryimage"},"thumbnailUrl":"https:\/\/petitecave.ch\/wp-content\/uploads\/2025\/10\/9710_5419_cover.jpg","datePublished":"2025-10-28T10:47:20+00:00","dateModified":"2026-04-07T12:26:31+00:00","breadcrumb":{"@id":"https:\/\/petitecave.ch\/product\/rince-cochon-rouge-33cl\/#breadcrumb"},"inLanguage":"de-CH","potentialAction":[{"@type":"ReadAction","target":["https:\/\/petitecave.ch\/product\/rince-cochon-rouge-33cl\/"]}]},{"@type":"ImageObject","inLanguage":"de-CH","@id":"https:\/\/petitecave.ch\/product\/rince-cochon-rouge-33cl\/#primaryimage","url":"https:\/\/petitecave.ch\/wp-content\/uploads\/2025\/10\/9710_5419_cover.jpg","contentUrl":"https:\/\/petitecave.ch\/wp-content\/uploads\/2025\/10\/9710_5419_cover.jpg","width":1000,"height":1700},{"@type":"BreadcrumbList","@id":"https:\/\/petitecave.ch\/product\/rince-cochon-rouge-33cl\/#breadcrumb","itemListElement":[{"@type":"ListItem","position":1,"name":"Accueil","item":"https:\/\/petitecave.ch\/"},{"@type":"ListItem","position":2,"name":"Produkte","item":"https:\/\/petitecave.ch\/de\/shop\/"},{"@type":"ListItem","position":3,"name":"Rince Cochon Rouge 33cl"}]},{"@type":"WebSite","@id":"https:\/\/petitecave.ch\/de\/#website","url":"https:\/\/petitecave.ch\/de\/","name":"Die kleine Keller des Chablais","description":"Vins, bi\u00e8res et spiritueux en ligne !","publisher":{"@id":"https:\/\/petitecave.ch\/de\/#organization"},"alternateName":"La Petite Cave","potentialAction":[{"@type":"SearchAction","target":{"@type":"EntryPoint","urlTemplate":"https:\/\/petitecave.ch\/de\/?s={search_term_string}"},"query-input":{"@type":"PropertyValueSpecification","valueRequired":true,"valueName":"search_term_string"}}],"inLanguage":"de-CH"},{"@type":"Organization","@id":"https:\/\/petitecave.ch\/de\/#organization","name":"La Petite Cave du Chablais S\u00e0rl","url":"https:\/\/petitecave.ch\/de\/","logo":{"@type":"ImageObject","inLanguage":"de-CH","@id":"https:\/\/petitecave.ch\/de\/#\/schema\/logo\/image\/","url":"https:\/\/petitecave.ch\/wp-content\/uploads\/2025\/10\/petitecavelogo-removebg-preview.png","contentUrl":"https:\/\/petitecave.ch\/wp-content\/uploads\/2025\/10\/petitecavelogo-removebg-preview.png","width":800,"height":200,"caption":"La Petite Cave du Chablais S\u00e0rl"},"image":{"@id":"https:\/\/petitecave.ch\/de\/#\/schema\/logo\/image\/"},"sameAs":["https:\/\/www.facebook.com\/LaPetiteCaveDuChablais","https:\/\/www.instagram.com\/lapetitecaveduchablais","https:\/\/www.linkedin.com\/company\/la-petite-cave-du-chablais"]}]}},"_links":{"self":[{"href":"https:\/\/petitecave.ch\/de\/wp-json\/wp\/v2\/product\/9710","targetHints":{"allow":["GET"]}}],"collection":[{"href":"https:\/\/petitecave.ch\/de\/wp-json\/wp\/v2\/product"}],"about":[{"href":"https:\/\/petitecave.ch\/de\/wp-json\/wp\/v2\/types\/product"}],"replies":[{"embeddable":true,"href":"https:\/\/petitecave.ch\/de\/wp-json\/wp\/v2\/comments?post=9710"}],"wp:featuredmedia":[{"embeddable":true,"href":"https:\/\/petitecave.ch\/de\/wp-json\/wp\/v2\/media\/13144"}],"wp:attachment":[{"href":"https:\/\/petitecave.ch\/de\/wp-json\/wp\/v2\/media?parent=9710"}],"wp:term":[{"taxonomy":"product_cat","embeddable":true,"href":"https:\/\/petitecave.ch\/de\/wp-json\/wp\/v2\/product_cat?post=9710"},{"taxonomy":"product_tag","embeddable":true,"href":"https:\/\/petitecave.ch\/de\/wp-json\/wp\/v2\/product_tag?post=9710"}],"curies":[{"name":"wp","href":"https:\/\/api.w.org\/{rel}","templated":true}]}}