{"id":9707,"date":"2025-10-28T10:47:17","date_gmt":"2025-10-28T10:47:17","guid":{"rendered":""},"modified":"2026-04-07T14:07:52","modified_gmt":"2026-04-07T12:07:52","slug":"la-trappe-isid-or-33cl","status":"publish","type":"product","link":"https:\/\/petitecave.ch\/de\/product\/la-trappe-isid-or-33cl\/","title":{"rendered":"La Trappe Isid&rsquo;or 33cl"},"content":{"rendered":"<p><strong>Visuel :\u00a0<\/strong>Robe ambr\u00e9e \u00e0 la mousse blanc cass\u00e9<\/p>\n<p><strong>Nez :\u00a0<\/strong>Ar\u00f4mes de fleurs<\/p>\n<p><strong>Go\u00fbt :\u00a0<\/strong>Riche bouquet de caramel et d&rsquo;\u00e9pices<\/p>","protected":false},"excerpt":{"rendered":"<p><strong>La Trappe Isid&rsquo;or &#8211; Brasserie Koningshoeven\u00a0<\/strong><\/p>\n<\/p>\n<p><i>La Trappe Isid&rsquo;or est une bi\u00e8re trappiste brass\u00e9e sp\u00e9cialement pour comm\u00e9morer les 125 ans de la brasserie de Koningshoeven. Le nom Isid&rsquo;or est celui du premier brasseur, le fr\u00e8re Isidorus.\u00a0<\/i><\/p>","protected":false},"featured_media":13141,"comment_status":"open","ping_status":"closed","template":"","meta":[],"product_cat":[250],"product_tag":[],"class_list":{"0":"post-9707","1":"product","2":"type-product","3":"status-publish","4":"has-post-thumbnail","6":"product_cat-bieres","7":"pa_categorie-bieres-ambrees","8":"pa_color-ambree","9":"pa_country-pays-bas","10":"pa_style-pale-ale","11":"pa_type-biere-trappiste","12":"product_deptype-0-30","13":"_wholesalex wsx-wholesalex-product","15":"first","16":"instock","17":"taxable","18":"shipping-taxable","19":"purchasable","20":"product-type-simple"},"_links":{"self":[{"href":"https:\/\/petitecave.ch\/de\/wp-json\/wp\/v2\/product\/9707","targetHints":{"allow":["GET"]}}],"collection":[{"href":"https:\/\/petitecave.ch\/de\/wp-json\/wp\/v2\/product"}],"about":[{"href":"https:\/\/petitecave.ch\/de\/wp-json\/wp\/v2\/types\/product"}],"replies":[{"embeddable":true,"href":"https:\/\/petitecave.ch\/de\/wp-json\/wp\/v2\/comments?post=9707"}],"wp:featuredmedia":[{"embeddable":true,"href":"https:\/\/petitecave.ch\/de\/wp-json\/wp\/v2\/media\/13141"}],"wp:attachment":[{"href":"https:\/\/petitecave.ch\/de\/wp-json\/wp\/v2\/media?parent=9707"}],"wp:term":[{"taxonomy":"product_cat","embeddable":true,"href":"https:\/\/petitecave.ch\/de\/wp-json\/wp\/v2\/product_cat?post=9707"},{"taxonomy":"product_tag","embeddable":true,"href":"https:\/\/petitecave.ch\/de\/wp-json\/wp\/v2\/product_tag?post=9707"}],"curies":[{"name":"wp","href":"https:\/\/api.w.org\/{rel}","templated":true}]}}