{"id":9705,"date":"2025-10-28T10:47:15","date_gmt":"2025-10-28T10:47:15","guid":{"rendered":""},"modified":"2026-04-07T14:07:53","modified_gmt":"2026-04-07T12:07:53","slug":"la-trappe-quadrupel-33cl","status":"publish","type":"product","link":"https:\/\/petitecave.ch\/de\/product\/la-trappe-quadrupel-33cl\/","title":{"rendered":"La Trappe Quadrupel 33cl"},"content":{"rendered":"<p><strong>Visuel :<\/strong> Robe ambr\u00e9e aux reflets pourpres avec une mousse blanc cass\u00e9<\/p>\n<p><strong>Nez :<\/strong> Notes de figue, prune, de banane, d&rsquo;\u00e9pices, de caramel et de vanille<\/p>\n<p><strong>Go\u00fbt :<\/strong> Ar\u00f4mes de levure, de malt, de fruits m\u00fbrs, de caramel et d&rsquo;alcool<\/p>","protected":false},"excerpt":{"rendered":"<p><strong>La Trappe Quadrupel &#8211; Brasserie Koningshoeven\u00a0<\/strong><\/p>\n<p><strong><\/strong><\/p>\n<p><i>Brass\u00e9e par l&rsquo;abbaye Notre-Dame de Koningshoeven, la premi\u00e8re Abbaye Trappiste des Pays-Bas, La Trappe Quadrupel est l&rsquo;une des plus charg\u00e9es en alcool de la gamme La Trappe (10%), en compagnie de La Trappe Quadrupel vieillie en f\u00fbt.<\/i><\/p>","protected":false},"featured_media":18895,"comment_status":"open","ping_status":"closed","template":"","meta":[],"product_cat":[250],"product_tag":[],"class_list":{"0":"post-9705","1":"product","2":"type-product","3":"status-publish","4":"has-post-thumbnail","6":"product_cat-bieres","7":"pa_categorie-bieres-ambrees","8":"pa_color-ambree","9":"pa_country-pays-bas","10":"pa_style-quadrupel","11":"pa_type-biere-trappiste","12":"product_deptype-0-30","13":"_wholesalex wsx-wholesalex-product","15":"first","16":"instock","17":"taxable","18":"shipping-taxable","19":"purchasable","20":"product-type-simple"},"_links":{"self":[{"href":"https:\/\/petitecave.ch\/de\/wp-json\/wp\/v2\/product\/9705","targetHints":{"allow":["GET"]}}],"collection":[{"href":"https:\/\/petitecave.ch\/de\/wp-json\/wp\/v2\/product"}],"about":[{"href":"https:\/\/petitecave.ch\/de\/wp-json\/wp\/v2\/types\/product"}],"replies":[{"embeddable":true,"href":"https:\/\/petitecave.ch\/de\/wp-json\/wp\/v2\/comments?post=9705"}],"wp:featuredmedia":[{"embeddable":true,"href":"https:\/\/petitecave.ch\/de\/wp-json\/wp\/v2\/media\/18895"}],"wp:attachment":[{"href":"https:\/\/petitecave.ch\/de\/wp-json\/wp\/v2\/media?parent=9705"}],"wp:term":[{"taxonomy":"product_cat","embeddable":true,"href":"https:\/\/petitecave.ch\/de\/wp-json\/wp\/v2\/product_cat?post=9705"},{"taxonomy":"product_tag","embeddable":true,"href":"https:\/\/petitecave.ch\/de\/wp-json\/wp\/v2\/product_tag?post=9705"}],"curies":[{"name":"wp","href":"https:\/\/api.w.org\/{rel}","templated":true}]}}