{"id":9703,"date":"2025-10-28T10:47:13","date_gmt":"2025-10-28T10:47:13","guid":{"rendered":""},"modified":"2026-03-27T17:57:58","modified_gmt":"2026-03-27T16:57:58","slug":"la-trappe-blonde-75cl","status":"publish","type":"product","link":"https:\/\/petitecave.ch\/de\/product\/la-trappe-blonde-75cl\/","title":{"rendered":"La Trappe Blonde 75cl"},"content":{"rendered":"<p><strong>Visuel :\u00a0<\/strong>Robe blonde limpide avec une belle mousse blanche\u00a0<\/p>\n<p><strong>Nez :\u00a0<\/strong>Ar\u00f4mes malt\u00e9s, de fruits, de houblon et de levure<\/p>\n<p><strong>Go\u00fbt : <\/strong>Saveurs de malt, d&rsquo;\u00e9pices, de levure et de fruits avec une touche de houblon\u00a0<\/p>","protected":false},"excerpt":{"rendered":"<p><b>La Trappe Blonde &#8211; Brasserie Koningshoeven\u00a0<\/b><\/p>\n<\/p>\n<p><em>La Trappe Blonde est une bi\u00e8re trappiste \u00e0 la robe blonde dor\u00e9e venue des Pays-Bas. C&rsquo;est une bi\u00e8re agr\u00e9able, pur malt, fra\u00eeche et au caract\u00e8re fruit\u00e9.<\/em><\/p>","protected":false},"featured_media":13137,"comment_status":"open","ping_status":"open","template":"","meta":[],"product_cat":[250],"product_tag":[],"class_list":{"0":"post-9703","1":"product","2":"type-product","3":"status-publish","4":"has-post-thumbnail","6":"product_cat-bieres","7":"pa_color-blonde","8":"pa_country-pays-bas","9":"pa_style-pale-ale","10":"pa_type-biere-trappiste","11":"pa_volume-75-cl","12":"_wholesalex wsx-wholesalex-product","14":"first","15":"instock","16":"taxable","17":"shipping-taxable","18":"purchasable","19":"product-type-simple"},"_links":{"self":[{"href":"https:\/\/petitecave.ch\/de\/wp-json\/wp\/v2\/product\/9703","targetHints":{"allow":["GET"]}}],"collection":[{"href":"https:\/\/petitecave.ch\/de\/wp-json\/wp\/v2\/product"}],"about":[{"href":"https:\/\/petitecave.ch\/de\/wp-json\/wp\/v2\/types\/product"}],"replies":[{"embeddable":true,"href":"https:\/\/petitecave.ch\/de\/wp-json\/wp\/v2\/comments?post=9703"}],"wp:featuredmedia":[{"embeddable":true,"href":"https:\/\/petitecave.ch\/de\/wp-json\/wp\/v2\/media\/13137"}],"wp:attachment":[{"href":"https:\/\/petitecave.ch\/de\/wp-json\/wp\/v2\/media?parent=9703"}],"wp:term":[{"taxonomy":"product_cat","embeddable":true,"href":"https:\/\/petitecave.ch\/de\/wp-json\/wp\/v2\/product_cat?post=9703"},{"taxonomy":"product_tag","embeddable":true,"href":"https:\/\/petitecave.ch\/de\/wp-json\/wp\/v2\/product_tag?post=9703"}],"curies":[{"name":"wp","href":"https:\/\/api.w.org\/{rel}","templated":true}]}}