{"id":9701,"date":"2025-10-28T10:47:11","date_gmt":"2025-10-28T10:47:11","guid":{"rendered":""},"modified":"2026-04-07T14:19:54","modified_gmt":"2026-04-07T12:19:54","slug":"la-trappe-tripel-33cl","status":"publish","type":"product","link":"https:\/\/petitecave.ch\/de\/product\/la-trappe-tripel-33cl\/","title":{"rendered":"La Trappe Tripel 33cl"},"content":{"rendered":"<p><strong>Visuel :<\/strong> Robe blonde l\u00e9g\u00e8rement orang\u00e9e avec une mousse blanche<\/p>\n<p><strong>Nez :<\/strong> Ar\u00f4mes \u00e9pic\u00e9s, de caramel et de vanille<\/p>\n<p><strong>Go\u00fbt :<\/strong> Notes de caramel, de banane et de p\u00eache<\/p>","protected":false},"excerpt":{"rendered":"<p><strong>La Trappe Tripel &#8211; Brasserie Koningshoeven\u00a0<\/strong><\/p>\n<p><strong><\/strong><\/p>\n<p><i>D\u00e9couvrez, avec cette La Trappe Tripel, l&rsquo;une des seules bi\u00e8res trappistes \u00e0 \u00eatre brass\u00e9e aux Pays-Bas ! En effet, l&rsquo;Abbaye N.Dame de Koningshoeven situ\u00e9e \u00e0 Tilburg en Hollande, est la seule Abbaye Trappiste hors de Belgique. Cette bi\u00e8re \u00e0 la triple fermentation est un produit complexe, relativement puissant et aux nombreux ar\u00f4mes, elle s&rsquo;adresse aux palais avertis!<\/i><\/p>","protected":false},"featured_media":18826,"comment_status":"open","ping_status":"closed","template":"","meta":[],"product_cat":[250],"product_tag":[],"class_list":{"0":"post-9701","1":"product","2":"type-product","3":"status-publish","4":"has-post-thumbnail","6":"product_cat-bieres","7":"pa_categorie-bieres-blondes","8":"pa_color-ambree","9":"pa_country-pays-bas","10":"pa_style-tripel","11":"pa_type-biere-trappiste","12":"product_deptype-0-30","13":"_wholesalex wsx-wholesalex-product","15":"first","16":"instock","17":"taxable","18":"shipping-taxable","19":"purchasable","20":"product-type-simple"},"_links":{"self":[{"href":"https:\/\/petitecave.ch\/de\/wp-json\/wp\/v2\/product\/9701","targetHints":{"allow":["GET"]}}],"collection":[{"href":"https:\/\/petitecave.ch\/de\/wp-json\/wp\/v2\/product"}],"about":[{"href":"https:\/\/petitecave.ch\/de\/wp-json\/wp\/v2\/types\/product"}],"replies":[{"embeddable":true,"href":"https:\/\/petitecave.ch\/de\/wp-json\/wp\/v2\/comments?post=9701"}],"wp:featuredmedia":[{"embeddable":true,"href":"https:\/\/petitecave.ch\/de\/wp-json\/wp\/v2\/media\/18826"}],"wp:attachment":[{"href":"https:\/\/petitecave.ch\/de\/wp-json\/wp\/v2\/media?parent=9701"}],"wp:term":[{"taxonomy":"product_cat","embeddable":true,"href":"https:\/\/petitecave.ch\/de\/wp-json\/wp\/v2\/product_cat?post=9701"},{"taxonomy":"product_tag","embeddable":true,"href":"https:\/\/petitecave.ch\/de\/wp-json\/wp\/v2\/product_tag?post=9701"}],"curies":[{"name":"wp","href":"https:\/\/api.w.org\/{rel}","templated":true}]}}