{"id":9699,"date":"2025-10-28T10:47:10","date_gmt":"2025-10-28T10:47:10","guid":{"rendered":""},"modified":"2026-04-07T14:14:18","modified_gmt":"2026-04-07T12:14:18","slug":"la-trappe-witte-33cl","status":"publish","type":"product","link":"https:\/\/petitecave.ch\/de\/product\/la-trappe-witte-33cl\/","title":{"rendered":"La Trappe Witte 33cl"},"content":{"rendered":"<p>Bi\u00e8re Trappiste\u00a0<\/p>\n<p>La Trappe Witte est la premi\u00e8re bi\u00e8re trappiste blanche au monde.\u00a0<\/p>\n<p>Blonde claire, trouble avec une mousse ferme et durable. Sensation douce, malt\u00e9e, l\u00e9g\u00e8rement acide et picotante due \u00e0 la carbonisation.<\/p>","protected":false},"excerpt":{"rendered":"<p><b>La Trappe Witte &#8211; Brasserie Koningshoeven\u00a0<\/b><\/p>\n<p><em><\/em><\/p>\n<p><em>D\u00e9couvrez, avec cette La Trappe Tripel, l&rsquo;une des seules bi\u00e8res trappistes \u00e0 \u00eatre brass\u00e9e aux Pays-Bas ! En effet, L&rsquo;abbaye N.Dame de Koningshoeven situ\u00e9e \u00e0 Tilburg en Hollande, est la seule Abbaye Trappiste hors de Belgique.<\/em><\/p>\n<p><em>Cette bi\u00e8re blanche est l&rsquo;unique bi\u00e8re blanche trappiste, elle est non filtr\u00e9e et referment\u00e9e en bouteille et contient de l&rsquo;eau, du malt de bl\u00e9, du malt d&rsquo;orge, du houblon aromatisant et de la levure.<\/em><\/p>","protected":false},"featured_media":13133,"comment_status":"open","ping_status":"closed","template":"","meta":[],"product_cat":[250],"product_tag":[],"class_list":{"0":"post-9699","1":"product","2":"type-product","3":"status-publish","4":"has-post-thumbnail","6":"product_cat-bieres","7":"pa_categorie-bieres-blanches","8":"pa_color-blanche","9":"pa_country-pays-bas","10":"pa_style-witbier","11":"pa_type-biere-trappiste","12":"product_deptype-0-30","13":"_wholesalex wsx-wholesalex-product","15":"first","16":"instock","17":"taxable","18":"shipping-taxable","19":"purchasable","20":"product-type-simple"},"yoast_head":"<!-- This site is optimized with the Yoast SEO plugin v27.4 - https:\/\/yoast.com\/product\/yoast-seo-wordpress\/ -->\n<title>La Trappe Witte 33cl | La Petite Cave du Chablais<\/title>\n<meta name=\"robots\" content=\"index, follow, max-snippet:-1, max-image-preview:large, max-video-preview:-1\" \/>\n<link rel=\"canonical\" href=\"https:\/\/petitecave.ch\/de\/product\/la-trappe-witte-33cl\/\" \/>\n<meta property=\"og:locale\" content=\"de_DE\" \/>\n<meta property=\"og:type\" content=\"article\" \/>\n<meta property=\"og:title\" content=\"La Trappe Witte 33cl | La Petite Cave du Chablais\" \/>\n<meta property=\"og:description\" content=\"La Trappe Witte - Brasserie Koningshoeven\u00a0 D\u00e9couvrez, avec cette La Trappe Tripel, l&#039;une des seules bi\u00e8res trappistes \u00e0 \u00eatre brass\u00e9e aux Pays-Bas ! En effet, L&#039;abbaye N.Dame de Koningshoeven situ\u00e9e \u00e0 Tilburg en Hollande, est la seule Abbaye Trappiste hors de Belgique. Cette bi\u00e8re blanche est l&#039;unique bi\u00e8re blanche trappiste, elle est non filtr\u00e9e et referment\u00e9e en bouteille et contient de l&#039;eau, du malt de bl\u00e9, du malt d&#039;orge, du houblon aromatisant et de la levure.\" \/>\n<meta property=\"og:url\" content=\"https:\/\/petitecave.ch\/de\/product\/la-trappe-witte-33cl\/\" \/>\n<meta property=\"og:site_name\" content=\"La Petite Cave du Chablais\" \/>\n<meta property=\"article:publisher\" content=\"https:\/\/www.facebook.com\/LaPetiteCaveDuChablais\" \/>\n<meta property=\"article:modified_time\" content=\"2026-04-07T12:14:18+00:00\" \/>\n<meta property=\"og:image\" content=\"https:\/\/petitecave.ch\/wp-content\/uploads\/2025\/10\/9699_1852_cover.png\" \/>\n\t<meta property=\"og:image:width\" content=\"1000\" \/>\n\t<meta property=\"og:image:height\" content=\"1173\" \/>\n\t<meta property=\"og:image:type\" content=\"image\/png\" \/>\n<meta name=\"twitter:card\" content=\"summary_large_image\" \/>\n<script type=\"application\/ld+json\" class=\"yoast-schema-graph\">{\"@context\":\"https:\\\/\\\/schema.org\",\"@graph\":[{\"@type\":\"WebPage\",\"@id\":\"https:\\\/\\\/petitecave.ch\\\/product\\\/la-trappe-witte-33cl\\\/\",\"url\":\"https:\\\/\\\/petitecave.ch\\\/product\\\/la-trappe-witte-33cl\\\/\",\"name\":\"La Trappe Witte 33cl | La Petite Cave du Chablais\",\"isPartOf\":{\"@id\":\"https:\\\/\\\/petitecave.ch\\\/#website\"},\"primaryImageOfPage\":{\"@id\":\"https:\\\/\\\/petitecave.ch\\\/product\\\/la-trappe-witte-33cl\\\/#primaryimage\"},\"image\":{\"@id\":\"https:\\\/\\\/petitecave.ch\\\/product\\\/la-trappe-witte-33cl\\\/#primaryimage\"},\"thumbnailUrl\":\"https:\\\/\\\/petitecave.ch\\\/wp-content\\\/uploads\\\/2025\\\/10\\\/9699_1852_cover.png\",\"datePublished\":\"2025-10-28T10:47:10+00:00\",\"dateModified\":\"2026-04-07T12:14:18+00:00\",\"breadcrumb\":{\"@id\":\"https:\\\/\\\/petitecave.ch\\\/product\\\/la-trappe-witte-33cl\\\/#breadcrumb\"},\"inLanguage\":\"de-CH\",\"potentialAction\":[{\"@type\":\"ReadAction\",\"target\":[\"https:\\\/\\\/petitecave.ch\\\/product\\\/la-trappe-witte-33cl\\\/\"]}]},{\"@type\":\"ImageObject\",\"inLanguage\":\"de-CH\",\"@id\":\"https:\\\/\\\/petitecave.ch\\\/product\\\/la-trappe-witte-33cl\\\/#primaryimage\",\"url\":\"https:\\\/\\\/petitecave.ch\\\/wp-content\\\/uploads\\\/2025\\\/10\\\/9699_1852_cover.png\",\"contentUrl\":\"https:\\\/\\\/petitecave.ch\\\/wp-content\\\/uploads\\\/2025\\\/10\\\/9699_1852_cover.png\",\"width\":1000,\"height\":1173},{\"@type\":\"BreadcrumbList\",\"@id\":\"https:\\\/\\\/petitecave.ch\\\/product\\\/la-trappe-witte-33cl\\\/#breadcrumb\",\"itemListElement\":[{\"@type\":\"ListItem\",\"position\":1,\"name\":\"Accueil\",\"item\":\"https:\\\/\\\/petitecave.ch\\\/\"},{\"@type\":\"ListItem\",\"position\":2,\"name\":\"Produits\",\"item\":\"https:\\\/\\\/petitecave.ch\\\/shop\\\/\"},{\"@type\":\"ListItem\",\"position\":3,\"name\":\"La Trappe Witte 33cl\"}]},{\"@type\":\"WebSite\",\"@id\":\"https:\\\/\\\/petitecave.ch\\\/#website\",\"url\":\"https:\\\/\\\/petitecave.ch\\\/\",\"name\":\"La Petite Cave du Chablais\",\"description\":\"Vins, bi\u00e8res et spiritueux en ligne !\",\"publisher\":{\"@id\":\"https:\\\/\\\/petitecave.ch\\\/#organization\"},\"alternateName\":\"La Petite Cave\",\"potentialAction\":[{\"@type\":\"SearchAction\",\"target\":{\"@type\":\"EntryPoint\",\"urlTemplate\":\"https:\\\/\\\/petitecave.ch\\\/?s={search_term_string}\"},\"query-input\":{\"@type\":\"PropertyValueSpecification\",\"valueRequired\":true,\"valueName\":\"search_term_string\"}}],\"inLanguage\":\"de-CH\"},{\"@type\":\"Organization\",\"@id\":\"https:\\\/\\\/petitecave.ch\\\/#organization\",\"name\":\"La Petite Cave du Chablais S\u00e0rl\",\"url\":\"https:\\\/\\\/petitecave.ch\\\/\",\"logo\":{\"@type\":\"ImageObject\",\"inLanguage\":\"de-CH\",\"@id\":\"https:\\\/\\\/petitecave.ch\\\/#\\\/schema\\\/logo\\\/image\\\/\",\"url\":\"https:\\\/\\\/petitecave.ch\\\/wp-content\\\/uploads\\\/2025\\\/10\\\/petitecavelogo-removebg-preview.png\",\"contentUrl\":\"https:\\\/\\\/petitecave.ch\\\/wp-content\\\/uploads\\\/2025\\\/10\\\/petitecavelogo-removebg-preview.png\",\"width\":800,\"height\":200,\"caption\":\"La Petite Cave du Chablais S\u00e0rl\"},\"image\":{\"@id\":\"https:\\\/\\\/petitecave.ch\\\/#\\\/schema\\\/logo\\\/image\\\/\"},\"sameAs\":[\"https:\\\/\\\/www.facebook.com\\\/LaPetiteCaveDuChablais\",\"https:\\\/\\\/www.instagram.com\\\/lapetitecaveduchablais\",\"https:\\\/\\\/www.linkedin.com\\\/company\\\/la-petite-cave-du-chablais\"]}]}<\/script>\n<!-- \/ Yoast SEO plugin. -->","yoast_head_json":{"title":"La Trappe Witte 33cl | La Petite Cave du Chablais","robots":{"index":"index","follow":"follow","max-snippet":"max-snippet:-1","max-image-preview":"max-image-preview:large","max-video-preview":"max-video-preview:-1"},"canonical":"https:\/\/petitecave.ch\/de\/product\/la-trappe-witte-33cl\/","og_locale":"de_DE","og_type":"article","og_title":"La Trappe Witte 33cl | La Petite Cave du Chablais","og_description":"La Trappe Witte - Brasserie Koningshoeven\u00a0 D\u00e9couvrez, avec cette La Trappe Tripel, l'une des seules bi\u00e8res trappistes \u00e0 \u00eatre brass\u00e9e aux Pays-Bas ! En effet, L'abbaye N.Dame de Koningshoeven situ\u00e9e \u00e0 Tilburg en Hollande, est la seule Abbaye Trappiste hors de Belgique. Cette bi\u00e8re blanche est l'unique bi\u00e8re blanche trappiste, elle est non filtr\u00e9e et referment\u00e9e en bouteille et contient de l'eau, du malt de bl\u00e9, du malt d'orge, du houblon aromatisant et de la levure.","og_url":"https:\/\/petitecave.ch\/de\/product\/la-trappe-witte-33cl\/","og_site_name":"La Petite Cave du Chablais","article_publisher":"https:\/\/www.facebook.com\/LaPetiteCaveDuChablais","article_modified_time":"2026-04-07T12:14:18+00:00","og_image":[{"width":1000,"height":1173,"url":"https:\/\/petitecave.ch\/wp-content\/uploads\/2025\/10\/9699_1852_cover.png","type":"image\/png"}],"twitter_card":"summary_large_image","schema":{"@context":"https:\/\/schema.org","@graph":[{"@type":"WebPage","@id":"https:\/\/petitecave.ch\/product\/la-trappe-witte-33cl\/","url":"https:\/\/petitecave.ch\/product\/la-trappe-witte-33cl\/","name":"La Trappe Witte 33cl | La Petite Cave du Chablais","isPartOf":{"@id":"https:\/\/petitecave.ch\/#website"},"primaryImageOfPage":{"@id":"https:\/\/petitecave.ch\/product\/la-trappe-witte-33cl\/#primaryimage"},"image":{"@id":"https:\/\/petitecave.ch\/product\/la-trappe-witte-33cl\/#primaryimage"},"thumbnailUrl":"https:\/\/petitecave.ch\/wp-content\/uploads\/2025\/10\/9699_1852_cover.png","datePublished":"2025-10-28T10:47:10+00:00","dateModified":"2026-04-07T12:14:18+00:00","breadcrumb":{"@id":"https:\/\/petitecave.ch\/product\/la-trappe-witte-33cl\/#breadcrumb"},"inLanguage":"de-CH","potentialAction":[{"@type":"ReadAction","target":["https:\/\/petitecave.ch\/product\/la-trappe-witte-33cl\/"]}]},{"@type":"ImageObject","inLanguage":"de-CH","@id":"https:\/\/petitecave.ch\/product\/la-trappe-witte-33cl\/#primaryimage","url":"https:\/\/petitecave.ch\/wp-content\/uploads\/2025\/10\/9699_1852_cover.png","contentUrl":"https:\/\/petitecave.ch\/wp-content\/uploads\/2025\/10\/9699_1852_cover.png","width":1000,"height":1173},{"@type":"BreadcrumbList","@id":"https:\/\/petitecave.ch\/product\/la-trappe-witte-33cl\/#breadcrumb","itemListElement":[{"@type":"ListItem","position":1,"name":"Accueil","item":"https:\/\/petitecave.ch\/"},{"@type":"ListItem","position":2,"name":"Produits","item":"https:\/\/petitecave.ch\/shop\/"},{"@type":"ListItem","position":3,"name":"La Trappe Witte 33cl"}]},{"@type":"WebSite","@id":"https:\/\/petitecave.ch\/#website","url":"https:\/\/petitecave.ch\/","name":"Die kleine Keller des Chablais","description":"Vins, bi\u00e8res et spiritueux en ligne !","publisher":{"@id":"https:\/\/petitecave.ch\/#organization"},"alternateName":"La Petite Cave","potentialAction":[{"@type":"SearchAction","target":{"@type":"EntryPoint","urlTemplate":"https:\/\/petitecave.ch\/?s={search_term_string}"},"query-input":{"@type":"PropertyValueSpecification","valueRequired":true,"valueName":"search_term_string"}}],"inLanguage":"de-CH"},{"@type":"Organization","@id":"https:\/\/petitecave.ch\/#organization","name":"La Petite Cave du Chablais S\u00e0rl","url":"https:\/\/petitecave.ch\/","logo":{"@type":"ImageObject","inLanguage":"de-CH","@id":"https:\/\/petitecave.ch\/#\/schema\/logo\/image\/","url":"https:\/\/petitecave.ch\/wp-content\/uploads\/2025\/10\/petitecavelogo-removebg-preview.png","contentUrl":"https:\/\/petitecave.ch\/wp-content\/uploads\/2025\/10\/petitecavelogo-removebg-preview.png","width":800,"height":200,"caption":"La Petite Cave du Chablais S\u00e0rl"},"image":{"@id":"https:\/\/petitecave.ch\/#\/schema\/logo\/image\/"},"sameAs":["https:\/\/www.facebook.com\/LaPetiteCaveDuChablais","https:\/\/www.instagram.com\/lapetitecaveduchablais","https:\/\/www.linkedin.com\/company\/la-petite-cave-du-chablais"]}]}},"_links":{"self":[{"href":"https:\/\/petitecave.ch\/de\/wp-json\/wp\/v2\/product\/9699","targetHints":{"allow":["GET"]}}],"collection":[{"href":"https:\/\/petitecave.ch\/de\/wp-json\/wp\/v2\/product"}],"about":[{"href":"https:\/\/petitecave.ch\/de\/wp-json\/wp\/v2\/types\/product"}],"replies":[{"embeddable":true,"href":"https:\/\/petitecave.ch\/de\/wp-json\/wp\/v2\/comments?post=9699"}],"wp:featuredmedia":[{"embeddable":true,"href":"https:\/\/petitecave.ch\/de\/wp-json\/wp\/v2\/media\/13133"}],"wp:attachment":[{"href":"https:\/\/petitecave.ch\/de\/wp-json\/wp\/v2\/media?parent=9699"}],"wp:term":[{"taxonomy":"product_cat","embeddable":true,"href":"https:\/\/petitecave.ch\/de\/wp-json\/wp\/v2\/product_cat?post=9699"},{"taxonomy":"product_tag","embeddable":true,"href":"https:\/\/petitecave.ch\/de\/wp-json\/wp\/v2\/product_tag?post=9699"}],"curies":[{"name":"wp","href":"https:\/\/api.w.org\/{rel}","templated":true}]}}