{"id":9697,"date":"2025-10-28T10:47:08","date_gmt":"2025-10-28T10:47:08","guid":{"rendered":""},"modified":"2026-02-13T11:18:31","modified_gmt":"2026-02-13T10:18:31","slug":"grisette-triple-bio-25cl","status":"publish","type":"product","link":"https:\/\/petitecave.ch\/de\/product\/grisette-triple-bio-25cl\/","title":{"rendered":"Grisette Triple BIO 25cl"},"content":{"rendered":"<p><strong>Visuel :<\/strong> Robe\u00a0dor\u00e9e avec une fine mousse blanche<\/p>\n<p><strong>Nez :<\/strong> Ar\u00f4me de houblon et de citron\u00a0<\/p>\n<p><strong>Go\u00fbt :<\/strong> Saveurs houblonn\u00e9es rafra\u00eechissante<\/p>","protected":false},"excerpt":{"rendered":"<p><strong>Grisette Triple BIO &#8211; Brasserie St Feuillien\u00a0<\/strong><\/p>\n<p>\u00a0<\/p>\n<p><i>Appartenant \u00e0 la famille r\u00e9put\u00e9e des Triples belges, la Grisette Citra\u00ae Bio sans gluten se distingue par une personnalit\u00e9 bien singuli\u00e8re au nez et au go\u00fbt, faite d\u2019un m\u00e9lange unique de classicisme et de modernit\u00e9. Bi\u00e8re de haute fermentation, referment\u00e9e en bouteille, elle lib\u00e8re une palette subtile d\u2019ar\u00f4mes.\u00a0<\/i><\/p>\n<p>\u00a0<\/p>\n<p>\u00a0<\/p>","protected":false},"featured_media":13131,"comment_status":"open","ping_status":"closed","template":"","meta":[],"product_cat":[250],"product_tag":[],"class_list":{"0":"post-9697","1":"product","2":"type-product","3":"status-publish","4":"has-post-thumbnail","6":"product_cat-bieres","7":"pa_color-blonde","8":"pa_country-belgique","9":"pa_style-pale-ale","10":"product_deptype-0-30","11":"_wholesalex wsx-wholesalex-product","13":"first","14":"instock","15":"taxable","16":"shipping-taxable","17":"purchasable","18":"product-type-simple"},"_links":{"self":[{"href":"https:\/\/petitecave.ch\/de\/wp-json\/wp\/v2\/product\/9697","targetHints":{"allow":["GET"]}}],"collection":[{"href":"https:\/\/petitecave.ch\/de\/wp-json\/wp\/v2\/product"}],"about":[{"href":"https:\/\/petitecave.ch\/de\/wp-json\/wp\/v2\/types\/product"}],"replies":[{"embeddable":true,"href":"https:\/\/petitecave.ch\/de\/wp-json\/wp\/v2\/comments?post=9697"}],"wp:featuredmedia":[{"embeddable":true,"href":"https:\/\/petitecave.ch\/de\/wp-json\/wp\/v2\/media\/13131"}],"wp:attachment":[{"href":"https:\/\/petitecave.ch\/de\/wp-json\/wp\/v2\/media?parent=9697"}],"wp:term":[{"taxonomy":"product_cat","embeddable":true,"href":"https:\/\/petitecave.ch\/de\/wp-json\/wp\/v2\/product_cat?post=9697"},{"taxonomy":"product_tag","embeddable":true,"href":"https:\/\/petitecave.ch\/de\/wp-json\/wp\/v2\/product_tag?post=9697"}],"curies":[{"name":"wp","href":"https:\/\/api.w.org\/{rel}","templated":true}]}}